{"id":7526,"date":"2017-05-04T23:35:34","date_gmt":"2017-05-04T20:35:34","guid":{"rendered":"http:\/\/kokkolaopera.com\/?page_id=7526"},"modified":"2017-05-04T23:35:34","modified_gmt":"2017-05-04T20:35:34","slug":"michael-leibundgut-cv-sv","status":"publish","type":"page","link":"https:\/\/kokkolaopera.com\/sv\/michael-leibundgut-cv-sv\/","title":{"rendered":"Michael Leibundgut cv"},"content":{"rendered":"<div class=\"wpb-content-wrapper\"><p>[vc_row][vc_column][vc_column_text]<\/p>\n<h4 style=\"text-align: center;\">Michael Leibundgut<\/h4>\n<p>[\/vc_column_text][vc_single_image image=&#8221;7522&#8243; img_size=&#8221;full&#8221; alignment=&#8221;center&#8221;][vc_column_text]Den schweiziska basen Michael Leibundgut har etablerat sig som specialist p\u00e5 modern musik, speciellt den av Karlheinz Stockhausen. \u00c5r 2011 debuterade han i Sonntag aus Licht p\u00e5 Oper K\u00f6ln (La Fura dels Baus), \u00e5r 2012 i Donnerstag p\u00e5 Birmingham Opera (Graham Vick) och 2013 i Samstag med konsertserien Musica Viva och Symphonieorchester des Bayerischen Rundfunks under ledning av Ingo Metzmacher. Han har ocks\u00e5 sjungit Havona (den 14e timmen ur Klang) vid Musiktriennale K\u00f6ln. \u00c5r 2016 medverkade han i Donnerstag aus Licht i Basel tillsammans med bl.a. Anu Komsi och Peter Tantsits.<\/p>\n<p>Michael Leibundguts s\u00e4song 2013-14 inleddes med hans USA-debut i v\u00e4rldspremi\u00e4ren p\u00e5 Enjott Schneiders &#8221;Robert Schumanns Traumreise&#8221; p\u00e5 Symphony Space i New York med Yvonne Troxlers Glass Farm Ensemble. Senare \u00e5terv\u00e4nde han till Festival Maggio Musicale Fiorentino med nypremi\u00e4ren p\u00e5 &#8221;La Metamorfosi&#8221; av Silvia Colasanti och till Teatro La Fenice som Father Trulove i The Rake&#8217;s Progress. Under tidigare s\u00e4songer har Michael Leibundgut debuterat vid stora festivaler som Lucerne Festival i Georg Friedrich Haas opera Nacht, vid Festival Musica Strasbourg i Benedict Masons ChaplinOperas (med Ensemble Modern under ledning av Franck Ollu). Han framtr\u00e4dde p\u00e5 Teatro La Fenice i Luigi Nonos Intolleranza 1960 under ledning av Lothar Zagrosek och har medverkat i nyskrivna operor av Gregory Vajda (&#8221;Zauberberg&#8221;, Davos Festival), Luca Mosca (&#8221;Signo Goldoni&#8221;, Teatro La Fenice), Aureliano Cattaneo (&#8221;La philosophie dans le labyrinthe&#8221;, Klangforum Wien) och Andrez Lorenzo Scartazzini (&#8221;Wut&#8221;, Theater Erfurt).[\/vc_column_text][\/vc_column][\/vc_row][vc_row][vc_column width=&#8221;1\/2&#8243;][\/vc_column][vc_column width=&#8221;1\/2&#8243;][\/vc_column][\/vc_row]<\/p>\n<\/div>","protected":false},"excerpt":{"rendered":"<p>[vc_row][vc_column][vc_column_text] Michael Leibundgut [\/vc_column_text][vc_single_image image=&#8221;7522&#8243; img_size=&#8221;full&#8221; alignment=&#8221;center&#8221;][vc_column_text]Den schweiziska basen Michael Leibundgut har etablerat sig som specialist p\u00e5 modern musik, speciellt den av Karlheinz Stockhausen. \u00c5r 2011 debuterade han i Sonntag aus Licht p\u00e5 Oper K\u00f6ln (La Fura dels Baus), \u00e5r 2012 i Donnerstag p\u00e5 Birmingham Opera (Graham Vick) och 2013 i Samstag med konsertserien Musica &#8230; <a title=\"Michael Leibundgut cv\" class=\"read-more\" href=\"https:\/\/kokkolaopera.com\/sv\/michael-leibundgut-cv-sv\/\" aria-label=\"L\u00e4s mer om Michael Leibundgut cv\">L\u00e4s mer<\/a><\/p>\n","protected":false},"author":1,"featured_media":0,"parent":0,"menu_order":0,"comment_status":"closed","ping_status":"closed","template":"","meta":{"ngg_post_thumbnail":0,"footnotes":""},"class_list":["post-7526","page","type-page","status-publish"],"_links":{"self":[{"href":"https:\/\/kokkolaopera.com\/sv\/wp-json\/wp\/v2\/pages\/7526","targetHints":{"allow":["GET"]}}],"collection":[{"href":"https:\/\/kokkolaopera.com\/sv\/wp-json\/wp\/v2\/pages"}],"about":[{"href":"https:\/\/kokkolaopera.com\/sv\/wp-json\/wp\/v2\/types\/page"}],"author":[{"embeddable":true,"href":"https:\/\/kokkolaopera.com\/sv\/wp-json\/wp\/v2\/users\/1"}],"replies":[{"embeddable":true,"href":"https:\/\/kokkolaopera.com\/sv\/wp-json\/wp\/v2\/comments?post=7526"}],"version-history":[{"count":0,"href":"https:\/\/kokkolaopera.com\/sv\/wp-json\/wp\/v2\/pages\/7526\/revisions"}],"wp:attachment":[{"href":"https:\/\/kokkolaopera.com\/sv\/wp-json\/wp\/v2\/media?parent=7526"}],"curies":[{"name":"wp","href":"https:\/\/api.w.org\/{rel}","templated":true}]}}