{"id":7453,"date":"2017-04-26T11:57:50","date_gmt":"2017-04-26T08:57:50","guid":{"rendered":"http:\/\/kokkolaopera.com\/?page_id=7453"},"modified":"2017-04-26T11:57:50","modified_gmt":"2017-04-26T08:57:50","slug":"emma-raihala-cv-sv","status":"publish","type":"page","link":"https:\/\/kokkolaopera.com\/sv\/emma-raihala-cv-sv\/","title":{"rendered":"Emma R\u00e4ih\u00e4l\u00e4 cv"},"content":{"rendered":"<div class=\"wpb-content-wrapper\"><p>[vc_row][vc_column][vc_column_text]<\/p>\n<p style=\"text-align: center;\"><strong>Emma R\u00e4ih\u00e4l\u00e4<\/strong><\/p>\n<p>[\/vc_column_text][vc_single_image image=&#8221;7372&#8243; img_size=&#8221;full&#8221; alignment=&#8221;center&#8221;][vc_column_text]Sopran Emma R\u00e4ih\u00e4l\u00e4 (f.1996) studerar klassisk s\u00e5ng vid Yrkesh\u00f6gskolan Centria med Sirkka Haavisto som hennes l\u00e4rare. Hon har erlagt D-examen i klassisk piano \u00e5r 2014 med Judit Petyko som l\u00e4rare och D-examen i klassisk s\u00e5ng \u00e5r 2015 med Kirsi Koivisto som l\u00e4rare, b\u00e5da examen i Ylivieskan seudun musiikkiopisto. Hon har sjungit i ungdomsk\u00f6ren Fermaatti och i Mellersta-\u00d6sterbottens Kammark\u00f6r. \u00c5r 2016 b\u00f6rjade hon dirigera mansk\u00f6ren K\u00e4lvi\u00e4n Mieslaulajat. P\u00e5 v\u00e5ren 2017 sjunger hon som F\u00f6rsta Damen i Centrias och Novias Zauberfl\u00f6te-opera.[\/vc_column_text][\/vc_column][\/vc_row]<\/p>\n<\/div>","protected":false},"excerpt":{"rendered":"<p>[vc_row][vc_column][vc_column_text] Emma R\u00e4ih\u00e4l\u00e4 [\/vc_column_text][vc_single_image image=&#8221;7372&#8243; img_size=&#8221;full&#8221; alignment=&#8221;center&#8221;][vc_column_text]Sopran Emma R\u00e4ih\u00e4l\u00e4 (f.1996) studerar klassisk s\u00e5ng vid Yrkesh\u00f6gskolan Centria med Sirkka Haavisto som hennes l\u00e4rare. Hon har erlagt D-examen i klassisk piano \u00e5r 2014 med Judit Petyko som l\u00e4rare och D-examen i klassisk s\u00e5ng \u00e5r 2015 med Kirsi Koivisto som l\u00e4rare, b\u00e5da examen i Ylivieskan seudun musiikkiopisto. Hon &#8230; <a title=\"Emma R\u00e4ih\u00e4l\u00e4 cv\" class=\"read-more\" href=\"https:\/\/kokkolaopera.com\/sv\/emma-raihala-cv-sv\/\" aria-label=\"L\u00e4s mer om Emma R\u00e4ih\u00e4l\u00e4 cv\">L\u00e4s mer<\/a><\/p>\n","protected":false},"author":1,"featured_media":0,"parent":0,"menu_order":0,"comment_status":"closed","ping_status":"closed","template":"","meta":{"ngg_post_thumbnail":0,"footnotes":""},"class_list":["post-7453","page","type-page","status-publish"],"_links":{"self":[{"href":"https:\/\/kokkolaopera.com\/sv\/wp-json\/wp\/v2\/pages\/7453","targetHints":{"allow":["GET"]}}],"collection":[{"href":"https:\/\/kokkolaopera.com\/sv\/wp-json\/wp\/v2\/pages"}],"about":[{"href":"https:\/\/kokkolaopera.com\/sv\/wp-json\/wp\/v2\/types\/page"}],"author":[{"embeddable":true,"href":"https:\/\/kokkolaopera.com\/sv\/wp-json\/wp\/v2\/users\/1"}],"replies":[{"embeddable":true,"href":"https:\/\/kokkolaopera.com\/sv\/wp-json\/wp\/v2\/comments?post=7453"}],"version-history":[{"count":0,"href":"https:\/\/kokkolaopera.com\/sv\/wp-json\/wp\/v2\/pages\/7453\/revisions"}],"wp:attachment":[{"href":"https:\/\/kokkolaopera.com\/sv\/wp-json\/wp\/v2\/media?parent=7453"}],"curies":[{"name":"wp","href":"https:\/\/api.w.org\/{rel}","templated":true}]}}