{"id":7451,"date":"2017-04-26T11:55:41","date_gmt":"2017-04-26T08:55:41","guid":{"rendered":"http:\/\/kokkolaopera.com\/?page_id=7451"},"modified":"2017-04-26T11:55:41","modified_gmt":"2017-04-26T08:55:41","slug":"satu-maarit-huhtala-cv-sv","status":"publish","type":"page","link":"https:\/\/kokkolaopera.com\/sv\/satu-maarit-huhtala-cv-sv\/","title":{"rendered":"Satu-Maarit Huhtala cv"},"content":{"rendered":"<div class=\"wpb-content-wrapper\"><p>[vc_row][vc_column][vc_column_text]<\/p>\n<p style=\"text-align: center;\"><strong>Satu-Maarit Huhtala<br \/>\n<\/strong><\/p>\n<p>[\/vc_column_text][vc_single_image image=&#8221;7378&#8243; img_size=&#8221;full&#8221; alignment=&#8221;center&#8221;][vc_column_text]Satu-Maarit Huhtala \u00e4r en mezzosopran som bor i Karleby. Hon utexamineras som musikpedagog h\u00f6sten 2017 med Sirkka Haavisto som sin l\u00e4rare. Huhtala har studerat liedmusiken under ledning av Heikki Pellinen och Juho Alak\u00e4rpp\u00e4 bland andra och opera-arbete under ledning av Hannu Ilmolahti, S\u00f6ren Lillkung och Annika Myll\u00e4ri. Hon har ocks\u00e4 deltagit i Mari Palos och Reetta Ristim\u00e4kis m\u00e4sterkurser i s\u00e5ng.<\/p>\n<p>V\u00e5ren 2014 var Huhtala solist under premi\u00e4ren av \u201dPunainen\u201d; Kari Pappinens komposition f\u00f6r damk\u00f6r. V\u00e5ren 2015 upptr\u00e4dde hon som Meeri Kiho i premi\u00e4ren av musikalen \u201dOutolintu\u201d i komposition av Kari Pappinen och regi av Jukka-Pekka Rotko. Huhtala har ocks\u00e5 sjungit som altsolist i Giovanni&nbsp; Battista Pergolesis Stabat Mater och har deltagit i operaproduktioner vid West Coast Kokkola Opera och Ilmajoen Musiikkijuhlat.[\/vc_column_text][\/vc_column][\/vc_row]<\/p>\n<\/div>","protected":false},"excerpt":{"rendered":"<p>[vc_row][vc_column][vc_column_text] Satu-Maarit Huhtala [\/vc_column_text][vc_single_image image=&#8221;7378&#8243; img_size=&#8221;full&#8221; alignment=&#8221;center&#8221;][vc_column_text]Satu-Maarit Huhtala \u00e4r en mezzosopran som bor i Karleby. Hon utexamineras som musikpedagog h\u00f6sten 2017 med Sirkka Haavisto som sin l\u00e4rare. Huhtala har studerat liedmusiken under ledning av Heikki Pellinen och Juho Alak\u00e4rpp\u00e4 bland andra och opera-arbete under ledning av Hannu Ilmolahti, S\u00f6ren Lillkung och Annika Myll\u00e4ri. Hon har &#8230; <a title=\"Satu-Maarit Huhtala cv\" class=\"read-more\" href=\"https:\/\/kokkolaopera.com\/sv\/satu-maarit-huhtala-cv-sv\/\" aria-label=\"L\u00e4s mer om Satu-Maarit Huhtala cv\">L\u00e4s mer<\/a><\/p>\n","protected":false},"author":1,"featured_media":0,"parent":0,"menu_order":0,"comment_status":"closed","ping_status":"closed","template":"","meta":{"ngg_post_thumbnail":0,"footnotes":""},"class_list":["post-7451","page","type-page","status-publish"],"_links":{"self":[{"href":"https:\/\/kokkolaopera.com\/sv\/wp-json\/wp\/v2\/pages\/7451","targetHints":{"allow":["GET"]}}],"collection":[{"href":"https:\/\/kokkolaopera.com\/sv\/wp-json\/wp\/v2\/pages"}],"about":[{"href":"https:\/\/kokkolaopera.com\/sv\/wp-json\/wp\/v2\/types\/page"}],"author":[{"embeddable":true,"href":"https:\/\/kokkolaopera.com\/sv\/wp-json\/wp\/v2\/users\/1"}],"replies":[{"embeddable":true,"href":"https:\/\/kokkolaopera.com\/sv\/wp-json\/wp\/v2\/comments?post=7451"}],"version-history":[{"count":0,"href":"https:\/\/kokkolaopera.com\/sv\/wp-json\/wp\/v2\/pages\/7451\/revisions"}],"wp:attachment":[{"href":"https:\/\/kokkolaopera.com\/sv\/wp-json\/wp\/v2\/media?parent=7451"}],"curies":[{"name":"wp","href":"https:\/\/api.w.org\/{rel}","templated":true}]}}