{"id":7446,"date":"2017-04-26T11:49:46","date_gmt":"2017-04-26T08:49:46","guid":{"rendered":"http:\/\/kokkolaopera.com\/?page_id=7446"},"modified":"2017-04-26T11:49:46","modified_gmt":"2017-04-26T08:49:46","slug":"tuiki-latvala-cv-sv","status":"publish","type":"page","link":"https:\/\/kokkolaopera.com\/sv\/tuiki-latvala-cv-sv\/","title":{"rendered":"Tuiki Latvala cv"},"content":{"rendered":"<div class=\"wpb-content-wrapper\"><p>[vc_row][vc_column][vc_column_text]<\/p>\n<p style=\"text-align: center;\"><strong>Tuiki Latvala<br \/>\n<\/strong><\/p>\n<p>[\/vc_column_text][vc_single_image image=&#8221;7379&#8243; img_size=&#8221;full&#8221; alignment=&#8221;center&#8221;][vc_column_text]Tuiki Latvala (f. 1991) har studerat violin vid Tammerfors yrkesh\u00f6gskola f\u00f6r Ari Angervo och Sirkka-Liisa Kaakinen-Pilch. Hon blev f\u00e4rdig med sina violinstudier i december 2015. Nu studerar Latvala klassisk s\u00e5ng vid Tammerfors konservatorium under ledning av Tarja M\u00e4ki-Latvala f\u00f6r andra \u00e5ret. Latvala har ocks\u00e5 varit en ivrig k\u00f6rs\u00e5ngare allt sedan hon som 10-\u00e5ring blev medlem av Kokkolan nuorisokuoro med Kari Pappinen som dirigent. D\u00e4refter har hon varit med i Kammark\u00f6r N\u00e4si och professionella kammark\u00f6ren Tampere Cappella, med Markus Yli-Jokipii som dirigent. Sommaren 2016 var Latvala del av Tenso Europe Kammak\u00f6r, som blev dirigerad av Kaspars Putnins och Paul Hillier. Den \u00e4r en utbildningsk\u00f6r f\u00f6r unga professionella k\u00f6rs\u00e5ngare och \u00e4r organiserad av n\u00e4tverket f\u00f6r Europeiska professionella k\u00f6rer, Tenso.[\/vc_column_text][\/vc_column][\/vc_row]<\/p>\n<\/div>","protected":false},"excerpt":{"rendered":"<p>[vc_row][vc_column][vc_column_text] Tuiki Latvala [\/vc_column_text][vc_single_image image=&#8221;7379&#8243; img_size=&#8221;full&#8221; alignment=&#8221;center&#8221;][vc_column_text]Tuiki Latvala (f. 1991) har studerat violin vid Tammerfors yrkesh\u00f6gskola f\u00f6r Ari Angervo och Sirkka-Liisa Kaakinen-Pilch. Hon blev f\u00e4rdig med sina violinstudier i december 2015. Nu studerar Latvala klassisk s\u00e5ng vid Tammerfors konservatorium under ledning av Tarja M\u00e4ki-Latvala f\u00f6r andra \u00e5ret. Latvala har ocks\u00e5 varit en ivrig k\u00f6rs\u00e5ngare allt &#8230; <a title=\"Tuiki Latvala cv\" class=\"read-more\" href=\"https:\/\/kokkolaopera.com\/sv\/tuiki-latvala-cv-sv\/\" aria-label=\"L\u00e4s mer om Tuiki Latvala cv\">L\u00e4s mer<\/a><\/p>\n","protected":false},"author":1,"featured_media":0,"parent":0,"menu_order":0,"comment_status":"closed","ping_status":"closed","template":"","meta":{"ngg_post_thumbnail":0,"footnotes":""},"class_list":["post-7446","page","type-page","status-publish"],"_links":{"self":[{"href":"https:\/\/kokkolaopera.com\/sv\/wp-json\/wp\/v2\/pages\/7446","targetHints":{"allow":["GET"]}}],"collection":[{"href":"https:\/\/kokkolaopera.com\/sv\/wp-json\/wp\/v2\/pages"}],"about":[{"href":"https:\/\/kokkolaopera.com\/sv\/wp-json\/wp\/v2\/types\/page"}],"author":[{"embeddable":true,"href":"https:\/\/kokkolaopera.com\/sv\/wp-json\/wp\/v2\/users\/1"}],"replies":[{"embeddable":true,"href":"https:\/\/kokkolaopera.com\/sv\/wp-json\/wp\/v2\/comments?post=7446"}],"version-history":[{"count":0,"href":"https:\/\/kokkolaopera.com\/sv\/wp-json\/wp\/v2\/pages\/7446\/revisions"}],"wp:attachment":[{"href":"https:\/\/kokkolaopera.com\/sv\/wp-json\/wp\/v2\/media?parent=7446"}],"curies":[{"name":"wp","href":"https:\/\/api.w.org\/{rel}","templated":true}]}}