{"id":7443,"date":"2017-04-26T11:47:33","date_gmt":"2017-04-26T08:47:33","guid":{"rendered":"http:\/\/kokkolaopera.com\/?page_id=7443"},"modified":"2017-04-26T11:47:33","modified_gmt":"2017-04-26T08:47:33","slug":"sanna-iljin-cv-sv","status":"publish","type":"page","link":"https:\/\/kokkolaopera.com\/sv\/sanna-iljin-cv-sv\/","title":{"rendered":"Sanna Iljin cv"},"content":{"rendered":"<div class=\"wpb-content-wrapper\"><p>[vc_row][vc_column][vc_column_text]<\/p>\n<p style=\"text-align: center;\"><strong>Sanna Iljin<br \/>\n<\/strong><\/p>\n<p>[\/vc_column_text][vc_single_image image=&#8221;7377&#8243; img_size=&#8221;full&#8221; alignment=&#8221;center&#8221;][vc_column_text]Sanna Iljin (1991) \u00e4r en sopran, som studerar vid Helsingfors konservatorium f\u00f6r Hanna-Leena Haapam\u00e4ki. Sanna har ocks\u00e5 studerat f\u00f6r Jenni L\u00e4ttil\u00e4 vid Sibelius-Akademin. Hon har sjungit Miisas roll i Ilkka Kuusistos Muminopera p\u00e5 vinter 2017 och ska sjunga Vallettos roll p\u00e5 h\u00f6sten 2017 i Monteverdis opera Kr\u00f6ning av Poppea i en produktion av Opera BOX.[\/vc_column_text][\/vc_column][\/vc_row]<\/p>\n<\/div>","protected":false},"excerpt":{"rendered":"<p>[vc_row][vc_column][vc_column_text] Sanna Iljin [\/vc_column_text][vc_single_image image=&#8221;7377&#8243; img_size=&#8221;full&#8221; alignment=&#8221;center&#8221;][vc_column_text]Sanna Iljin (1991) \u00e4r en sopran, som studerar vid Helsingfors konservatorium f\u00f6r Hanna-Leena Haapam\u00e4ki. Sanna har ocks\u00e5 studerat f\u00f6r Jenni L\u00e4ttil\u00e4 vid Sibelius-Akademin. Hon har sjungit Miisas roll i Ilkka Kuusistos Muminopera p\u00e5 vinter 2017 och ska sjunga Vallettos roll p\u00e5 h\u00f6sten 2017 i Monteverdis opera Kr\u00f6ning av Poppea &#8230; <a title=\"Sanna Iljin cv\" class=\"read-more\" href=\"https:\/\/kokkolaopera.com\/sv\/sanna-iljin-cv-sv\/\" aria-label=\"L\u00e4s mer om Sanna Iljin cv\">L\u00e4s mer<\/a><\/p>\n","protected":false},"author":1,"featured_media":0,"parent":0,"menu_order":0,"comment_status":"closed","ping_status":"closed","template":"","meta":{"ngg_post_thumbnail":0,"footnotes":""},"class_list":["post-7443","page","type-page","status-publish"],"_links":{"self":[{"href":"https:\/\/kokkolaopera.com\/sv\/wp-json\/wp\/v2\/pages\/7443","targetHints":{"allow":["GET"]}}],"collection":[{"href":"https:\/\/kokkolaopera.com\/sv\/wp-json\/wp\/v2\/pages"}],"about":[{"href":"https:\/\/kokkolaopera.com\/sv\/wp-json\/wp\/v2\/types\/page"}],"author":[{"embeddable":true,"href":"https:\/\/kokkolaopera.com\/sv\/wp-json\/wp\/v2\/users\/1"}],"replies":[{"embeddable":true,"href":"https:\/\/kokkolaopera.com\/sv\/wp-json\/wp\/v2\/comments?post=7443"}],"version-history":[{"count":0,"href":"https:\/\/kokkolaopera.com\/sv\/wp-json\/wp\/v2\/pages\/7443\/revisions"}],"wp:attachment":[{"href":"https:\/\/kokkolaopera.com\/sv\/wp-json\/wp\/v2\/media?parent=7443"}],"curies":[{"name":"wp","href":"https:\/\/api.w.org\/{rel}","templated":true}]}}