{"id":7440,"date":"2017-04-26T11:44:32","date_gmt":"2017-04-26T08:44:32","guid":{"rendered":"http:\/\/kokkolaopera.com\/?page_id=7440"},"modified":"2017-04-26T11:44:32","modified_gmt":"2017-04-26T08:44:32","slug":"iris-hernandez-toppari-cv-sv","status":"publish","type":"page","link":"https:\/\/kokkolaopera.com\/sv\/iris-hernandez-toppari-cv-sv\/","title":{"rendered":"Iris Hern\u00e1ndez Toppari cv"},"content":{"rendered":"<div class=\"wpb-content-wrapper\"><p>[vc_row][vc_column][vc_column_text]<\/p>\n<p style=\"text-align: center;\"><strong>Iris Hern\u00e1ndez Toppari<\/strong><\/p>\n<p>[\/vc_column_text][vc_single_image image=&#8221;7374&#8243; img_size=&#8221;full&#8221; alignment=&#8221;center&#8221;][vc_column_text]Iris Hern\u00e1ndez Toppari \u00e4r en 21- \u00e5ring sopran, som studerar vid Sibelius Akademin f\u00f6r Annika Ollinkari. Studentexamen avlade hon vid Sibelius-gymnasiets musiklinje. Vid Sibelius Akademin har hon deltagit i diverse mestarkurser och produktioner, bl. a. m\u00e4starkurs med Soile Isokoski, W.A Mozarts opera &#8221;Figaros Br\u00f6llop&#8221; v\u00e5ren 2016 d\u00e4r hon medverkade i k\u00f6rensemblen och i Sibelius Akademins kapellm\u00e4starlinjes konsertversion av &#8221;Trollfl\u00f6jten&#8221; i samarbete med avdelningen f\u00f6r klassisk s\u00e5ng h\u00f6sten 2016, samt en Stephen Sondheim &#8211; musikalproduktion.<\/p>\n<p>Hern\u00e1ndez Toppari har mottagit stipendier fr\u00e5n bl. a. Sibelius Akademins fond och deltog sommaren 2016 i &#8221;Saltvik sjunger och l\u00e4r&#8221; d\u00e4r hon deltog i Kirsi Tiihonens och Kristian Attilas m\u00e4starkurs.[\/vc_column_text][\/vc_column][\/vc_row]<\/p>\n<\/div>","protected":false},"excerpt":{"rendered":"<p>[vc_row][vc_column][vc_column_text] Iris Hern\u00e1ndez Toppari [\/vc_column_text][vc_single_image image=&#8221;7374&#8243; img_size=&#8221;full&#8221; alignment=&#8221;center&#8221;][vc_column_text]Iris Hern\u00e1ndez Toppari \u00e4r en 21- \u00e5ring sopran, som studerar vid Sibelius Akademin f\u00f6r Annika Ollinkari. Studentexamen avlade hon vid Sibelius-gymnasiets musiklinje. Vid Sibelius Akademin har hon deltagit i diverse mestarkurser och produktioner, bl. a. m\u00e4starkurs med Soile Isokoski, W.A Mozarts opera &#8221;Figaros Br\u00f6llop&#8221; v\u00e5ren 2016 d\u00e4r hon &#8230; <a title=\"Iris Hern\u00e1ndez Toppari cv\" class=\"read-more\" href=\"https:\/\/kokkolaopera.com\/sv\/iris-hernandez-toppari-cv-sv\/\" aria-label=\"L\u00e4s mer om Iris Hern\u00e1ndez Toppari cv\">L\u00e4s mer<\/a><\/p>\n","protected":false},"author":1,"featured_media":0,"parent":0,"menu_order":0,"comment_status":"closed","ping_status":"closed","template":"","meta":{"ngg_post_thumbnail":0,"footnotes":""},"class_list":["post-7440","page","type-page","status-publish"],"_links":{"self":[{"href":"https:\/\/kokkolaopera.com\/sv\/wp-json\/wp\/v2\/pages\/7440","targetHints":{"allow":["GET"]}}],"collection":[{"href":"https:\/\/kokkolaopera.com\/sv\/wp-json\/wp\/v2\/pages"}],"about":[{"href":"https:\/\/kokkolaopera.com\/sv\/wp-json\/wp\/v2\/types\/page"}],"author":[{"embeddable":true,"href":"https:\/\/kokkolaopera.com\/sv\/wp-json\/wp\/v2\/users\/1"}],"replies":[{"embeddable":true,"href":"https:\/\/kokkolaopera.com\/sv\/wp-json\/wp\/v2\/comments?post=7440"}],"version-history":[{"count":0,"href":"https:\/\/kokkolaopera.com\/sv\/wp-json\/wp\/v2\/pages\/7440\/revisions"}],"wp:attachment":[{"href":"https:\/\/kokkolaopera.com\/sv\/wp-json\/wp\/v2\/media?parent=7440"}],"curies":[{"name":"wp","href":"https:\/\/api.w.org\/{rel}","templated":true}]}}