{"id":7437,"date":"2017-04-26T11:37:25","date_gmt":"2017-04-26T08:37:25","guid":{"rendered":"http:\/\/kokkolaopera.com\/?page_id=7437"},"modified":"2017-04-26T11:37:25","modified_gmt":"2017-04-26T08:37:25","slug":"filip-rosengren-cv-sv","status":"publish","type":"page","link":"https:\/\/kokkolaopera.com\/sv\/filip-rosengren-cv-sv\/","title":{"rendered":"Filip Rosengren cv"},"content":{"rendered":"<div class=\"wpb-content-wrapper\"><p>[vc_row][vc_column][vc_column_text]<\/p>\n<h4 style=\"text-align: center;\">Filip Rosengren<\/h4>\n<p>[\/vc_column_text][vc_single_image image=&#8221;7373&#8243; img_size=&#8221;full&#8221; alignment=&#8221;center&#8221;][vc_column_text]Mitt namn \u00e4r Filip Rosengren, 23 \u00e5r gammal och kommer fr\u00e5n Helsingfors. Jag \u00e4r s\u00e5ngstuderande p\u00e5 Yrkesakademin i Jakobstad och g\u00e5r mitt tredje och sista \u00e5r p\u00e5 rytmmusikerlinjen. Jag har studerat rytms\u00e5ng i 4 \u00e5r men har \u00e4ven h\u00e5llit p\u00e5 med klassisks\u00e5ng i snart 2 \u00e5r. Mina s\u00e5ngl\u00e4rare \u00e4r Christine Sten (Rytm) och S\u00f6ren Lillkung (Klassiskt).<\/p>\n<p>Jag har alltid \u00e4lskat musik och teater och jag har hunnit med en hel del under en tidsperiod p\u00e5 10 \u00e5r. Produktioner jag har varit med i \u00e4r \u201d En midsommarnattsdr\u00f6m\u201d av Vanda Sommarteater 2009 som \u201dLysander\u201d,&nbsp; \u201dRent\u201d av TaDaM i Helsingfors 2012 som \u201dRoger\u201d, i k\u00f6ren i ett projekt vid namn\u201dMovies and Musicals\u201d som var en konsert med Nick Davies 2015 i Jakobstad, Rosenbaum i \u201dNatten \u00e4r \u00e4nnu ung\u201d 2015 Jakobstad, \u201dDie Zauberfl\u00f6te\u201d 2017 Jakobstad som \u201dTamino\u201d.<\/p>\n<p>Jag har \u00e4ven upptr\u00e4tt p\u00e5 konserter med l\u00e5tar fr\u00e5n verk som: Les Miserable, Jesus Christ Superstar och Miss Saigon.[\/vc_column_text][\/vc_column][\/vc_row][vc_row][vc_column width=&#8221;1\/2&#8243;][\/vc_column][vc_column width=&#8221;1\/2&#8243;][\/vc_column][\/vc_row]<\/p>\n<\/div>","protected":false},"excerpt":{"rendered":"<p>[vc_row][vc_column][vc_column_text] Filip Rosengren [\/vc_column_text][vc_single_image image=&#8221;7373&#8243; img_size=&#8221;full&#8221; alignment=&#8221;center&#8221;][vc_column_text]Mitt namn \u00e4r Filip Rosengren, 23 \u00e5r gammal och kommer fr\u00e5n Helsingfors. Jag \u00e4r s\u00e5ngstuderande p\u00e5 Yrkesakademin i Jakobstad och g\u00e5r mitt tredje och sista \u00e5r p\u00e5 rytmmusikerlinjen. Jag har studerat rytms\u00e5ng i 4 \u00e5r men har \u00e4ven h\u00e5llit p\u00e5 med klassisks\u00e5ng i snart 2 \u00e5r. Mina s\u00e5ngl\u00e4rare \u00e4r &#8230; <a title=\"Filip Rosengren cv\" class=\"read-more\" href=\"https:\/\/kokkolaopera.com\/sv\/filip-rosengren-cv-sv\/\" aria-label=\"L\u00e4s mer om Filip Rosengren cv\">L\u00e4s mer<\/a><\/p>\n","protected":false},"author":1,"featured_media":0,"parent":0,"menu_order":0,"comment_status":"closed","ping_status":"closed","template":"","meta":{"ngg_post_thumbnail":0,"footnotes":""},"class_list":["post-7437","page","type-page","status-publish"],"_links":{"self":[{"href":"https:\/\/kokkolaopera.com\/sv\/wp-json\/wp\/v2\/pages\/7437","targetHints":{"allow":["GET"]}}],"collection":[{"href":"https:\/\/kokkolaopera.com\/sv\/wp-json\/wp\/v2\/pages"}],"about":[{"href":"https:\/\/kokkolaopera.com\/sv\/wp-json\/wp\/v2\/types\/page"}],"author":[{"embeddable":true,"href":"https:\/\/kokkolaopera.com\/sv\/wp-json\/wp\/v2\/users\/1"}],"replies":[{"embeddable":true,"href":"https:\/\/kokkolaopera.com\/sv\/wp-json\/wp\/v2\/comments?post=7437"}],"version-history":[{"count":0,"href":"https:\/\/kokkolaopera.com\/sv\/wp-json\/wp\/v2\/pages\/7437\/revisions"}],"wp:attachment":[{"href":"https:\/\/kokkolaopera.com\/sv\/wp-json\/wp\/v2\/media?parent=7437"}],"curies":[{"name":"wp","href":"https:\/\/api.w.org\/{rel}","templated":true}]}}