{"id":7426,"date":"2017-04-26T11:15:20","date_gmt":"2017-04-26T08:15:20","guid":{"rendered":"http:\/\/kokkolaopera.com\/?page_id=7426"},"modified":"2017-04-26T20:32:35","modified_gmt":"2017-04-26T17:32:35","slug":"herman-wallen-cv-sv","status":"publish","type":"page","link":"https:\/\/kokkolaopera.com\/sv\/herman-wallen-cv-sv\/","title":{"rendered":"Herman Wallen cv"},"content":{"rendered":"<div class=\"wpb-content-wrapper\"><p>[vc_row][vc_column][vc_column_text]<\/p>\n<h4 style=\"text-align: center;\">Herman Wall\u00e9n<\/h4>\n<p>[\/vc_column_text][vc_single_image image=&#8221;7309&#8243; img_size=&#8221;full&#8221; alignment=&#8221;center&#8221;][vc_column_text]Den finlandssvenska tenoren Herman Wall\u00e9n inledde sina studier p\u00e5 Staaliche Musikhochschule Karlsruhe i s\u00e5ngklassen av prof. Roland Hermann. Han studerade \u00e4ven i liedklassen av prof. Hartmut H\u00f6ll och prof. Mitsuko Shirai. F\u00f6r tillf\u00e4llet \u00e4r Herman Wall\u00e9n doktorand vid Sibelius-Akademins DocMus-avdelning (konstn\u00e4rlig utbildning).<\/p>\n<p>Efter att Herman Wall\u00e9n vann 1.priset i Villmanstrands s\u00e5ngt\u00e4vling 1998 och Hugo-Wolf-Akademins internationella liedt\u00e4vling i Stuttgart 2001 debuterade han 2002 som Figaro i <em>Barberaren fr\u00e5n Sevilla<\/em> av Rossini p\u00e5 Komische Oper Berlin. Fr\u00e5n 2002\u20132004 var Herman Wall\u00e9n engagerad i ensemblen av Komische Oper Berlin och fr\u00e5n 2004\u20132007 i ensemblen av Oper Leipzig. Vidare engagemang har han haft som operas\u00e5ngare i Schwerin, Amsterdam, Genua, M\u00fcnchen, Dessau och \u00e5ter igen p\u00e5 Komische Oper och p\u00e5 Oper Leipzig.<\/p>\n<p>Han har arbetat med renommerade dirigenter som t.ex. Riccardo Chailly, Carlo Rizzi, Sakari Oramo, Paolo Carignani, Hannu Lintu, Michail Jurowski, Stefan Solyom, Marek Janowski, Wolfgang Sawallisch, Kirill Petrenko, Okko Kamu och Lothar Zagrosek.<\/p>\n<p>Herman Wall\u00e9n har konserterat med Wiener Philharmoniker, Helsingfors Filharmoniska Orkester, Radio Symfoniorkestern Helsingfors, Helsingborgs Symfoniorkester, Berlins Radiosymfoniorkester RBB, NDR Orkestern, Deutsches Sinfonieorchester Berlin, Staatsphilharmonie Baden-W\u00fcrttemberg, Helsingfors Barockorkester och Avanti! \u2013Kammarorkestern och arbetat med renommerade pianister s\u00e5 som prof. Gustav Djupsj\u00f6backa, Juhani Lagerspetz, prof. Henri Sigfridsson,&nbsp; prof. Tuija Hakkila-Helasvuo och Wolfgang Sawallisch. Som operas\u00e5ngare har han upptr\u00e4tt med ber\u00f6mda s\u00e5ngare s\u00e5 som Anna Netrebko, Thomas Hampson, Rolando Villazon och Jonas Kaufmann.<\/p>\n<p>2005 debuterade Herman Wall\u00e9n som Marchese d&#8217;Obigny i Verdis <em>La Traviata<\/em> p\u00e5 Salzburger Festspiele. Denna produktion blev bandad f\u00f6r DVD och CD av Deutsche Grammophon. Vidare bandningar med Herman Wall\u00e9n har uppst\u00e5tt f\u00f6r skivbolagen Ondine, JPC, Alba, Wergo och Claves.[\/vc_column_text][\/vc_column][\/vc_row]<\/p>\n<\/div>","protected":false},"excerpt":{"rendered":"<p>[vc_row][vc_column][vc_column_text] Herman Wall\u00e9n [\/vc_column_text][vc_single_image image=&#8221;7309&#8243; img_size=&#8221;full&#8221; alignment=&#8221;center&#8221;][vc_column_text]Den finlandssvenska tenoren Herman Wall\u00e9n inledde sina studier p\u00e5 Staaliche Musikhochschule Karlsruhe i s\u00e5ngklassen av prof. Roland Hermann. Han studerade \u00e4ven i liedklassen av prof. Hartmut H\u00f6ll och prof. Mitsuko Shirai. F\u00f6r tillf\u00e4llet \u00e4r Herman Wall\u00e9n doktorand vid Sibelius-Akademins DocMus-avdelning (konstn\u00e4rlig utbildning). Efter att Herman Wall\u00e9n vann 1.priset i &#8230; <a title=\"Herman Wallen cv\" class=\"read-more\" href=\"https:\/\/kokkolaopera.com\/sv\/herman-wallen-cv-sv\/\" aria-label=\"L\u00e4s mer om Herman Wallen cv\">L\u00e4s mer<\/a><\/p>\n","protected":false},"author":1,"featured_media":0,"parent":0,"menu_order":0,"comment_status":"closed","ping_status":"closed","template":"","meta":{"ngg_post_thumbnail":0,"footnotes":""},"class_list":["post-7426","page","type-page","status-publish"],"_links":{"self":[{"href":"https:\/\/kokkolaopera.com\/sv\/wp-json\/wp\/v2\/pages\/7426","targetHints":{"allow":["GET"]}}],"collection":[{"href":"https:\/\/kokkolaopera.com\/sv\/wp-json\/wp\/v2\/pages"}],"about":[{"href":"https:\/\/kokkolaopera.com\/sv\/wp-json\/wp\/v2\/types\/page"}],"author":[{"embeddable":true,"href":"https:\/\/kokkolaopera.com\/sv\/wp-json\/wp\/v2\/users\/1"}],"replies":[{"embeddable":true,"href":"https:\/\/kokkolaopera.com\/sv\/wp-json\/wp\/v2\/comments?post=7426"}],"version-history":[{"count":0,"href":"https:\/\/kokkolaopera.com\/sv\/wp-json\/wp\/v2\/pages\/7426\/revisions"}],"wp:attachment":[{"href":"https:\/\/kokkolaopera.com\/sv\/wp-json\/wp\/v2\/media?parent=7426"}],"curies":[{"name":"wp","href":"https:\/\/api.w.org\/{rel}","templated":true}]}}