{"id":7424,"date":"2017-04-26T11:12:54","date_gmt":"2017-04-26T08:12:54","guid":{"rendered":"http:\/\/kokkolaopera.com\/?page_id=7424"},"modified":"2017-04-26T20:27:45","modified_gmt":"2017-04-26T17:27:45","slug":"anna-palimina-cv-sv","status":"publish","type":"page","link":"https:\/\/kokkolaopera.com\/sv\/anna-palimina-cv-sv\/","title":{"rendered":"Anna Palimina cv"},"content":{"rendered":"<div class=\"wpb-content-wrapper\"><p>[vc_row][vc_column][vc_column_text]<\/p>\n<h4 style=\"text-align: center;\">Anna Palimina<\/h4>\n<p>[\/vc_column_text][vc_single_image image=&#8221;7306&#8243; img_size=&#8221;full&#8221; alignment=&#8221;center&#8221;][vc_column_text]N\u00e4r Moldaviska koloratursopranen Anna Palimina (f. 1979) kom till Tyskland \u00e5r 2001 hade hon redan en examen i piano fr\u00e5n Universitetet i Chisnau. Ett \u00e5r senare b\u00f6rjade hon sina s\u00e5ngstudier f\u00f6r Christiane Hossfeld vid Carl Maria von Weber -Musikakademin. Tv\u00e5 priser banade v\u00e4gen till operascenerna. Ett stipendium av Tysklands musikr\u00e5d samt 2:a plats i Bundeswettbewerb Gesang -t\u00e4vlingen \u00e5r 2006.<\/p>\n<p>Hennes st\u00f6rsta roller \u00e4r Servilia, La clemenza di Tito (Mozart) som hon sj\u00f6ng vid Hans-Otto Theatre i Potsdam samt Nora, Majakowskis Tod som hon tolkade vid Stadsteatern i M\u00fcnchen. \u00d6vriga roller \u00e4r bl.a.&nbsp; Blondchen, Die Entf\u00fchrung aus dem Serail, Papagena och Nattens Drottning, Trollfl\u00f6jten, samt Olympia i Offenbachs&nbsp; Les contes d&#8217;Hoffmann.<\/p>\n<p>Som konsertsolist har hon sjungit med NDR Symphony Orchestra samt Sinfonieorchester des Bayerischen Rundfunk. Hon har \u00e4ven upptr\u00e4tt i Frankrike, Spanien, Tyskland och Marocko. Repertoaren har str\u00e4ckt sig fr\u00e5n Barock till modern. Hon har \u00e4ven sjngit med Dresdner Musiktage, the Philharmonics Dresdensamt vid Br\u00fchls Haydn Festival.<br \/>\nHon har \u00e4ven arbetat med m\u00e5nga topkapellm\u00e4stare. Bl.a. Herbert Blomstedt, Attilio Cremonesi, Thomas Dausgaard, Theodor Guschelbauer, Konrad Jungh\u00e4nel, Johannes Kalitzke, Ekkhard Klemm, Peter Rundel , Steven Sloane , Andreas och Christoph Spering samt Markus Stenz. Hon har \u00e4ven upptr\u00e4tt med fler recitaler.<\/p>\n<p>2009\/2010 var Palimina en del av ensemblen vid operan i Cologne. Hon s\u00e5gs i ett flertal roller, bl.a. mor\/ Orfeo ed Euridice, Voce dal Cielo\/ Don Carlo, Sierva Maria P\u00e9ter E\u00f6tv\u00f6s&#8217; Love and other Demons, Olympia\/ Les Contes d\u2019Hoffmann, Gilda\/ Rigoletto, Zerbinetta\/ Ariadne auf Naxos, Blonde, Konstanze\/ Entf\u00fchrung aus dem Serail, Blumenm\u00e4dchen\/ Parsifal och i Karlheinz Stockhausenin Sonntag aus Licht. Fr\u00e5n 2013\/2014 har hon varit frilans men \u00e5terv\u00e4nder ofta till Cologne var hon \u00e4ven sjungit Morgana\/ Alcina samt i premi\u00e4ren av Adina L\u2019elisir d\u2019amore. Detta spel\u00e5r kommer hon \u00e5ter att sjunga Pamina i Trollfl\u00f6jten samt Zdenka i Arabella.<\/p>\n<p>Hon g\u00e4stade \u00e4ven Stuttgarts Opera var hon gjorde debut som Adele i L\u00e4derlappen i regi av Philipp St\u00f6ltz. I Teatro Petruzzelli i Bari bestod rollerna av Waldvogel, Siegfried samt p\u00e5 Nacional Theatre Prague var hon sj\u00f6ng Ariste i L&#8217;Olimpade. Hon sjunger \u00e4ven 4 kvinnoroller i Hoffmanns Erz\u00e4hlungen vid State Theatre Wiesbadenissa.<\/p>\n<p>Till hennes konsertserier h\u00f6r bl.a. Dresdner Kreuzchor (Johannespassionen), the Collegium Novum Z\u00fcrich (Claude Viviers: Trois Airs), Basel Sinfonietta, Salzburg Festival (Gerard Grisey: L\u2019icone Paradoxal), the G\u00fcrzenich-Orchestra Cologne (Mater Gloriosa\/ Mahler Sinfonie Nr. 8), the Beethoven Orchester Bonn (Joseph Haydn: Die Sch\u00f6pfung), the Radio Orchestra and Choir RTVE Madridissa (Szymanovski Stabat Mater Op. 53) Hon sjunger \u00e4ven Rihms 3 symfoni i Amsterdams Concertgebouw.[\/vc_column_text][\/vc_column][\/vc_row][vc_row][vc_column width=&#8221;1\/2&#8243;][\/vc_column][vc_column width=&#8221;1\/2&#8243;][\/vc_column][\/vc_row]<\/p>\n<\/div>","protected":false},"excerpt":{"rendered":"<p>[vc_row][vc_column][vc_column_text] Anna Palimina [\/vc_column_text][vc_single_image image=&#8221;7306&#8243; img_size=&#8221;full&#8221; alignment=&#8221;center&#8221;][vc_column_text]N\u00e4r Moldaviska koloratursopranen Anna Palimina (f. 1979) kom till Tyskland \u00e5r 2001 hade hon redan en examen i piano fr\u00e5n Universitetet i Chisnau. Ett \u00e5r senare b\u00f6rjade hon sina s\u00e5ngstudier f\u00f6r Christiane Hossfeld vid Carl Maria von Weber -Musikakademin. Tv\u00e5 priser banade v\u00e4gen till operascenerna. Ett stipendium av Tysklands &#8230; <a title=\"Anna Palimina cv\" class=\"read-more\" href=\"https:\/\/kokkolaopera.com\/sv\/anna-palimina-cv-sv\/\" aria-label=\"L\u00e4s mer om Anna Palimina cv\">L\u00e4s mer<\/a><\/p>\n","protected":false},"author":1,"featured_media":0,"parent":0,"menu_order":0,"comment_status":"closed","ping_status":"closed","template":"","meta":{"ngg_post_thumbnail":0,"footnotes":""},"class_list":["post-7424","page","type-page","status-publish"],"_links":{"self":[{"href":"https:\/\/kokkolaopera.com\/sv\/wp-json\/wp\/v2\/pages\/7424","targetHints":{"allow":["GET"]}}],"collection":[{"href":"https:\/\/kokkolaopera.com\/sv\/wp-json\/wp\/v2\/pages"}],"about":[{"href":"https:\/\/kokkolaopera.com\/sv\/wp-json\/wp\/v2\/types\/page"}],"author":[{"embeddable":true,"href":"https:\/\/kokkolaopera.com\/sv\/wp-json\/wp\/v2\/users\/1"}],"replies":[{"embeddable":true,"href":"https:\/\/kokkolaopera.com\/sv\/wp-json\/wp\/v2\/comments?post=7424"}],"version-history":[{"count":0,"href":"https:\/\/kokkolaopera.com\/sv\/wp-json\/wp\/v2\/pages\/7424\/revisions"}],"wp:attachment":[{"href":"https:\/\/kokkolaopera.com\/sv\/wp-json\/wp\/v2\/media?parent=7424"}],"curies":[{"name":"wp","href":"https:\/\/api.w.org\/{rel}","templated":true}]}}