{"id":7421,"date":"2017-04-26T11:04:13","date_gmt":"2017-04-26T08:04:13","guid":{"rendered":"http:\/\/kokkolaopera.com\/?page_id=7421"},"modified":"2017-04-26T20:24:14","modified_gmt":"2017-04-26T17:24:14","slug":"heikki-kilpelainen-cv-sv","status":"publish","type":"page","link":"https:\/\/kokkolaopera.com\/sv\/heikki-kilpelainen-cv-sv\/","title":{"rendered":"Heikki Kilpel\u00e4inen cv"},"content":{"rendered":"<div class=\"wpb-content-wrapper\"><p>[vc_row][vc_column][vc_column_text]<\/p>\n<h4 style=\"text-align: center;\">Heikki Kilpel\u00e4inen<\/h4>\n<p>[\/vc_column_text][vc_single_image image=&#8221;7308&#8243; img_size=&#8221;full&#8221; alignment=&#8221;center&#8221;][vc_column_text]Heikki Kilpel\u00e4inen utbildade sig till Magister i musik vid Sibelius-Akademin och studerade vidare vid internationella operastudion i Z\u00fcrich. Innan detta var ha utbildad diplomingenj\u00f6r vid tekniska h\u00f6gskolan i Villmanstrand. \u00c5ren 1994-97 var han anst\u00e4lld som solist p\u00e5 operan i Bremen. 1998-2000 vid operan i Bonn och 2000-2009 vid operan i D\u00fcsseldorf. \u00c5ren 2010-2015 h\u00f6rde han till solistkoren i Mainz och sjunger&nbsp; d\u00e4r fortfarande som g\u00e4stande solist. F\u00f6rutom detta har Kilpel\u00e4inen upptr\u00e4tt bl.a. vid operorna i Zu\u0308richin, Geneva, Hannover, Stuttgart och Frankfurt. Samt vid Nationaloperan i Helsingfors och Operafestivalen i Savonlinna. Hittills har han sjungit ca 70 operaroller \u2013 bl.a. barytonrollerna i Verdis operor Macbeth, Falstaff, Don Carlo och Maskeradbalen. Samt Escamillo (Bizet: Carmen), Don Giovanni (Mozart: Don Giovanni), Enrico (Donizetti: Lucia di Lammermoor), Onegin (Tsaikovski: Jevgeni Onegin), Kurwenal (Wagner: Tristan och Isolde) och Beckmesser (Wagner: M\u00e4sters\u00e5ngarna).<\/p>\n<p>F\u00f6r sin titelroll i Verdis Macbeth f\u00f6reslog tidningen \u201cOpernwelt\u201d Kilpel\u00e4inen som \u00e5rets operas\u00e5ngare (2013-14). Kilpel\u00e4inens senaste roller i finland har varit Oopperadirekt\u00f6ren Luigi i Kimmo Hakolas opera La Fenice (2012) och Stselkalov i Musorgskis Boris Godunovi (2015). Alla under operafestivalen i Savonlinna samt Fra Melitone i Tampereen Oopperas La forza del destino -produktion \u00e5r 2016. F\u00f6rutom Tyskland och Finland, har had gett Oratorie- och orkesterkonserter i Schweitz, Frankrike, Holland och England. Liedkonserter har Kilpel\u00e4inen gett bl.a. tre g\u00e5nger i Japan.[\/vc_column_text][\/vc_column][\/vc_row]<\/p>\n<\/div>","protected":false},"excerpt":{"rendered":"<p>[vc_row][vc_column][vc_column_text] Heikki Kilpel\u00e4inen [\/vc_column_text][vc_single_image image=&#8221;7308&#8243; img_size=&#8221;full&#8221; alignment=&#8221;center&#8221;][vc_column_text]Heikki Kilpel\u00e4inen utbildade sig till Magister i musik vid Sibelius-Akademin och studerade vidare vid internationella operastudion i Z\u00fcrich. Innan detta var ha utbildad diplomingenj\u00f6r vid tekniska h\u00f6gskolan i Villmanstrand. \u00c5ren 1994-97 var han anst\u00e4lld som solist p\u00e5 operan i Bremen. 1998-2000 vid operan i Bonn och 2000-2009 vid operan &#8230; <a title=\"Heikki Kilpel\u00e4inen cv\" class=\"read-more\" href=\"https:\/\/kokkolaopera.com\/sv\/heikki-kilpelainen-cv-sv\/\" aria-label=\"L\u00e4s mer om Heikki Kilpel\u00e4inen cv\">L\u00e4s mer<\/a><\/p>\n","protected":false},"author":1,"featured_media":0,"parent":0,"menu_order":0,"comment_status":"closed","ping_status":"closed","template":"","meta":{"ngg_post_thumbnail":0,"footnotes":""},"class_list":["post-7421","page","type-page","status-publish"],"_links":{"self":[{"href":"https:\/\/kokkolaopera.com\/sv\/wp-json\/wp\/v2\/pages\/7421","targetHints":{"allow":["GET"]}}],"collection":[{"href":"https:\/\/kokkolaopera.com\/sv\/wp-json\/wp\/v2\/pages"}],"about":[{"href":"https:\/\/kokkolaopera.com\/sv\/wp-json\/wp\/v2\/types\/page"}],"author":[{"embeddable":true,"href":"https:\/\/kokkolaopera.com\/sv\/wp-json\/wp\/v2\/users\/1"}],"replies":[{"embeddable":true,"href":"https:\/\/kokkolaopera.com\/sv\/wp-json\/wp\/v2\/comments?post=7421"}],"version-history":[{"count":0,"href":"https:\/\/kokkolaopera.com\/sv\/wp-json\/wp\/v2\/pages\/7421\/revisions"}],"wp:attachment":[{"href":"https:\/\/kokkolaopera.com\/sv\/wp-json\/wp\/v2\/media?parent=7421"}],"curies":[{"name":"wp","href":"https:\/\/api.w.org\/{rel}","templated":true}]}}