{"id":7419,"date":"2017-04-26T11:01:33","date_gmt":"2017-04-26T08:01:33","guid":{"rendered":"http:\/\/kokkolaopera.com\/?page_id=7419"},"modified":"2017-04-26T20:20:21","modified_gmt":"2017-04-26T17:20:21","slug":"annastiina-tahkola-cv-sv","status":"publish","type":"page","link":"https:\/\/kokkolaopera.com\/sv\/annastiina-tahkola-cv-sv\/","title":{"rendered":"Annastiina Tahkola cv"},"content":{"rendered":"<div class=\"wpb-content-wrapper\"><p>[vc_row][vc_column][vc_column_text]<\/p>\n<h4 style=\"text-align: center;\">Annastiina Tahkola<\/h4>\n<p>[\/vc_column_text][vc_single_image image=&#8221;7307&#8243; img_size=&#8221;full&#8221; alignment=&#8221;center&#8221;][vc_column_text]Mezzosopran Annastiina Tahkola utbildades till magister i musik vid Sibelius-Akademin i Kuopio \u00e5r 1995. Tv\u00e5 \u00e5r senare avlade hon s\u00e5ngdiplom. Hon har \u00e4ven vidareutbildat sig med en examen i musikpedagogik vid Savonia-Amk \u00e5r 2007 samt studerat s\u00e5ng f\u00f6r bl.a. Peter Lindroos, och under m\u00e5nga m\u00e4sterkurser. Tahkola \u00e4r en m\u00e5ngsidig musiker och spelar b\u00e5de piano och fl\u00f6jt.<\/p>\n<p>Tahkola blev k\u00e4nd f\u00f6r den breda publiken n\u00e4r hon vann Sibelius-s\u00e5ngt\u00e4vlingen \u00e5r 2007. Hon fick samma \u00e5r Hein\u00e4vesis kulturpris. Hennes omfattande repertoar best\u00e5r av b\u00e5de gammal musik som uruppf\u00f6randen.&nbsp; F\u00f6rutom Finland har hon upptr\u00e4tt i bl.a. Estland, Italien och otaliga festivaler med lied, kyrkokonserter, samt som solist f\u00f6r olika orkestrar och kammarensembler. Tahkola har varit solist f\u00f6r bl.a.&nbsp; Joensuu, Jyv\u00e4skyl\u00e4, Kemi, Kouvola, Kuopio, Villmanstand, Ule\u00e5borg, Bj\u00f6rneborg och \u00c5bo stadsorkesterar. Hon har \u00e4ven samarbetat med F\u00f6rsvarsmaktens musikk\u00e5rer. Tahkolas operadebut var som Mrs Herring i Brittens opera Albert Herring p\u00e5 Nationaloperan.<\/p>\n<p>Hon \u00e4r eftertraktad solist f\u00f6r kyrkomusik och de centrala oratorierna h\u00f6r till hennes repertoar. J. S. Bachs Johannes- och Matteuspassioner, H-moll m\u00e4ssan, Alttokantaater, P\u00e5skoratoriet, Charpentiers Te Deum, G. F. H\u00e4ndels Messias, F.Mendelssohns Elias, Lauda Sion och Lobgesang, W.A.Mozarts Requiem, C.Saint-Sa\u00ebns&#8217; Juloratorie, K.Szymanowskis Stabat Mater samt A. Vivaldis Gloria.<\/p>\n<p>Tahkola har samarbetat kring lied med pianist Ilkka Paananen, irill Kozlovski samt Tuula H\u00e4llstr\u00f6m. I repertoaren finns bl.a. rysk, tysk, spansk, och finsk s\u00e5nglitteratur.<\/p>\n<p>Tillsammans med Nova Enseble har Tahkola gett ut en inbandning \u201cSine\u00e4 ja kultaa\u201df \u00f6r Nova Records. Verket best\u00e5r av ny s\u00e5ngmusik.&nbsp; Dessutom sj\u00f6ng hon Sibelius&#8217; musik f\u00f6r Jean Sibelius 150 -kammarmusikskivan \u00e5r 2015. Tahkola har \u00e4ven arbetat som r\u00f6stv\u00e5rdare f\u00f6r k\u00f6rer samt dragit m\u00e4sterkurser. Hon har arbetat som timl\u00e4rare i s\u00e5ng vid Sibelius Akademien sedan \u00e5r 2000.<\/p>\n<p>Samt som timl\u00e4rare vid Savonia-Amk, d\u00e4r \u00e4ven som lekt\u00e5r i s\u00e5ng 2009-2012. F\u00f6r tillf\u00e4llet \u00e4r Tahkola frilans och kan h\u00f6ras som solist med Jyv\u00e4skyl\u00e4 Sinfonietta och som tolkare av b\u00e5de gammal och ny musik med olika ensembler under Finland100 -konserter.[\/vc_column_text][\/vc_column][\/vc_row][vc_row][vc_column width=&#8221;1\/2&#8243;][\/vc_column][vc_column width=&#8221;1\/2&#8243;][\/vc_column][\/vc_row]<\/p>\n<\/div>","protected":false},"excerpt":{"rendered":"<p>[vc_row][vc_column][vc_column_text] Annastiina Tahkola [\/vc_column_text][vc_single_image image=&#8221;7307&#8243; img_size=&#8221;full&#8221; alignment=&#8221;center&#8221;][vc_column_text]Mezzosopran Annastiina Tahkola utbildades till magister i musik vid Sibelius-Akademin i Kuopio \u00e5r 1995. Tv\u00e5 \u00e5r senare avlade hon s\u00e5ngdiplom. Hon har \u00e4ven vidareutbildat sig med en examen i musikpedagogik vid Savonia-Amk \u00e5r 2007 samt studerat s\u00e5ng f\u00f6r bl.a. Peter Lindroos, och under m\u00e5nga m\u00e4sterkurser. Tahkola \u00e4r en m\u00e5ngsidig &#8230; <a title=\"Annastiina Tahkola cv\" class=\"read-more\" href=\"https:\/\/kokkolaopera.com\/sv\/annastiina-tahkola-cv-sv\/\" aria-label=\"L\u00e4s mer om Annastiina Tahkola cv\">L\u00e4s mer<\/a><\/p>\n","protected":false},"author":1,"featured_media":0,"parent":0,"menu_order":0,"comment_status":"closed","ping_status":"closed","template":"","meta":{"ngg_post_thumbnail":0,"footnotes":""},"class_list":["post-7419","page","type-page","status-publish"],"_links":{"self":[{"href":"https:\/\/kokkolaopera.com\/sv\/wp-json\/wp\/v2\/pages\/7419","targetHints":{"allow":["GET"]}}],"collection":[{"href":"https:\/\/kokkolaopera.com\/sv\/wp-json\/wp\/v2\/pages"}],"about":[{"href":"https:\/\/kokkolaopera.com\/sv\/wp-json\/wp\/v2\/types\/page"}],"author":[{"embeddable":true,"href":"https:\/\/kokkolaopera.com\/sv\/wp-json\/wp\/v2\/users\/1"}],"replies":[{"embeddable":true,"href":"https:\/\/kokkolaopera.com\/sv\/wp-json\/wp\/v2\/comments?post=7419"}],"version-history":[{"count":0,"href":"https:\/\/kokkolaopera.com\/sv\/wp-json\/wp\/v2\/pages\/7419\/revisions"}],"wp:attachment":[{"href":"https:\/\/kokkolaopera.com\/sv\/wp-json\/wp\/v2\/media?parent=7419"}],"curies":[{"name":"wp","href":"https:\/\/api.w.org\/{rel}","templated":true}]}}