{"id":7416,"date":"2017-04-26T10:55:16","date_gmt":"2017-04-26T07:55:16","guid":{"rendered":"http:\/\/kokkolaopera.com\/?page_id=7416"},"modified":"2017-04-26T20:19:21","modified_gmt":"2017-04-26T17:19:21","slug":"johanna-lehesvuori-cv-sv","status":"publish","type":"page","link":"https:\/\/kokkolaopera.com\/sv\/johanna-lehesvuori-cv-sv\/","title":{"rendered":"Johanna Lehesvuori cv"},"content":{"rendered":"<div class=\"wpb-content-wrapper\"><p>[vc_row][vc_column][vc_column_text]<\/p>\n<h4 style=\"text-align: center;\">Johanna Lehesvuori<\/h4>\n<p>[\/vc_column_text][vc_single_image image=&#8221;7310&#8243; img_size=&#8221;full&#8221; alignment=&#8221;center&#8221;][vc_column_text]Sopran, Johanna Lehesvuori utexaminerades som Magister i musik vid Kugliga Musikh\u00f6gskolan i Stockholm v\u00e5ren 2015, varefter hon avlade forts\u00e4ttningsstudier \u00e4nnu under ett \u00e5r med examen \u00e5r 2016. Hon \u00e4r \u00e4ven utbildad s\u00e5ngl\u00e4rare vid Mellersta-\u00d6sterbottens YH, med examen \u00e5r 2010. Hon har studerat f\u00f6r Raija Kemppainen (Bj\u00f6rneborg), Marianne Tunkkari (Karleby), Marjut Hannula (Helsingfors), Petteri Salomaa (Stockholm) och Christina Billing (Stockholm).<\/p>\n<p>Hon har upptr\u00e4tt aktivt b\u00e5de i hemlandet som utomlands och varit del av m\u00e5nga olika ensembler (bl.a. s\u00e5nggruppen Versio) samt fungerat som solist f\u00f6r k\u00f6rer och upptr\u00e4tt med mycket omfattande&nbsp; liedrepertoar (bl.a. Wolf Italienisches Liederbuch). Hon har producerat m\u00e5nga konserter och arbetar \u00e4ven som s\u00e5ngl\u00e4rare i Helsingfors med omnejd. Hon har medverkat i m\u00e5nga operaproduktioner i Finland sedan 2006. (bl.a. karleby Operas, Etel\u00e4-Karjalan orkesteriyhdistys&#8217; och Sello salens produktioner). I Sverige medverkade hon i Tornedalsteaterns produktion av Mozarts Teaterdirekt\u00f6ren. Hon har medverkat som s\u00e5ngare\/sk\u00e5despelare i tre musikaler vid professionella teatrar. Hennes debutskiva \u201dJoulun valo\u201d gavs ut \u00e5r 2014.<\/p>\n<p>F\u00f6r tillf\u00e4llet \u00e4r Lehesvuori fastanst\u00e4lld vid Nationaloperans k\u00f6r.[\/vc_column_text][\/vc_column][\/vc_row]<\/p>\n<\/div>","protected":false},"excerpt":{"rendered":"<p>[vc_row][vc_column][vc_column_text] Johanna Lehesvuori [\/vc_column_text][vc_single_image image=&#8221;7310&#8243; img_size=&#8221;full&#8221; alignment=&#8221;center&#8221;][vc_column_text]Sopran, Johanna Lehesvuori utexaminerades som Magister i musik vid Kugliga Musikh\u00f6gskolan i Stockholm v\u00e5ren 2015, varefter hon avlade forts\u00e4ttningsstudier \u00e4nnu under ett \u00e5r med examen \u00e5r 2016. Hon \u00e4r \u00e4ven utbildad s\u00e5ngl\u00e4rare vid Mellersta-\u00d6sterbottens YH, med examen \u00e5r 2010. Hon har studerat f\u00f6r Raija Kemppainen (Bj\u00f6rneborg), Marianne Tunkkari (Karleby), &#8230; <a title=\"Johanna Lehesvuori cv\" class=\"read-more\" href=\"https:\/\/kokkolaopera.com\/sv\/johanna-lehesvuori-cv-sv\/\" aria-label=\"L\u00e4s mer om Johanna Lehesvuori cv\">L\u00e4s mer<\/a><\/p>\n","protected":false},"author":1,"featured_media":0,"parent":0,"menu_order":0,"comment_status":"closed","ping_status":"closed","template":"","meta":{"ngg_post_thumbnail":0,"footnotes":""},"class_list":["post-7416","page","type-page","status-publish"],"_links":{"self":[{"href":"https:\/\/kokkolaopera.com\/sv\/wp-json\/wp\/v2\/pages\/7416","targetHints":{"allow":["GET"]}}],"collection":[{"href":"https:\/\/kokkolaopera.com\/sv\/wp-json\/wp\/v2\/pages"}],"about":[{"href":"https:\/\/kokkolaopera.com\/sv\/wp-json\/wp\/v2\/types\/page"}],"author":[{"embeddable":true,"href":"https:\/\/kokkolaopera.com\/sv\/wp-json\/wp\/v2\/users\/1"}],"replies":[{"embeddable":true,"href":"https:\/\/kokkolaopera.com\/sv\/wp-json\/wp\/v2\/comments?post=7416"}],"version-history":[{"count":0,"href":"https:\/\/kokkolaopera.com\/sv\/wp-json\/wp\/v2\/pages\/7416\/revisions"}],"wp:attachment":[{"href":"https:\/\/kokkolaopera.com\/sv\/wp-json\/wp\/v2\/media?parent=7416"}],"curies":[{"name":"wp","href":"https:\/\/api.w.org\/{rel}","templated":true}]}}