{"id":7190,"date":"2017-02-09T11:16:38","date_gmt":"2017-02-09T09:16:38","guid":{"rendered":"http:\/\/kokkolaopera.com\/?page_id=7190"},"modified":"2017-11-08T12:21:48","modified_gmt":"2017-11-08T10:21:48","slug":"operasommar-2017","status":"publish","type":"page","link":"https:\/\/kokkolaopera.com\/sv\/operasommar-2017\/","title":{"rendered":"Operasommar 2017"},"content":{"rendered":"<div class=\"wpb-content-wrapper\"><p>[vc_row][vc_column][vc_single_image image=&#8221;7047&#8243; img_size=&#8221;full&#8221; alignment=&#8221;center&#8221;][\/vc_column][\/vc_row][vc_row][vc_column][vc_column_text]<\/p>\n<h4>G.Meyerbeer: L\u00b4etoile du Nord &#8211; Pohjant\u00e4hti (s. 1854-56)<\/h4>\n<h5>Helsingfors Musikhuset, Mannerheimintie 13 A, 00100 Helsinki 11.11.2017 kl. 19.00<br \/>\n<a href=\"http:\/\/www.ticketmaster.fi\/event\/pohjantahti-letoile-du-nord-lippuja\/203917\" target=\"_blank\" rel=\"noopener\"><span style=\"color: #000000;\"><strong><span style=\"color: #800080;\">(Biljetter: ticketmaster.fi)<\/span><\/strong><\/span><\/a><\/h5>\n<h5><strong><span style=\"color: #800080;\"><br \/>\nH\u00e4r kan du l\u00e4sa!<br \/>\n<\/span><\/strong><br \/>\n<strong><a href=\"http:\/\/kokkolaopera.com\/wp-content\/uploads\/2017\/10\/kokkola-opera-etoile-tarina-01.pdf\"><span style=\"color: #800080;\">Handlingar av Polstj\u00e4rnan<br \/>\n<\/span><\/a><\/strong><br \/>\n<strong><a href=\"http:\/\/kokkolaopera.com\/wp-content\/uploads\/2017\/10\/kokkola-opera-etoile-teosesittelyt-01.pdf\"><span style=\"color: #800080;\">Presentationer av verket<\/span><\/a><\/strong><\/h5>\n<p>&nbsp;<\/p>\n<div class=\"pcl_tooltip_box\" style=\"display: none;\">\n<p>Image already added<\/p>\n<\/div>\n<div class=\"pcl_global_mask\" style=\"display: none;\">&nbsp;<\/div>\n<p>[\/vc_column_text][\/vc_column][\/vc_row][vc_row][vc_column width=&#8221;1\/2&#8243;][vc_column_text]Giacomo Meyerbeers,&nbsp; L\u00b4etoile du nord, Polstj\u00e4rnan, f\u00f6rtjusar under Finland100-jubileums\u00e5ret med internationella topsolister och unga Finl\u00e4ndska beg\u00e5vningar, n\u00e4r den muntra musiken fr\u00e5n 1856 m\u00f6ter skogarna i Karelen och kriget vid Finska Viken. Vem kunde motst\u00e5 den berusade Finska soldatens schottis och fanfar, spelade \u00e5t den Svenska kungen och vid behov, den Ryska Tsaren? Tsarens fl\u00f6jtlektioner i Viborg sm\u00e4lter \u00e4ven \u00d6sterbottniska hj\u00e4rtan och den Viborgska Katarina sjunger de krigiska fienderna i tr\u00e4sket med sin koloraturs\u00e5ng!<\/p>\n<p>Denna opera ger ett gott hum\u00f6r och \u00e4r den mest gl\u00e4nsande produktionen under Finland100-jubileums\u00e5ret!<\/p>\n<p>S\u00e5ngspr\u00e5k: Franska<br \/>\nTextning: Finska, Svenska<\/p>\n<p>&nbsp;[\/vc_column_text][\/vc_column][vc_column width=&#8221;1\/2&#8243;][vc_single_image image=&#8221;7063&#8243; img_size=&#8221;large&#8221; alignment=&#8221;center&#8221;][\/vc_column][\/vc_row][vc_row][vc_column width=&#8221;1\/3&#8243;][vc_single_image image=&#8221;7312&#8243; img_size=&#8221;medium&#8221; alignment=&#8221;center&#8221; onclick=&#8221;custom_link&#8221; link=&#8221;http:\/\/kokkolaopera.com\/sv\/sakari-oramo-cv-sv\/&#8221;][vc_column_text]<\/p>\n<p style=\"text-align: left;\"><a href=\"http:\/\/kokkolaopera.com\/sv\/sakari-oramo-cv-sv\/\"><strong>Dirigent:<\/strong> Sakari Oramo (London, Wien, Stockholm, Kokkola)<\/a><\/p>\n<p><strong>Regi:<\/strong> Maria Sid (Stockholm)&nbsp;<br \/>\n<strong>Repetitionsdirigent:<\/strong> Ansi Verwey von Fleckenstein (Studienleiterin, Kapellmeisterin in Basel- Jesus Christ Superstar &amp; Carousel 2016-2017&amp;Wagner Shows with piano, Stuttgart, Frankfurt, M\u00fcnchen..)<\/p>\n<div class=\"pcl_tooltip_box\" style=\"display: none;\">\n<p>Image already added<\/p>\n<div class=\"arrow border\">&nbsp;<\/div>\n<div class=\"arrow\">&nbsp;<\/div>\n<\/div>\n<div class=\"pcl_global_mask\" style=\"display: none;\">&nbsp;<\/div>\n<p>[\/vc_column_text][\/vc_column][vc_column width=&#8221;1\/3&#8243;][vc_column_text]<strong>Korrepetitor: <\/strong>Pia V\u00e4rri (Paris CSN)<strong><br \/>\nK\u00f6rm\u00e4stare:<\/strong> Chloe Dufresne ( Sibelius-Akatemian kapellimestariluokka)<br \/>\n<strong>Koreografi:<\/strong> Marko Ker\u00e4nen ( Helsinki, Oulu)<br \/>\n<strong>Dr\u00e4kt design:&nbsp;<\/strong>Noora Salmi<br \/>\n<strong>Frisyrer: <\/strong>Indira Okic<br \/>\n<strong>Bilder:<\/strong> Juha Mustanoja (Helsinki), Rasmus Vuori (New York, Helsinki Aalto University)<br \/>\n<strong>Ljus:<\/strong> Joonas Tikkanen<\/p>\n<p><strong>Producenter:<br \/>\n<\/strong>Kirsi Tunkkari +358 40 965 0409<br \/>\nIris Seesj\u00e4rvi +358 44 564 5608<\/p>\n<div class=\"pcl_tooltip_box\" style=\"display: none;\">\n<p>Image already added<\/p>\n<div class=\"arrow border\">&nbsp;<\/div>\n<div class=\"arrow\">&nbsp;<\/div>\n<\/div>\n<div class=\"pcl_global_mask\" style=\"display: none;\">&nbsp;<\/div>\n<p>[\/vc_column_text][\/vc_column][vc_column width=&#8221;1\/3&#8243;][vc_column_text]<strong>Solister:<\/strong><\/p>\n<p>Katariina: Anu Komsi<br \/>\nPrascovia: Anna Palimina<br \/>\nNatalie: Johanna Lehesvuori<br \/>\nEkimonna: Annastiina Tahkola<br \/>\nTsaari Peters: Michael Leibundgut<br \/>\nGritzenko: Heikki Kilpel\u00e4inen<br \/>\nIsmail Danilowitz: Herman Wallen<br \/>\nGeorges Skawronski: Oliver Kuusik<br \/>\nReynolds: Peter Achr\u00e9n<br \/>\nKermoloff: Robin Turunen<\/p>\n<div class=\"pcl_tooltip_box\" style=\"display: none;\">\n<p>Image already added<\/p>\n<div class=\"arrow border\">&nbsp;<\/div>\n<div class=\"arrow\">&nbsp;<\/div>\n<\/div>\n<div class=\"pcl_global_mask\" style=\"display: none;\">&nbsp;<\/div>\n<p>[\/vc_column_text][\/vc_column][\/vc_row][vc_row][vc_column][vc_column_text]<\/p>\n<div class=\"pcl_tooltip_box\" style=\"display: none;\">\n<p>Image already added<\/p>\n<div class=\"arrow border\">&nbsp;<\/div>\n<div class=\"arrow\">&nbsp;<\/div>\n<\/div>\n<div class=\"pcl_global_mask\" style=\"display: none;\">&nbsp;<\/div>\n<p>[\/vc_column_text][\/vc_column][\/vc_row][vc_row][vc_column width=&#8221;1\/3&#8243;][vc_single_image image=&#8221;7345&#8243; img_size=&#8221;medium&#8221; alignment=&#8221;center&#8221; onclick=&#8221;custom_link&#8221; link=&#8221;http:\/\/kokkolaopera.com\/sv\/anu-komsi-cv-sv\/&#8221;][vc_column_text]<\/p>\n<p style=\"text-align: center;\"><a href=\"http:\/\/kokkolaopera.com\/sv\/anu-komsi-cv-sv\/\"><strong>Anu Komsi<\/strong> (Salzburg, Wien, London, New York, Paris, Basel, Karleby)<\/a><\/p>\n<p>[\/vc_column_text][vc_single_image image=&#8221;7310&#8243; img_size=&#8221;medium&#8221; alignment=&#8221;center&#8221; onclick=&#8221;custom_link&#8221; link=&#8221;http:\/\/kokkolaopera.com\/sv\/johanna-lehesvuori-cv-sv\/&#8221;][vc_column_text]<\/p>\n<p style=\"text-align: center;\"><a href=\"http:\/\/kokkolaopera.com\/sv\/johanna-lehesvuori-cv-sv\/\"><strong>Johanna Lehesvuori<\/strong> (Stockholm, Karleby, Helsingfors FNO)<\/a><\/p>\n<p>[\/vc_column_text][vc_single_image image=&#8221;7522&#8243; img_size=&#8221;medium&#8221; alignment=&#8221;center&#8221; onclick=&#8221;custom_link&#8221; link=&#8221;http:\/\/kokkolaopera.com\/sv\/michael-leibundgut-cv-sv\/&#8221;][vc_column_text]<\/p>\n<p style=\"text-align: center;\"><a href=\"http:\/\/kokkolaopera.com\/sv\/michael-leibundgut-cv-sv\/\"><strong>Michael Leibundgut<\/strong><\/a><\/p>\n<p>[\/vc_column_text][\/vc_column][vc_column width=&#8221;1\/3&#8243;][vc_single_image image=&#8221;7307&#8243; img_size=&#8221;medium&#8221; alignment=&#8221;center&#8221; onclick=&#8221;custom_link&#8221; link=&#8221;http:\/\/kokkolaopera.com\/sv\/annastiina-tahkola-cv-sv\/&#8221;][vc_column_text]<\/p>\n<p style=\"text-align: center;\"><a href=\"http:\/\/kokkolaopera.com\/sv\/annastiina-tahkola-cv-sv\/\"><strong>Annastiina Tahkola<\/strong> (Winner of the Sibelius-Competition, FNO Helsinki)<\/a><\/p>\n<p>[\/vc_column_text][vc_single_image image=&#8221;7308&#8243; img_size=&#8221;medium&#8221; alignment=&#8221;center&#8221; onclick=&#8221;custom_link&#8221; link=&#8221;http:\/\/kokkolaopera.com\/sv\/heikki-kilpelainen-cv-sv\/&#8221;][vc_column_text]<\/p>\n<p style=\"text-align: center;\"><a href=\"http:\/\/kokkolaopera.com\/sv\/heikki-kilpelainen-cv-sv\/\"><strong>Heikki Kilpel\u00e4inen<\/strong> (D\u00fcsseldorf, Bremen, Mainz, Frankfurt)<\/a><\/p>\n<p>[\/vc_column_text][vc_single_image image=&#8221;7311&#8243; img_size=&#8221;medium&#8221; alignment=&#8221;center&#8221;][vc_column_text]<\/p>\n<p style=\"text-align: center;\"><strong>Oliver Kuusik<\/strong> (Paris, Tallinn)<\/p>\n<p>[\/vc_column_text][\/vc_column][vc_column width=&#8221;1\/3&#8243;][vc_single_image image=&#8221;7306&#8243; img_size=&#8221;medium&#8221; alignment=&#8221;center&#8221; onclick=&#8221;custom_link&#8221; link=&#8221;http:\/\/kokkolaopera.com\/sv\/anna-palimina-cv-sv\/&#8221;][vc_column_text]<\/p>\n<p style=\"text-align: center;\"><a href=\"http:\/\/kokkolaopera.com\/sv\/anna-palimina-cv-sv\/\"><strong>Anna Palimina<\/strong> (Dresden, Madrid, K\u00f6ln, Salzburg Festspiele )<\/a><\/p>\n<p>[\/vc_column_text][vc_single_image image=&#8221;7309&#8243; img_size=&#8221;medium&#8221; alignment=&#8221;center&#8221; onclick=&#8221;custom_link&#8221; link=&#8221;http:\/\/kokkolaopera.com\/sv\/herman-wallen-cv-sv\/&#8221;][vc_column_text]<\/p>\n<p style=\"text-align: center;\"><a href=\"http:\/\/kokkolaopera.com\/sv\/herman-wallen-cv-sv\/\"><strong>Herman Wallen<\/strong> (Berlin)<\/a><\/p>\n<p>[\/vc_column_text][\/vc_column][\/vc_row][vc_row][vc_column][vc_column_text]<strong>Peter Achren<\/strong> (Stockholm, Malm\u00f6, G\u00f6teborg)<br \/>\n<strong>Robert Mcloud<\/strong> (Helsingfors FNO,)<br \/>\n<strong>Robin Turunen<\/strong> (Helsingfors, Jakobstad)<\/p>\n<div class=\"pcl_tooltip_box\" style=\"display: none;\">\n<p>Image already added<\/p>\n<div class=\"arrow border\">&nbsp;<\/div>\n<div class=\"arrow\">&nbsp;<\/div>\n<\/div>\n<div class=\"pcl_global_mask\" style=\"display: none;\">&nbsp;<\/div>\n<p>[\/vc_column_text][\/vc_column][\/vc_row][vc_row][vc_column][vc_column_text]<\/p>\n<h4><strong>K\u00f6r<\/strong><\/h4>\n<p>[\/vc_column_text][\/vc_column][\/vc_row][vc_row][vc_column width=&#8221;1\/3&#8243;][vc_single_image image=&#8221;7376&#8243; img_size=&#8221;medium&#8221; alignment=&#8221;center&#8221; onclick=&#8221;custom_link&#8221; link=&#8221;http:\/\/kokkolaopera.com\/sv\/minna-leena-lahti-cv-sv\/&#8221;][vc_column_text]<\/p>\n<p style=\"text-align: center;\"><a href=\"http:\/\/kokkolaopera.com\/sv\/minna-leena-lahti-cv-sv\/\"><strong>Minna-Leena Lahti<\/strong><\/a><\/p>\n<p>[\/vc_column_text][vc_single_image image=&#8221;7373&#8243; img_size=&#8221;medium&#8221; alignment=&#8221;center&#8221; onclick=&#8221;custom_link&#8221; link=&#8221;http:\/\/kokkolaopera.com\/sv\/filip-rosengren-cv-sv\/&#8221;][vc_column_text]<\/p>\n<p style=\"text-align: center;\"><a href=\"http:\/\/kokkolaopera.com\/sv\/filip-rosengren-cv-sv\/\"><strong>Filip Rosengren<\/strong><\/a><\/p>\n<p>[\/vc_column_text][vc_single_image image=&#8221;7374&#8243; img_size=&#8221;medium&#8221; alignment=&#8221;center&#8221; onclick=&#8221;custom_link&#8221; link=&#8221;http:\/\/kokkolaopera.com\/sv\/iris-hernandez-toppari-cv-sv\/&#8221;][vc_column_text]<\/p>\n<p style=\"text-align: center;\"><strong><a href=\"http:\/\/kokkolaopera.com\/sv\/iris-hernandez-toppari-cv-sv\/\">Iris Hern\u00e1ndez Toppari<\/a><br \/>\n<\/strong><\/p>\n<p>[\/vc_column_text][vc_single_image image=&#8221;7910&#8243; img_size=&#8221;medium&#8221; alignment=&#8221;center&#8221;][vc_column_text]<\/p>\n<p style=\"text-align: center;\"><strong>Maiju Heikkil\u00e4<\/strong><\/p>\n<p>[\/vc_column_text][\/vc_column][vc_column width=&#8221;1\/3&#8243;][vc_single_image image=&#8221;7377&#8243; img_size=&#8221;medium&#8221; alignment=&#8221;center&#8221; onclick=&#8221;custom_link&#8221; link=&#8221;http:\/\/kokkolaopera.com\/sv\/sanna-iljin-cv-sv\/&#8221;][vc_column_text]<\/p>\n<p style=\"text-align: center;\"><strong><a href=\"http:\/\/kokkolaopera.com\/sv\/sanna-iljin-cv-sv\/\">Sanna Iljin<\/a><br \/>\n<\/strong><\/p>\n<p>[\/vc_column_text][vc_single_image image=&#8221;7379&#8243; img_size=&#8221;medium&#8221; alignment=&#8221;center&#8221; onclick=&#8221;custom_link&#8221; link=&#8221;http:\/\/kokkolaopera.com\/sv\/tuiki-latvala-cv-sv\/&#8221;][vc_column_text]<\/p>\n<p style=\"text-align: center;\"><a href=\"http:\/\/kokkolaopera.com\/sv\/tuiki-latvala-cv-sv\/\"><strong>Tuiki Latvala<\/strong><\/a><\/p>\n<p>[\/vc_column_text][vc_single_image image=&#8221;7375&#8243; img_size=&#8221;medium&#8221; alignment=&#8221;center&#8221;][vc_column_text]<\/p>\n<p style=\"text-align: center;\"><strong>Katri Kantola<\/strong><\/p>\n<p>[\/vc_column_text][vc_single_image image=&#8221;7725&#8243; img_size=&#8221;medium&#8221; alignment=&#8221;center&#8221;][vc_column_text]<\/p>\n<p style=\"text-align: center;\"><strong>Richard Lounds<\/strong><\/p>\n<p>[\/vc_column_text][\/vc_column][vc_column width=&#8221;1\/3&#8243;][vc_single_image image=&#8221;7378&#8243; img_size=&#8221;medium&#8221; alignment=&#8221;center&#8221; onclick=&#8221;custom_link&#8221; link=&#8221;http:\/\/kokkolaopera.com\/sv\/satu-maarit-huhtala-cv-sv\/&#8221;][vc_column_text]<\/p>\n<p style=\"text-align: center;\"><a href=\"http:\/\/kokkolaopera.com\/sv\/satu-maarit-huhtala-cv-sv\/\"><strong>Satu-Maarit Huhtala<\/strong><\/a><\/p>\n<p>[\/vc_column_text][vc_single_image image=&#8221;7372&#8243; img_size=&#8221;medium&#8221; alignment=&#8221;center&#8221; onclick=&#8221;custom_link&#8221; link=&#8221;http:\/\/kokkolaopera.com\/sv\/emma-raihala-cv-sv\/&#8221;][vc_column_text]<\/p>\n<p style=\"text-align: center;\"><a href=\"http:\/\/kokkolaopera.com\/sv\/emma-raihala-cv-sv\/\"><strong>Emma R\u00e4ih\u00e4l\u00e4<\/strong><\/a><\/p>\n<p>[\/vc_column_text][vc_single_image image=&#8221;7722&#8243; img_size=&#8221;medium&#8221; alignment=&#8221;center&#8221;][vc_column_text]<\/p>\n<p style=\"text-align: center;\"><strong>Kirsi Tunkkari<\/strong><\/p>\n<p>[\/vc_column_text][vc_single_image image=&#8221;7719&#8243; img_size=&#8221;medium&#8221; alignment=&#8221;center&#8221;][vc_column_text]<\/p>\n<p style=\"text-align: center;\"><strong>Terttu Iso-Oja<\/strong><\/p>\n<p>[\/vc_column_text][\/vc_column][\/vc_row][vc_row][vc_column][vc_column_text]Mellersta-\u00d6sterbottens Kammarorkester, Musikk\u00e5r<\/p>\n<p>Polstj\u00e4rnans Operak\u00f6r best\u00e5r av yrkesstuderande vid Centria, Novia, Sibelius-Akatemin och Metropolia tillsammans med yrkess\u00e5ngare<\/p>\n<p>&nbsp;<\/p>\n<p>&nbsp;[\/vc_column_text][\/vc_column][\/vc_row][vc_row][vc_column][vc_single_image image=&#8221;8136&#8243; img_size=&#8221;large&#8221; alignment=&#8221;center&#8221; onclick=&#8221;custom_link&#8221; img_link_large=&#8221;yes&#8221; link=&#8221;http:\/\/kokkolaopera.com\/wp-content\/uploads\/2017\/10\/opera2017etoile_card1.jpg&#8221;][vc_single_image image=&#8221;8137&#8243; img_size=&#8221;large&#8221; alignment=&#8221;center&#8221; onclick=&#8221;custom_link&#8221; link=&#8221;http:\/\/kokkolaopera.com\/wp-content\/uploads\/2017\/10\/opera2017etoile_card2.jpg&#8221;][vc_column_text]<\/p>\n<p style=\"text-align: center;\"><div class='w3eden'><!-- WPDM Link Template: Default Template -->\n\n<div class=\"link-template-default card mb-2\">\n    <div class=\"card-body\">\n        <div class=\"media\">\n            <div class=\"mr-3 img-48\"><img decoding=\"async\" class=\"wpdm_icon\" alt=\"Icon\" src=\"https:\/\/kokkolaopera.com\/wp-content\/plugins\/download-manager\/assets\/file-type-icons\/pdf.svg\" \/><\/div>\n            <div class=\"media-body\">\n                <h3 class=\"package-title\"><a href='https:\/\/kokkolaopera.com\/sv\/download\/polstjarnan-synopsis\/'>POLSTJ\u00c4RNAN synopsis<\/a><\/h3>\n                <div class=\"text-muted text-small\"><i class=\"fas fa-copy\"><\/i> 1 file(s) <i class=\"fas fa-hdd ml-3\"><\/i> 73.69 KB<\/div>\n            <\/div>\n            <div class=\"ml-3\">\n                <a class='wpdm-download-link download-on-click btn btn-primary ' rel='nofollow' href='#' data-downloadurl=\"https:\/\/kokkolaopera.com\/sv\/download\/polstjarnan-synopsis\/?wpdmdl=7199&refresh=69e6c9eeb70591776732654\">Download<\/a>\n            <\/div>\n        <\/div>\n    <\/div>\n<\/div>\n\n<\/div>\n<p>[\/vc_column_text][\/vc_column][\/vc_row]<\/p>\n<\/div>","protected":false},"excerpt":{"rendered":"<p>[vc_row][vc_column][vc_single_image image=&#8221;7047&#8243; img_size=&#8221;full&#8221; alignment=&#8221;center&#8221;][\/vc_column][\/vc_row][vc_row][vc_column][vc_column_text] G.Meyerbeer: L\u00b4etoile du Nord &#8211; Pohjant\u00e4hti (s. 1854-56) Helsingfors Musikhuset, Mannerheimintie 13 A, 00100 Helsinki 11.11.2017 kl. 19.00 (Biljetter: ticketmaster.fi) H\u00e4r kan du l\u00e4sa! Handlingar av Polstj\u00e4rnan Presentationer av verket &nbsp; Image already added &nbsp; [\/vc_column_text][\/vc_column][\/vc_row][vc_row][vc_column width=&#8221;1\/2&#8243;][vc_column_text]Giacomo Meyerbeers,&nbsp; L\u00b4etoile du nord, Polstj\u00e4rnan, f\u00f6rtjusar under Finland100-jubileums\u00e5ret med internationella topsolister och unga Finl\u00e4ndska &#8230; <a title=\"Operasommar 2017\" class=\"read-more\" href=\"https:\/\/kokkolaopera.com\/sv\/operasommar-2017\/\" aria-label=\"L\u00e4s mer om Operasommar 2017\">L\u00e4s mer<\/a><\/p>\n","protected":false},"author":1,"featured_media":0,"parent":0,"menu_order":0,"comment_status":"closed","ping_status":"closed","template":"","meta":{"ngg_post_thumbnail":0,"footnotes":""},"class_list":["post-7190","page","type-page","status-publish"],"_links":{"self":[{"href":"https:\/\/kokkolaopera.com\/sv\/wp-json\/wp\/v2\/pages\/7190","targetHints":{"allow":["GET"]}}],"collection":[{"href":"https:\/\/kokkolaopera.com\/sv\/wp-json\/wp\/v2\/pages"}],"about":[{"href":"https:\/\/kokkolaopera.com\/sv\/wp-json\/wp\/v2\/types\/page"}],"author":[{"embeddable":true,"href":"https:\/\/kokkolaopera.com\/sv\/wp-json\/wp\/v2\/users\/1"}],"replies":[{"embeddable":true,"href":"https:\/\/kokkolaopera.com\/sv\/wp-json\/wp\/v2\/comments?post=7190"}],"version-history":[{"count":0,"href":"https:\/\/kokkolaopera.com\/sv\/wp-json\/wp\/v2\/pages\/7190\/revisions"}],"wp:attachment":[{"href":"https:\/\/kokkolaopera.com\/sv\/wp-json\/wp\/v2\/media?parent=7190"}],"curies":[{"name":"wp","href":"https:\/\/api.w.org\/{rel}","templated":true}]}}