{"id":6841,"date":"2016-08-16T18:53:01","date_gmt":"2016-08-16T16:53:01","guid":{"rendered":"http:\/\/kokkolaopera.com\/?page_id=6841"},"modified":"2017-06-06T17:15:59","modified_gmt":"2017-06-06T14:15:59","slug":"media-sv","status":"publish","type":"page","link":"https:\/\/kokkolaopera.com\/sv\/media-sv\/","title":{"rendered":"Media"},"content":{"rendered":"<div class=\"wpb-content-wrapper\"><p>[vc_row][vc_column][vc_column_text]<\/p>\n<h3>Media<\/h3>\n<p>[\/vc_column_text][\/vc_column][\/vc_row][vc_row][vc_column][vc_column_text]<\/p>\n<h5>Karleby Operasommar 2017<\/h5>\n<div class='w3eden'><!-- WPDM Link Template: Default Template -->\n\n<div class=\"link-template-default card mb-2\">\n    <div class=\"card-body\">\n        <div class=\"media\">\n            <div class=\"mr-3 img-48\"><img decoding=\"async\" class=\"wpdm_icon\" alt=\"Icon\" src=\"https:\/\/kokkolaopera.com\/wp-content\/plugins\/download-manager\/assets\/file-type-icons\/zip.svg\" \/><\/div>\n            <div class=\"media-body\">\n                <h3 class=\"package-title\"><a href='https:\/\/kokkolaopera.com\/sv\/download\/kokkola-opera-rehearsal-espoo-01-6-2017\/'>Kokkola Opera rehearsal, Espoo 01.6.2017 photos Ville Huuri<\/a><\/h3>\n                <div class=\"text-muted text-small\"><i class=\"fas fa-copy\"><\/i> 1 file(s) <i class=\"fas fa-hdd ml-3\"><\/i> 310.95 MB<\/div>\n            <\/div>\n            <div class=\"ml-3\">\n                <a class='wpdm-download-link download-on-click btn btn-primary ' rel='nofollow' href='#' data-downloadurl=\"https:\/\/kokkolaopera.com\/sv\/download\/kokkola-opera-rehearsal-espoo-01-6-2017\/?wpdmdl=7585&refresh=69d78c8de0b1e1775733901\">Download<\/a>\n            <\/div>\n        <\/div>\n    <\/div>\n<\/div>\n\n<\/div>[\/vc_column_text][\/vc_column][\/vc_row][vc_row][vc_column][vc_column_text]<\/p>\n<h5>Karleby Operasommar 2016<\/h5>\n<div class='w3eden'><!-- WPDM Link Template: Default Template -->\n\n<div class=\"link-template-default card mb-2\">\n    <div class=\"card-body\">\n        <div class=\"media\">\n            <div class=\"mr-3 img-48\"><img decoding=\"async\" class=\"wpdm_icon\" alt=\"Icon\" src=\"https:\/\/kokkolaopera.com\/wp-content\/plugins\/download-manager\/assets\/file-type-icons\/pdf.svg\" \/><\/div>\n            <div class=\"media-body\">\n                <h3 class=\"package-title\"><a href='https:\/\/kokkolaopera.com\/sv\/download\/kokkolan-ooppera-ohjelmakirja-2016\/'>Kokkolan Ooppera ohjelmakirja 2016<\/a><\/h3>\n                <div class=\"text-muted text-small\"><i class=\"fas fa-copy\"><\/i> 1 file(s) <i class=\"fas fa-hdd ml-3\"><\/i> 3.01 MB<\/div>\n            <\/div>\n            <div class=\"ml-3\">\n                <a class='wpdm-download-link download-on-click btn btn-primary ' rel='nofollow' href='#' data-downloadurl=\"https:\/\/kokkolaopera.com\/sv\/download\/kokkolan-ooppera-ohjelmakirja-2016\/?wpdmdl=6820&refresh=69d78c8de2c6c1775733901\">Download<\/a>\n            <\/div>\n        <\/div>\n    <\/div>\n<\/div>\n\n<\/div>\n<div class='w3eden'><!-- WPDM Link Template: Default Template -->\n\n<div class=\"link-template-default card mb-2\">\n    <div class=\"card-body\">\n        <div class=\"media\">\n            <div class=\"mr-3 img-48\"><img decoding=\"async\" class=\"wpdm_icon\" alt=\"Icon\" src=\"https:\/\/kokkolaopera.com\/wp-content\/plugins\/download-manager\/assets\/file-type-icons\/zip.svg\" \/><\/div>\n            <div class=\"media-body\">\n                <h3 class=\"package-title\"><a href='https:\/\/kokkolaopera.com\/sv\/download\/nyrkkeilykehan-illuusioita-sahan-ranta-kuvat-paivi-karjalainen\/'>Nyrkkeilykeh\u00e4n illuusioita, sahan ranta, kuvat: P\u00e4ivi Karjalainen<\/a><\/h3>\n                <div class=\"text-muted text-small\"><i class=\"fas fa-copy\"><\/i> 1 file(s) <i class=\"fas fa-hdd ml-3\"><\/i> 163.57 MB<\/div>\n            <\/div>\n            <div class=\"ml-3\">\n                <a class='wpdm-download-link download-on-click btn btn-primary ' rel='nofollow' href='#' data-downloadurl=\"https:\/\/kokkolaopera.com\/sv\/download\/nyrkkeilykehan-illuusioita-sahan-ranta-kuvat-paivi-karjalainen\/?wpdmdl=6808&refresh=69d78c8de453e1775733901\">Download<\/a>\n            <\/div>\n        <\/div>\n    <\/div>\n<\/div>\n\n<\/div>\n<div class='w3eden'><!-- WPDM Link Template: Default Template -->\n\n<div class=\"link-template-default card mb-2\">\n    <div class=\"card-body\">\n        <div class=\"media\">\n            <div class=\"mr-3 img-48\"><img decoding=\"async\" class=\"wpdm_icon\" alt=\"Icon\" src=\"https:\/\/kokkolaopera.com\/wp-content\/plugins\/download-manager\/assets\/file-type-icons\/zip.svg\" \/><\/div>\n            <div class=\"media-body\">\n                <h3 class=\"package-title\"><a href='https:\/\/kokkolaopera.com\/sv\/download\/ahti-karjalainen-elama-kekkonen-ja-teot-premiere-kuvat-paivi-karjalainen\/'>Ahti Karjalainen - el\u00e4m\u00e4, Kekkonen ja teot premiere, kuvat: P\u00e4ivi Karjalainen<\/a><\/h3>\n                <div class=\"text-muted text-small\"><i class=\"fas fa-copy\"><\/i> 1 file(s) <i class=\"fas fa-hdd ml-3\"><\/i> 173.41 MB<\/div>\n            <\/div>\n            <div class=\"ml-3\">\n                <a class='wpdm-download-link download-on-click btn btn-primary ' rel='nofollow' href='#' data-downloadurl=\"https:\/\/kokkolaopera.com\/sv\/download\/ahti-karjalainen-elama-kekkonen-ja-teot-premiere-kuvat-paivi-karjalainen\/?wpdmdl=6555&refresh=69d78c8de5eff1775733901\">Download<\/a>\n            <\/div>\n        <\/div>\n    <\/div>\n<\/div>\n\n<\/div>\n<div class='w3eden'><!-- WPDM Link Template: Default Template -->\n\n<div class=\"link-template-default card mb-2\">\n    <div class=\"card-body\">\n        <div class=\"media\">\n            <div class=\"mr-3 img-48\"><img decoding=\"async\" class=\"wpdm_icon\" alt=\"Icon\" src=\"https:\/\/kokkolaopera.com\/wp-content\/plugins\/download-manager\/assets\/file-type-icons\/zip.svg\" \/><\/div>\n            <div class=\"media-body\">\n                <h3 class=\"package-title\"><a href='https:\/\/kokkolaopera.com\/sv\/download\/ahti-karjalainen-elama-kekkonen-ja-teot-lehdistokuvat-kuvat-paivi-karjalainen\/'>Ahti Karjalainen - el\u00e4m\u00e4, Kekkonen ja teot lehdist\u00f6kuvat, kuvat: P\u00e4ivi Karjalainen<\/a><\/h3>\n                <div class=\"text-muted text-small\"><i class=\"fas fa-copy\"><\/i> 1 file(s) <i class=\"fas fa-hdd ml-3\"><\/i> 263.55 MB<\/div>\n            <\/div>\n            <div class=\"ml-3\">\n                <a class='wpdm-download-link download-on-click btn btn-primary ' rel='nofollow' href='#' data-downloadurl=\"https:\/\/kokkolaopera.com\/sv\/download\/ahti-karjalainen-elama-kekkonen-ja-teot-lehdistokuvat-kuvat-paivi-karjalainen\/?wpdmdl=6551&refresh=69d78c8de788f1775733901\">Download<\/a>\n            <\/div>\n        <\/div>\n    <\/div>\n<\/div>\n\n<\/div>\n<div class='w3eden'><!-- WPDM Link Template: Default Template -->\n\n<div class=\"link-template-default card mb-2\">\n    <div class=\"card-body\">\n        <div class=\"media\">\n            <div class=\"mr-3 img-48\"><img decoding=\"async\" class=\"wpdm_icon\" alt=\"Icon\" src=\"https:\/\/kokkolaopera.com\/wp-content\/plugins\/download-manager\/assets\/file-type-icons\/zip.svg\" \/><\/div>\n            <div class=\"media-body\">\n                <h3 class=\"package-title\"><a href='https:\/\/kokkolaopera.com\/sv\/download\/f-couperin-lecons-de-tenebres-hamaran-lauluja-kuvat-paivi-karjalainen\/'>F.Couperin: Le\u00e7ons de T\u00e9n\u00e8bres \/ H\u00e4m\u00e4r\u00e4n lauluja, kuvat: P\u00e4ivi Karjalainen<\/a><\/h3>\n                <div class=\"text-muted text-small\"><i class=\"fas fa-copy\"><\/i> 1 file(s) <i class=\"fas fa-hdd ml-3\"><\/i> 80.83 MB<\/div>\n            <\/div>\n            <div class=\"ml-3\">\n                <a class='wpdm-download-link download-on-click btn btn-primary ' rel='nofollow' href='#' data-downloadurl=\"https:\/\/kokkolaopera.com\/sv\/download\/f-couperin-lecons-de-tenebres-hamaran-lauluja-kuvat-paivi-karjalainen\/?wpdmdl=6549&refresh=69d78c8de91f71775733901\">Download<\/a>\n            <\/div>\n        <\/div>\n    <\/div>\n<\/div>\n\n<\/div>\n<div class='w3eden'><!-- WPDM Link Template: Default Template -->\n\n<div class=\"link-template-default card mb-2\">\n    <div class=\"card-body\">\n        <div class=\"media\">\n            <div class=\"mr-3 img-48\"><img decoding=\"async\" class=\"wpdm_icon\" alt=\"Icon\" src=\"https:\/\/kokkolaopera.com\/wp-content\/plugins\/download-manager\/assets\/file-type-icons\/zip.svg\" \/><\/div>\n            <div class=\"media-body\">\n                <h3 class=\"package-title\"><a href='https:\/\/kokkolaopera.com\/sv\/download\/ahti-karjalainen-elama-kekkonen-ja-teot-harjoituskuvat-by-paivi-karjalainen\/'>Ahti Karjalainen - el\u00e4m\u00e4, Kekkonen ja teot harjoituskuvat, kuvat: P\u00e4ivi Karjalainen<\/a><\/h3>\n                <div class=\"text-muted text-small\"><i class=\"fas fa-copy\"><\/i> 1 file(s) <i class=\"fas fa-hdd ml-3\"><\/i> 128.68 MB<\/div>\n            <\/div>\n            <div class=\"ml-3\">\n                <a class='wpdm-download-link download-on-click btn btn-primary ' rel='nofollow' href='#' data-downloadurl=\"https:\/\/kokkolaopera.com\/sv\/download\/ahti-karjalainen-elama-kekkonen-ja-teot-harjoituskuvat-by-paivi-karjalainen\/?wpdmdl=6547&refresh=69d78c8deab011775733901\">Download<\/a>\n            <\/div>\n        <\/div>\n    <\/div>\n<\/div>\n\n<\/div>[\/vc_column_text][\/vc_column][\/vc_row]<\/p>\n<\/div>","protected":false},"excerpt":{"rendered":"<p>[vc_row][vc_column][vc_column_text] Media [\/vc_column_text][\/vc_column][\/vc_row][vc_row][vc_column][vc_column_text] Karleby Operasommar 2017 [\/vc_column_text][\/vc_column][\/vc_row][vc_row][vc_column][vc_column_text] Karleby Operasommar 2016 [\/vc_column_text][\/vc_column][\/vc_row]<\/p>\n","protected":false},"author":1,"featured_media":0,"parent":0,"menu_order":0,"comment_status":"open","ping_status":"closed","template":"","meta":{"ngg_post_thumbnail":0,"footnotes":""},"class_list":["post-6841","page","type-page","status-publish"],"_links":{"self":[{"href":"https:\/\/kokkolaopera.com\/sv\/wp-json\/wp\/v2\/pages\/6841","targetHints":{"allow":["GET"]}}],"collection":[{"href":"https:\/\/kokkolaopera.com\/sv\/wp-json\/wp\/v2\/pages"}],"about":[{"href":"https:\/\/kokkolaopera.com\/sv\/wp-json\/wp\/v2\/types\/page"}],"author":[{"embeddable":true,"href":"https:\/\/kokkolaopera.com\/sv\/wp-json\/wp\/v2\/users\/1"}],"replies":[{"embeddable":true,"href":"https:\/\/kokkolaopera.com\/sv\/wp-json\/wp\/v2\/comments?post=6841"}],"version-history":[{"count":0,"href":"https:\/\/kokkolaopera.com\/sv\/wp-json\/wp\/v2\/pages\/6841\/revisions"}],"wp:attachment":[{"href":"https:\/\/kokkolaopera.com\/sv\/wp-json\/wp\/v2\/media?parent=6841"}],"curies":[{"name":"wp","href":"https:\/\/api.w.org\/{rel}","templated":true}]}}