{"id":6494,"date":"2016-04-18T11:51:54","date_gmt":"2016-04-18T09:51:54","guid":{"rendered":"http:\/\/kokkolaopera.com\/?page_id=6494"},"modified":"2016-04-18T12:01:42","modified_gmt":"2016-04-18T10:01:42","slug":"karleby-operasommar-2016","status":"publish","type":"page","link":"https:\/\/kokkolaopera.com\/sv\/karleby-operasommar-2016\/","title":{"rendered":"Karleby Operasommar 2016"},"content":{"rendered":"<div class=\"wpb-content-wrapper\"><p>[vc_row][vc_column][vc_single_image image=&#8221;6429&#8243; img_size=&#8221;full&#8221; alignment=&#8221;center&#8221;][\/vc_column][\/vc_row][vc_row][vc_column][vc_column_text]<strong>Evenemang under Operasommaren 2016:<\/strong><\/p>\n<p><strong>torsdag 21.07. Kl. 20 Karleby Kyrka<\/strong><\/p>\n<p><span class=\"s1\">F. Couperin: Le\u00e7ons de T\u00e9n\u00e8bres \/ H\u00e4m\u00e4r\u00e4n lauluja \/ Dunklets l\u00e4sningar<br \/>\nAnu Komsi, Piia Komsi, Lauri Pulakka, Jouko Laivuori<\/span><\/p>\n<p>Kyrkokonserten \u00e4r ett samarbete med Karleby Svenska F\u00f6rsamlings sommarmusikserie \/ Karleby Sockenkyrka<\/p>\n<p><strong>fredag 22.07. Kl. 19 Yxpila arbetarhus<\/strong><\/p>\n<p class=\"p1\"><span class=\"s1\">Heinz-Juhani Hofmann: \u201dAhti Karjalainen-el\u00e4m\u00e4, Kekkonen ja teot\u201d, libretto Juha Hurme, inledning Erkki Liikanen, chefdirekt\u00f6r, Finlands Bank<br \/>\nDirigent: Erkki Lasonpalo<br \/>\nAhti Karjalainen: Herman Wallen<br \/>\nUrho Kekkonen: Anu Komsi<br \/>\nKraut: Piia Komsi<br \/>\nViina: Annika Myll\u00e4ri<\/span><\/p>\n<p class=\"p1\">Kokkolan Opera Ensemble<\/p>\n<p><strong>l\u00f6rdag 23.07. Kl. 19 Yxpila arbetarhus<\/strong><\/p>\n<p class=\"p1\"><span class=\"s1\">Heinz-Juhani Hofmann:\u201dAhti Karjalainen-el\u00e4m\u00e4, Kekkonen ja teot\u201d<\/span><\/p>\n<p><strong style=\"line-height: 1.5;\">s\u00f6ndag\u00a024.07. Kl. 19<\/strong><\/p>\n<p class=\"p1\"><span class=\"s1\">Vid Saha strand utmanas opera i en boxningsring. Bl.a. Monteverdi, Verdi. Medverkande: T\u00f6l\u00f6l\u00e4b och<br \/>\noperasommarens artister.<\/span><\/p>\n<p class=\"p1\">BILJETTER: 0400 329425 \/ YKSPIHLAJA KULTURVECKA \/ <a href=\"http:\/\/www.lipputoimisto.fi\" target=\"_blank\">LIPPUTOIMISTO.FI<\/a>\u00a0\/ tuula.myllari@saunalahti.fi<\/p>\n<p>[\/vc_column_text][\/vc_column][\/vc_row][vc_row][vc_column][vc_separator border_width=&#8221;5&#8243;][\/vc_column][\/vc_row][vc_row][vc_column][vc_single_image image=&#8221;6484&#8243; img_size=&#8221;large&#8221; alignment=&#8221;center&#8221; onclick=&#8221;custom_link&#8221; img_link_target=&#8221;_blank&#8221; img_link_large=&#8221;yes&#8221; link=&#8221;http:\/http:\/\/kokkolaopera.com\/wp-content\/uploads\/2016\/01\/oopperakesa2016large.jpg&#8221;][\/vc_column][\/vc_row][vc_row][vc_column][vc_separator border_width=&#8221;5&#8243;][\/vc_column][\/vc_row]<\/p>\n<\/div>","protected":false},"excerpt":{"rendered":"<p>[vc_row][vc_column][vc_single_image image=&#8221;6429&#8243; img_size=&#8221;full&#8221; alignment=&#8221;center&#8221;][\/vc_column][\/vc_row][vc_row][vc_column][vc_column_text]Evenemang under Operasommaren 2016: torsdag 21.07. Kl. 20 Karleby Kyrka F. Couperin: Le\u00e7ons de T\u00e9n\u00e8bres \/ H\u00e4m\u00e4r\u00e4n lauluja \/ Dunklets l\u00e4sningar Anu Komsi, Piia Komsi, Lauri Pulakka, Jouko Laivuori Kyrkokonserten \u00e4r ett samarbete med Karleby Svenska F\u00f6rsamlings sommarmusikserie \/ Karleby Sockenkyrka fredag 22.07. Kl. 19 Yxpila arbetarhus Heinz-Juhani Hofmann: \u201dAhti Karjalainen-el\u00e4m\u00e4, Kekkonen &#8230; <a title=\"Karleby Operasommar 2016\" class=\"read-more\" href=\"https:\/\/kokkolaopera.com\/sv\/karleby-operasommar-2016\/\" aria-label=\"L\u00e4s mer om Karleby Operasommar 2016\">L\u00e4s mer<\/a><\/p>\n","protected":false},"author":1,"featured_media":0,"parent":0,"menu_order":0,"comment_status":"closed","ping_status":"closed","template":"","meta":{"ngg_post_thumbnail":0,"footnotes":""},"class_list":["post-6494","page","type-page","status-publish"],"_links":{"self":[{"href":"https:\/\/kokkolaopera.com\/sv\/wp-json\/wp\/v2\/pages\/6494","targetHints":{"allow":["GET"]}}],"collection":[{"href":"https:\/\/kokkolaopera.com\/sv\/wp-json\/wp\/v2\/pages"}],"about":[{"href":"https:\/\/kokkolaopera.com\/sv\/wp-json\/wp\/v2\/types\/page"}],"author":[{"embeddable":true,"href":"https:\/\/kokkolaopera.com\/sv\/wp-json\/wp\/v2\/users\/1"}],"replies":[{"embeddable":true,"href":"https:\/\/kokkolaopera.com\/sv\/wp-json\/wp\/v2\/comments?post=6494"}],"version-history":[{"count":0,"href":"https:\/\/kokkolaopera.com\/sv\/wp-json\/wp\/v2\/pages\/6494\/revisions"}],"wp:attachment":[{"href":"https:\/\/kokkolaopera.com\/sv\/wp-json\/wp\/v2\/media?parent=6494"}],"curies":[{"name":"wp","href":"https:\/\/api.w.org\/{rel}","templated":true}]}}