{"id":5323,"date":"2015-03-06T19:15:17","date_gmt":"2015-03-06T17:15:17","guid":{"rendered":"http:\/\/kokkolaopera.com\/?page_id=5323"},"modified":"2020-01-27T20:24:42","modified_gmt":"2020-01-27T18:24:42","slug":"trollflojten-galleri","status":"publish","type":"page","link":"https:\/\/kokkolaopera.com\/sv\/trollflojten-galleri\/","title":{"rendered":"W.A.Mozart: Trollfl\u00f6jten 2011"},"content":{"rendered":"<p>&nbsp;<\/p>\n<h4>W.A.Mozart: Trollfl\u00f6jten 2011<\/h4>\n<p>Fotograf: P\u00e4ivi Karjalainen<\/p>\n<p>f\u00f6rsta gruppen<\/p>\nngg_shortcode_0_placeholder\n<p>andra gruppen<\/p>\nngg_shortcode_1_placeholder\n","protected":false},"excerpt":{"rendered":"<p>&nbsp; W.A.Mozart: Trollfl\u00f6jten 2011 Fotograf: P\u00e4ivi Karjalainen f\u00f6rsta gruppen &nbsp; andra gruppen<\/p>\n","protected":false},"author":1,"featured_media":0,"parent":0,"menu_order":0,"comment_status":"open","ping_status":"closed","template":"","meta":{"ngg_post_thumbnail":0,"footnotes":""},"class_list":["post-5323","page","type-page","status-publish"],"_links":{"self":[{"href":"https:\/\/kokkolaopera.com\/sv\/wp-json\/wp\/v2\/pages\/5323","targetHints":{"allow":["GET"]}}],"collection":[{"href":"https:\/\/kokkolaopera.com\/sv\/wp-json\/wp\/v2\/pages"}],"about":[{"href":"https:\/\/kokkolaopera.com\/sv\/wp-json\/wp\/v2\/types\/page"}],"author":[{"embeddable":true,"href":"https:\/\/kokkolaopera.com\/sv\/wp-json\/wp\/v2\/users\/1"}],"replies":[{"embeddable":true,"href":"https:\/\/kokkolaopera.com\/sv\/wp-json\/wp\/v2\/comments?post=5323"}],"version-history":[{"count":0,"href":"https:\/\/kokkolaopera.com\/sv\/wp-json\/wp\/v2\/pages\/5323\/revisions"}],"wp:attachment":[{"href":"https:\/\/kokkolaopera.com\/sv\/wp-json\/wp\/v2\/media?parent=5323"}],"curies":[{"name":"wp","href":"https:\/\/api.w.org\/{rel}","templated":true}]}}