{"id":5225,"date":"2015-03-02T20:23:17","date_gmt":"2015-03-02T18:23:17","guid":{"rendered":"http:\/\/kokkolaopera.com\/?page_id=5225"},"modified":"2020-01-27T19:38:36","modified_gmt":"2020-01-27T17:38:36","slug":"carmen-arkiv","status":"publish","type":"page","link":"https:\/\/kokkolaopera.com\/sv\/carmen-arkiv\/","title":{"rendered":"(2010) Georges Bizet: Carmen"},"content":{"rendered":"<div class=\"wpb-content-wrapper\"><p>[vc_row][vc_column][vc_column_text]<\/p>\n<h3 style=\"text-align: left;\">(2010) Georges Bizet: Carmen<\/h3>\n<p>[\/vc_column_text][\/vc_column][\/vc_row][vc_row][vc_column][vc_single_image image=&#8221;5040&#8243; img_size=&#8221;555&#8243; style=&#8221;vc_box_outline&#8221; border_color=&#8221;black&#8221;][\/vc_column][\/vc_row][vc_row][vc_column][vc_column_text]<\/p>\n<h4><strong>Levande musik och film m\u00f6ts i Carmen!<\/strong><\/h4>\n<p>Under Karleby Operasommar i juli framf\u00f6rs en av v\u00e4rldens mest k\u00e4nda och omtyckta operor, Carmen. West Coast Kokkola Operas version av Carmen \u00e4r en levande f\u00f6rest\u00e4llning, d\u00e4r dirigenten Sakari Oramo m\u00f6ter toppsolister, en stor okrester, vuxen- och barnk\u00f6rer samt film.<\/p>\n<p>Anu Komsi beskriver projektet s\u00e5h\u00e4r:<\/p>\n<p>&#8221;Karlebyoperans Carmen litar p\u00e5 kraften i Bizets musik att kunna ber\u00e4tta historien, ett lidelsefullt triangeldrama. Vi g\u00f6r den till en intensiv operaf\u00f6rest\u00e4llning genom att kombinera scenregi och stumfilm till en organiskt fungerande helhet. Orkestern &#8221;Uusi Filharmonia&#8221; f\u00f6r med sig ung energi och mod och varje s\u00e5ngare, fr\u00e5n solist till k\u00f6rmedlem, erbjuder s\u00e4kerligen publiken just det som opera skall erbjuda, det vill s\u00e4ga upplevelser som ingen kan gl\u00f6mma.&#8221;[\/vc_column_text][\/vc_column][\/vc_row][vc_row][vc_column width=&#8221;1\/2&#8243;][vc_column_text]Dirigent: Sakari Oramo<br \/>\n<span style=\"line-height: 1.5;\">Regi: Juho Kuosmanen och Juha Mustanoja<br \/>\n<\/span><span style=\"line-height: 1.5;\">2. dirigent: Santtu-Matias Rouvali<br \/>\n<\/span><span style=\"line-height: 1.5;\">Orkester: Uusi Filharmonia<br \/>\n<\/span><span style=\"line-height: 1.5;\">K\u00f6r &amp; Barnk\u00f6r: Kokkola Opera<br \/>\n<\/span><span style=\"line-height: 1.5;\">Dr\u00e4ktdesign: Noora Salmi<br \/>\n<\/span><span style=\"line-height: 1.5;\">Maskering: Ami Missi-Sandelin<br \/>\n<\/span><span style=\"line-height: 1.5;\">K\u00f6rledning: Mari Sillanp\u00e4\u00e4<br \/>\n<\/span><span style=\"line-height: 1.5;\">\u00d6vningspianister: Heikki M\u00e4ntyl\u00e4 och Kaarina Nisonen<br \/>\n<\/span><span style=\"line-height: 1.5;\">Repetit\u00f6r, franska spr\u00e5ket: Pia V\u00e4rri<\/span>[\/vc_column_text][vc_column_text]<\/p>\n<h4>Solister<\/h4>\n<p>Don Jos\u00e9: Mati Turi<br \/>\nEscamillo: Hannu Niemel\u00e4<br \/>\nZuniga: Robert McLoud<br \/>\nMorales: S\u00f6ren Lillkung<br \/>\nCarmen: Hilary Summers<br \/>\nMicaela: Anu Komsi<br \/>\nFrasquita: Annami Hylkil\u00e4<br \/>\nMercedes: Annika Myll\u00e4ri<br \/>\nEl Dancairo: Dong-Hoon Han<br \/>\nEl Remendado: Bill Ravall[\/vc_column_text][\/vc_column][vc_column width=&#8221;1\/2&#8243;][vc_column_text]&nbsp;<\/p>\n<div style=\"width: 264px;\" class=\"wp-video\"><video class=\"wp-video-shortcode\" id=\"video-5225-1\" width=\"264\" height=\"208\" preload=\"none\" controls=\"controls\"><source type=\"video\/mp4\" src=\"http:\/\/kokkolaopera.com\/wp-content\/uploads\/2015\/02\/carmen1_high.mp4?_=1\" \/><a href=\"http:\/\/kokkolaopera.com\/wp-content\/uploads\/2015\/02\/carmen1_high.mp4\">http:\/\/kokkolaopera.com\/wp-content\/uploads\/2015\/02\/carmen1_high.mp4<\/a><\/video><\/div>\n<p>[\/vc_column_text][vc_column_text]<a href=\"http:\/\/kokkolaopera.info\/media\/opera_liite_4s_vedos3.pdf\" target=\"_blank\" rel=\"noopener noreferrer\">L\u00e4s operasommarens tabloid<\/a>[\/vc_column_text][\/vc_column][\/vc_row][vc_row][vc_column][\/vc_column][\/vc_row]<\/p>\n<\/div>","protected":false},"excerpt":{"rendered":"<p>[vc_row][vc_column][vc_column_text] (2010) Georges Bizet: Carmen [\/vc_column_text][\/vc_column][\/vc_row][vc_row][vc_column][vc_single_image image=&#8221;5040&#8243; img_size=&#8221;555&#8243; style=&#8221;vc_box_outline&#8221; border_color=&#8221;black&#8221;][\/vc_column][\/vc_row][vc_row][vc_column][vc_column_text] Levande musik och film m\u00f6ts i Carmen! Under Karleby Operasommar i juli framf\u00f6rs en av v\u00e4rldens mest k\u00e4nda och omtyckta operor, Carmen. West Coast Kokkola Operas version av Carmen \u00e4r en levande f\u00f6rest\u00e4llning, d\u00e4r dirigenten Sakari Oramo m\u00f6ter toppsolister, en stor okrester, vuxen- och barnk\u00f6rer &#8230; <a title=\"(2010) Georges Bizet: Carmen\" class=\"read-more\" href=\"https:\/\/kokkolaopera.com\/sv\/carmen-arkiv\/\" aria-label=\"L\u00e4s mer om (2010) Georges Bizet: Carmen\">L\u00e4s mer<\/a><\/p>\n","protected":false},"author":1,"featured_media":0,"parent":0,"menu_order":0,"comment_status":"open","ping_status":"closed","template":"","meta":{"ngg_post_thumbnail":0,"footnotes":""},"class_list":["post-5225","page","type-page","status-publish"],"_links":{"self":[{"href":"https:\/\/kokkolaopera.com\/sv\/wp-json\/wp\/v2\/pages\/5225","targetHints":{"allow":["GET"]}}],"collection":[{"href":"https:\/\/kokkolaopera.com\/sv\/wp-json\/wp\/v2\/pages"}],"about":[{"href":"https:\/\/kokkolaopera.com\/sv\/wp-json\/wp\/v2\/types\/page"}],"author":[{"embeddable":true,"href":"https:\/\/kokkolaopera.com\/sv\/wp-json\/wp\/v2\/users\/1"}],"replies":[{"embeddable":true,"href":"https:\/\/kokkolaopera.com\/sv\/wp-json\/wp\/v2\/comments?post=5225"}],"version-history":[{"count":0,"href":"https:\/\/kokkolaopera.com\/sv\/wp-json\/wp\/v2\/pages\/5225\/revisions"}],"wp:attachment":[{"href":"https:\/\/kokkolaopera.com\/sv\/wp-json\/wp\/v2\/media?parent=5225"}],"curies":[{"name":"wp","href":"https:\/\/api.w.org\/{rel}","templated":true}]}}