{"id":5217,"date":"2015-03-02T20:05:06","date_gmt":"2015-03-02T18:05:06","guid":{"rendered":"http:\/\/kokkolaopera.com\/?page_id=5217"},"modified":"2015-06-11T20:16:37","modified_gmt":"2015-06-11T18:16:37","slug":"dobeln-arkiv","status":"publish","type":"page","link":"https:\/\/kokkolaopera.com\/sv\/dobeln-arkiv\/","title":{"rendered":"(2009) Sebastian Fagerlund : D\u00f6beln 1809"},"content":{"rendered":"<div class=\"wpb-content-wrapper\"><p>[vc_row][vc_column width=&#8221;1\/1&#8243;][vc_column_text]<\/p>\n<h3 style=\"text-align: left;\">(2009) Sebastian Fagerlund : D\u00f6beln 1809<\/h3>\n<p>[\/vc_column_text][\/vc_column][\/vc_row][vc_row][vc_column width=&#8221;1\/1&#8243;][vc_single_image image=&#8221;4055&#8243; style=&#8221;vc_box_outline&#8221; border_color=&#8221;black&#8221; img_link_large=&#8221;&#8221; img_link_target=&#8221;_self&#8221; img_size=&#8221;560&#8243;][\/vc_column][\/vc_row][vc_row][vc_column width=&#8221;1\/1&#8243;][vc_column_text]Huvudpersonen i min opera \u201dD\u00f6beln 1809\u201d, ett best\u00e4llningsverk av Karleby Operasommar, \u00e4r en p\u00e5 m\u00e5nga s\u00e4tt omtvistad svensk general vid namn Georg Carl von D\u00f6beln, som under 1700- och 1800-talet framg\u00e5ngsrikt ledde de svenska krigstrupperna. Under striderna i Porrassalmi 1789 blev D\u00f6beln skjuten i huvudet och han skadades sv\u00e5rt. D\u00f6belns och Kung Gustav IV Adolfs meningsskiljaktigheter till trots kommenderade Gustav IV Adolf honom \u00e5r 1809 att leda \u00c5lands f\u00f6rsvar mot det ryska anfallet samt de svenska truppernas retr\u00e4tt \u00f6ver ett fruset \u00c5lands hav.<\/p>\n<p>I operans ramber\u00e4ttelse s\u00e4tts handlingen i r\u00f6relse genom att D\u00f6beln skjuts och skottskadan i huvudet opereras. Denna samma operation avslutar \u00e4ven operan. I ett opiumrus under operationen dr\u00f6mmer och hallucinerar D\u00f6beln om de uppgifter han kommer att f\u00e5 samt retr\u00e4tten p\u00e5 isen. I omr\u00e5det mellan verklighet och overklighet b\u00f6rjar D\u00f6beln ifr\u00e5gas\u00e4tta sig sj\u00e4lv och v\u00e4ga sina val och de konsekvenser de ger upphov till. D\u00e5 D\u00f6beln sjunker allt djupare in i sin sinnev\u00e4rld blir b\u00e5de han, m\u00e4nniskorna han tr\u00e4ffar, figurerna hans fantasi skapat samt h\u00e4ndelserna runt honom allt konstigare och groteskare.<\/p>\n<p><i>Sebastian Fagerlund 2009<\/i>[\/vc_column_text][\/vc_column][\/vc_row][vc_row][vc_column width=&#8221;1\/1&#8243;][vc_column_text]<\/p>\n<h4>Arbetsgrup<\/h4>\n<p>Dirigent: Sakari Oramo<br \/>\nRegiss\u00f6r:\u00a0Ville Sandqvist<br \/>\nLibretto:\u00a0Jusa Peltoniemi<br \/>\nKomposition: \u00a0Sebastian Fagerlund<br \/>\nScenografi och kostym: Raija Malka<br \/>\nLjuss\u00e4tting: Jyri Suominen<br \/>\nKonstn\u00e4rlig ledare: Anu Komsi<br \/>\nVerksamhetsledare: Annika Myll\u00e4ri[\/vc_column_text][vc_column_text]<\/p>\n<h4>I Rollerna<\/h4>\n<p>Anu Komsi &#8211; sopran<br \/>\nAnnika Myll\u00e4ri &#8211; sopran<br \/>\nLasse Penttinen\u00a0&#8211; tenor<br \/>\nS\u00f6ren Lillkung\u00a0&#8211; baryton<br \/>\nRobert McLoud &#8211; bas[\/vc_column_text][\/vc_column][\/vc_row][vc_row][vc_column width=&#8221;1\/1&#8243;][\/vc_column][\/vc_row]<\/p>\n<\/div>","protected":false},"excerpt":{"rendered":"<p>[vc_row][vc_column width=&#8221;1\/1&#8243;][vc_column_text] (2009) Sebastian Fagerlund : D\u00f6beln 1809 [\/vc_column_text][\/vc_column][\/vc_row][vc_row][vc_column width=&#8221;1\/1&#8243;][vc_single_image image=&#8221;4055&#8243; style=&#8221;vc_box_outline&#8221; border_color=&#8221;black&#8221; img_link_large=&#8221;&#8221; img_link_target=&#8221;_self&#8221; img_size=&#8221;560&#8243;][\/vc_column][\/vc_row][vc_row][vc_column width=&#8221;1\/1&#8243;][vc_column_text]Huvudpersonen i min opera \u201dD\u00f6beln 1809\u201d, ett best\u00e4llningsverk av Karleby Operasommar, \u00e4r en p\u00e5 m\u00e5nga s\u00e4tt omtvistad svensk general vid namn Georg Carl von D\u00f6beln, som under 1700- och 1800-talet framg\u00e5ngsrikt ledde de svenska krigstrupperna. Under striderna i Porrassalmi &#8230; <a title=\"(2009) Sebastian Fagerlund : D\u00f6beln 1809\" class=\"read-more\" href=\"https:\/\/kokkolaopera.com\/sv\/dobeln-arkiv\/\" aria-label=\"L\u00e4s mer om (2009) Sebastian Fagerlund : D\u00f6beln 1809\">L\u00e4s mer<\/a><\/p>\n","protected":false},"author":1,"featured_media":0,"parent":0,"menu_order":0,"comment_status":"open","ping_status":"closed","template":"","meta":{"ngg_post_thumbnail":0,"footnotes":""},"class_list":["post-5217","page","type-page","status-publish"],"_links":{"self":[{"href":"https:\/\/kokkolaopera.com\/sv\/wp-json\/wp\/v2\/pages\/5217","targetHints":{"allow":["GET"]}}],"collection":[{"href":"https:\/\/kokkolaopera.com\/sv\/wp-json\/wp\/v2\/pages"}],"about":[{"href":"https:\/\/kokkolaopera.com\/sv\/wp-json\/wp\/v2\/types\/page"}],"author":[{"embeddable":true,"href":"https:\/\/kokkolaopera.com\/sv\/wp-json\/wp\/v2\/users\/1"}],"replies":[{"embeddable":true,"href":"https:\/\/kokkolaopera.com\/sv\/wp-json\/wp\/v2\/comments?post=5217"}],"version-history":[{"count":0,"href":"https:\/\/kokkolaopera.com\/sv\/wp-json\/wp\/v2\/pages\/5217\/revisions"}],"wp:attachment":[{"href":"https:\/\/kokkolaopera.com\/sv\/wp-json\/wp\/v2\/media?parent=5217"}],"curies":[{"name":"wp","href":"https:\/\/api.w.org\/{rel}","templated":true}]}}