{"id":5193,"date":"2015-03-02T19:42:23","date_gmt":"2015-03-02T17:42:23","guid":{"rendered":"http:\/\/kokkolaopera.com\/?page_id=5193"},"modified":"2020-01-27T20:35:40","modified_gmt":"2020-01-27T18:35:40","slug":"galleri","status":"publish","type":"page","link":"https:\/\/kokkolaopera.com\/sv\/galleri\/","title":{"rendered":"Galleri"},"content":{"rendered":"<div class=\"wpb-content-wrapper\"><p>[vc_row][vc_column][vc_column_text]<\/p>\n<h1>Galleri<\/h1>\n<p>[\/vc_column_text][\/vc_column][\/vc_row][vc_row][vc_column][vc_column_text]<a href=\"https:\/\/kokkolaopera.com\/sv\/karleby-operasommar-2015-galleri\/\">Karleby Operasommar 2015<\/a><\/p>\n<p><a href=\"https:\/\/kokkolaopera.com\/sv\/trollflojten-galleri\/\">W.A.Mozart: Trollfl\u00f6jten 2011<\/a><\/p>\n<p><a href=\"https:\/\/kokkolaopera.com\/sv\/carmen-galleri\/\">Bizet: Carmen<\/a><\/p>\n<p><a href=\"https:\/\/kokkolaopera.com\/sv\/dobeln-galleri\/\">Sebastian Fagerlund: D\u00f6beln 1809<\/a><\/p>\n<p><a href=\"https:\/\/kokkolaopera.com\/sv\/hastarna-kommer-galleri\/\">Cary John Franklin: H\u00e4starna kommer<\/a><\/p>\n<p><a href=\"https:\/\/kokkolaopera.com\/sv\/lulu-galleri\/\">Alban Berg: Lulu<\/a><\/p>\n<p><a href=\"https:\/\/kokkolaopera.com\/sv\/offerere-galleri\/\">Offerere\/ Carissimi: Jephta &amp; Puccini: Suor Angelica<\/a><\/p>\n<p><a href=\"https:\/\/kokkolaopera.com\/sv\/figaro-galleri\/\">W.A.Mozart: Figaro 2006-2007<\/a><\/p>\n<p><a href=\"https:\/\/kokkolaopera.com\/sv\/lepakko-galleri\/\">J. Straus JR.: Lepakko<\/a>[\/vc_column_text][\/vc_column][\/vc_row]<\/p>\n<\/div>","protected":false},"excerpt":{"rendered":"<p>[vc_row][vc_column][vc_column_text] Galleri [\/vc_column_text][\/vc_column][\/vc_row][vc_row][vc_column][vc_column_text]Karleby Operasommar 2015 W.A.Mozart: Trollfl\u00f6jten 2011 Bizet: Carmen Sebastian Fagerlund: D\u00f6beln 1809 Cary John Franklin: H\u00e4starna kommer Alban Berg: Lulu Offerere\/ Carissimi: Jephta &amp; Puccini: Suor Angelica W.A.Mozart: Figaro 2006-2007 J. Straus JR.: Lepakko[\/vc_column_text][\/vc_column][\/vc_row]<\/p>\n","protected":false},"author":1,"featured_media":0,"parent":0,"menu_order":0,"comment_status":"open","ping_status":"closed","template":"","meta":{"ngg_post_thumbnail":0,"footnotes":""},"class_list":["post-5193","page","type-page","status-publish"],"_links":{"self":[{"href":"https:\/\/kokkolaopera.com\/sv\/wp-json\/wp\/v2\/pages\/5193","targetHints":{"allow":["GET"]}}],"collection":[{"href":"https:\/\/kokkolaopera.com\/sv\/wp-json\/wp\/v2\/pages"}],"about":[{"href":"https:\/\/kokkolaopera.com\/sv\/wp-json\/wp\/v2\/types\/page"}],"author":[{"embeddable":true,"href":"https:\/\/kokkolaopera.com\/sv\/wp-json\/wp\/v2\/users\/1"}],"replies":[{"embeddable":true,"href":"https:\/\/kokkolaopera.com\/sv\/wp-json\/wp\/v2\/comments?post=5193"}],"version-history":[{"count":0,"href":"https:\/\/kokkolaopera.com\/sv\/wp-json\/wp\/v2\/pages\/5193\/revisions"}],"wp:attachment":[{"href":"https:\/\/kokkolaopera.com\/sv\/wp-json\/wp\/v2\/media?parent=5193"}],"curies":[{"name":"wp","href":"https:\/\/api.w.org\/{rel}","templated":true}]}}