{"id":5099,"date":"2015-02-28T22:14:12","date_gmt":"2015-02-28T20:14:12","guid":{"rendered":"http:\/\/kokkolaopera.com\/?page_id=5099"},"modified":"2018-11-26T20:19:12","modified_gmt":"2018-11-26T18:19:12","slug":"foreningen","status":"publish","type":"page","link":"https:\/\/kokkolaopera.com\/sv\/foreningen\/","title":{"rendered":"F\u00f6reningen"},"content":{"rendered":"<div class=\"wpb-content-wrapper\"><p>[vc_row][vc_column][vc_column_text]<\/p>\n<h2>Karleby operaf\u00f6rening r.f. avslutar sin verksamhet under \u00e5ret 2018<\/h2>\n<h2>F\u00f6reningen<\/h2>\n<p>Karleby Operaf\u00f6rening r.f. (Turn\u00e9namn: West Coast Kokkola Opera)<br \/>\nKarleby Operaf\u00f6rening grundades \u00e5r 2004 av Anu Komsi, Sakari Oramo, Annika Myll\u00e4ri och Robert McLoud. Alla \u00e4r internationellt etablerade konstn\u00e4rer.<\/p>\n<p>Operans verksamhetsmotton har varit starkt kunnande och samlande av toppkonstn\u00e4rer, utan att gl\u00f6mma den konstn\u00e4rliga kreativitetens risktaganden eller k\u00e4rleken till hemtrakten. Detta framg\u00e5r i bl.a. produktioner d\u00e4r tv\u00e5spr\u00e5kigheten i Karleby tas fram.<\/p>\n<p>Vi \u00f6nskar er v\u00e4lkomna till operan!<\/p>\n<p>&nbsp;<\/p>\n<p><a href=\"http:\/\/kokkolaopera.com\/wp-content\/uploads\/2015\/02\/annika_sakari_anu.jpg\"><img loading=\"lazy\" decoding=\"async\" class=\"alignnone size-full wp-image-7\" src=\"http:\/\/kokkolaopera.com\/wp-content\/uploads\/2015\/02\/annika_sakari_anu.jpg\" alt=\"Esa Melamets\u008a\" width=\"600\" height=\"308\" srcset=\"https:\/\/kokkolaopera.com\/wp-content\/uploads\/2015\/02\/annika_sakari_anu.jpg 600w, https:\/\/kokkolaopera.com\/wp-content\/uploads\/2015\/02\/annika_sakari_anu-300x154.jpg 300w\" sizes=\"auto, (max-width: 600px) 100vw, 600px\" \/><\/a><\/p>\n<p>&nbsp;<\/p>\n<p><strong>Prestationer:<\/strong><\/p>\n<p>&#8211; Konstens statspris 2008<br \/>\n&#8211; Karleby Operasommar medlem i Finland Festivals-kedjan fr.o.m. \u00e5r 2008<br \/>\n&#8211; Premi\u00e4rer; W. A. Mozart: Figaros Br\u00f6llop 2006-2007, Mozartin matkassa 2006, J. Strauss d.y.: L\u00e4derlappen, 2007-2008, Carissimi-Puccini: Offerere 2008, Sch\u00f6nberg: Pierrot Lunaire 2008, Opera Gala 2008, Opera Gala 2009, D\u00f6beln 1809, 2009, H\u00e4starna kommer, 2009, Sch\u00f6nberg: Ode to Napoleon, 2009, Bizet: Carmen 2010, Opera Gala 2010<br \/>\n-Emma-nominering 2010 (D\u00f6beln 2809)<br \/>\n2011: W.A.Mozart: Trollfl\u00f6jten<br \/>\n2012: Heinz-Juhani Hofmann: Ahti Karjalainen \u2013 el\u00e4m\u00e4, Kekkonen ja teot (libretto Juha Hurme)<br \/>\n2012: Jovanka Trbojevic: Shopping Operas<br \/>\n2012: Detlev Glanert: Drei Wasserspiele<br \/>\n2012: Antonio Vivaldi: La verita in cimento<br \/>\n2013: Gustav Holst: Savitri<br \/>\n2013: Benjamin Britten: Pieni Nokipoika \/ Den Lilla Sotarpojken<br \/>\n2014: Kurt Weill: Der Silbersee<\/p>\n<p><strong>Karleby Operaf\u00f6renings Styrelse fr\u00e5n 01.07.2014<\/strong><\/p>\n<p>Ordf\u00f6rande: Anu Komsi<br \/>\nViceordf\u00f6rande: Sakari Oramo<br \/>\nKass\u00f6r: Annika Myll\u00e4ri<\/p>\n<p>Kaija Jestoi<\/p>\n<p><strong>Hedersordf\u00f6rander:<\/strong><br \/>\nMartin Granholm<br \/>\nMatti Sundberg[\/vc_column_text][\/vc_column][\/vc_row]<\/p>\n<\/div>","protected":false},"excerpt":{"rendered":"<p>[vc_row][vc_column][vc_column_text] Karleby operaf\u00f6rening r.f. avslutar sin verksamhet under \u00e5ret 2018 F\u00f6reningen Karleby Operaf\u00f6rening r.f. (Turn\u00e9namn: West Coast Kokkola Opera) Karleby Operaf\u00f6rening grundades \u00e5r 2004 av Anu Komsi, Sakari Oramo, Annika Myll\u00e4ri och Robert McLoud. Alla \u00e4r internationellt etablerade konstn\u00e4rer. Operans verksamhetsmotton har varit starkt kunnande och samlande av toppkonstn\u00e4rer, utan att gl\u00f6mma den konstn\u00e4rliga kreativitetens &#8230; <a title=\"F\u00f6reningen\" class=\"read-more\" href=\"https:\/\/kokkolaopera.com\/sv\/foreningen\/\" aria-label=\"L\u00e4s mer om F\u00f6reningen\">L\u00e4s mer<\/a><\/p>\n","protected":false},"author":1,"featured_media":0,"parent":0,"menu_order":0,"comment_status":"open","ping_status":"closed","template":"","meta":{"ngg_post_thumbnail":0,"footnotes":""},"class_list":["post-5099","page","type-page","status-publish"],"_links":{"self":[{"href":"https:\/\/kokkolaopera.com\/sv\/wp-json\/wp\/v2\/pages\/5099","targetHints":{"allow":["GET"]}}],"collection":[{"href":"https:\/\/kokkolaopera.com\/sv\/wp-json\/wp\/v2\/pages"}],"about":[{"href":"https:\/\/kokkolaopera.com\/sv\/wp-json\/wp\/v2\/types\/page"}],"author":[{"embeddable":true,"href":"https:\/\/kokkolaopera.com\/sv\/wp-json\/wp\/v2\/users\/1"}],"replies":[{"embeddable":true,"href":"https:\/\/kokkolaopera.com\/sv\/wp-json\/wp\/v2\/comments?post=5099"}],"version-history":[{"count":0,"href":"https:\/\/kokkolaopera.com\/sv\/wp-json\/wp\/v2\/pages\/5099\/revisions"}],"wp:attachment":[{"href":"https:\/\/kokkolaopera.com\/sv\/wp-json\/wp\/v2\/media?parent=5099"}],"curies":[{"name":"wp","href":"https:\/\/api.w.org\/{rel}","templated":true}]}}