{"id":5095,"date":"2015-02-28T22:06:27","date_gmt":"2015-02-28T20:06:27","guid":{"rendered":"http:\/\/kokkolaopera.com\/?page_id=5095"},"modified":"2015-07-22T15:25:48","modified_gmt":"2015-07-22T13:25:48","slug":"karleby-operasommar-2015","status":"publish","type":"page","link":"https:\/\/kokkolaopera.com\/sv\/karleby-operasommar-2015\/","title":{"rendered":"Karleby Operasommar 2015"},"content":{"rendered":"<div class=\"wpb-content-wrapper\"><p>[vc_row][vc_column width=&#8221;1\/1&#8243;][vc_single_image image=&#8221;5802&#8243; alignment=&#8221;center&#8221; border_color=&#8221;grey&#8221; img_link_large=&#8221;&#8221; img_link_target=&#8221;_self&#8221; img_size=&#8221;full&#8221;][\/vc_column][\/vc_row][vc_row][vc_column width=&#8221;1\/1&#8243;][vc_column_text]<\/p>\n<h4><span style=\"font-size: large;\"><b>X Karleby Operasommar<\/b><\/span><\/h4>\n<p>&nbsp;<\/p>\n<p><span style=\"font-size: medium;\">Den tionde Karleby Operasommaren bjuder p\u00e5 v\u00e4rldspremi\u00e4ren av operan <\/span><span style=\"font-size: medium;\"><b>Harrb\u00e5das Brud<\/b><\/span><span style=\"font-size: medium;\">, komponerad av <\/span><span style=\"font-size: medium;\"><b>Seppo Pohjola<\/b><\/span><span style=\"font-size: medium;\">, som baserar sig p\u00e5 en legend fr\u00e5n Karleby. Uruppf\u00f6randet framf\u00f6rs tillsammans med <\/span><span style=\"font-size: medium;\"><b>Jean Sibelius\u2019 <\/b><\/span><span style=\"font-size: medium;\">enda opera, <\/span><span style=\"font-size: medium;\"><b>Jungfrun i Tornet, <\/b><\/span><span style=\"font-size: medium;\">d\u00e4r operorna bildar en diptyk vars historia \u00e4r listig, kuslig (sp\u00f6klik) och gripande.<\/span><\/p>\n<p><span style=\"font-size: medium;\"><b>Sakari Oramo<\/b><\/span><span style=\"font-size: medium;\">, som h\u00f6r till en av v\u00e4rldens mest ansedda Sibelius-kapellm\u00e4stare, dirigerar Sibelius\u2019 verk och den yngre beg\u00e5vningen <\/span><span style=\"font-size: medium;\"><b>Erkki Lasonpalo<\/b><\/span><span style=\"font-size: medium;\"> h\u00e5ller i taktpinnen till Pohjolas verk. Orkester \u00e4r den v\u00e4lk\u00e4nda <\/span><span style=\"font-size: medium;\"><b>Mellersta \u00d6sterbottens kammarorkester. <\/b><\/span><span style=\"font-size: medium;\">Diptyken regisseras av den alltid lika uppfinningsrika <\/span><span style=\"font-size: medium;\"><b>Aku-Petteri Pahkam\u00e4ki<\/b><\/span><span style=\"font-size: medium;\"> och solister i de virtuella rollerna \u00e4r <\/span><span style=\"font-size: medium;\"><b>Anu Komsi, Annika Myll\u00e4ri, Annami Hylkil\u00e4, Markus Nyk\u00e4nen,<\/b><\/span> <span style=\"font-size: medium;\"><b>S\u00f6ren Lillkung och Riku Pelo.<\/b><\/span><\/p>\n<p>&nbsp;<\/p>\n<p><span style=\"font-size: medium;\"><b>Varmt v\u00e4lkomna till Karleby Operasommar!<\/b><\/span><\/p>\n<p>&nbsp;<\/p>\n<p><span class=\"rpHighlightAllClass rpHighlightSubjectClass\" tabindex=\"-1\">L\u00e4s librettot<br \/>\n<div class='w3eden'><!-- WPDM Link Template: Default Template -->\n\n<div class=\"link-template-default card mb-2\">\n    <div class=\"card-body\">\n        <div class=\"media\">\n            <div class=\"mr-3 img-48\"><img decoding=\"async\" class=\"wpdm_icon\" alt=\"Icon\" src=\"https:\/\/kokkolaopera.com\/wp-content\/plugins\/download-manager\/assets\/file-type-icons\/pdf.svg\" \/><\/div>\n            <div class=\"media-body\">\n                <h3 class=\"package-title\"><a href='https:\/\/kokkolaopera.com\/sv\/download\/harrbadan-libretto-pdf\/'>Harrb\u00e5dan Libretto (.pdf)<\/a><\/h3>\n                <div class=\"text-muted text-small\"><i class=\"fas fa-copy\"><\/i> 1 file(s) <i class=\"fas fa-hdd ml-3\"><\/i> 102.55 KB<\/div>\n            <\/div>\n            <div class=\"ml-3\">\n                <a class='wpdm-download-link download-on-click btn btn-primary ' rel='nofollow' href='#' data-downloadurl=\"https:\/\/kokkolaopera.com\/sv\/download\/harrbadan-libretto-pdf\/?wpdmdl=5856&refresh=69d7628f8d7911775723151\">Download<\/a>\n            <\/div>\n        <\/div>\n    <\/div>\n<\/div>\n\n<\/div><\/span>[\/vc_column_text][vc_separator color=&#8221;grey&#8221; align=&#8221;align_center&#8221; border_width=&#8221;5&#8243;][\/vc_column][\/vc_row][vc_row][vc_column width=&#8221;1\/1&#8243;][vc_column_text]Under Karleby Operasommars fest\u00e5r 2015 m\u00f6ts Anders Chydenius och Jean Sibelius v\u00e4gar i ord och toner.<\/p>\n<p>&#8230;&#8221; Chydenius var tvungen att l\u00e4nge ge sj\u00e4lav\u00e5rd.&#8221; &#8230;. sjunger vi i Jusa Peltoniemis text i slutscenen i operan Harrb\u00e5das brud. Trots att operan utspelas strax efter andra v\u00e4rldskriget d\u00e4r Finland \u00e4r intrasslat med g\u00f6mda vapen och kortspelet Pidro fr\u00e5n Karleby v\u00e4cker heta k\u00e4nslor, hittar man ocks\u00e5 sj\u00e4lav\u00e5rdande nyanser i Seppo Pohjolas musik. Musiken balanserar ber\u00e4ttelsen som dryper av sp\u00e4nning och humor. Pidrog\u00e4nget har storartade dr\u00f6mmar om att lyfta Karlebys str\u00e4nder till kulturens och exportindustrins h\u00f6gtravande ljusb\u00e4rare och skyltf\u00f6nster mot v\u00e4rlden. Men s\u00e5 drabbas de av det v\u00e4rldspolitiska l\u00e4get och sp\u00f6ken stiger ur sina gravar p\u00e5 Harrb\u00e5da udde. Brudlegenden fr\u00e5n Harrb\u00e5da udde i Karleby f\u00e5r sin forts\u00e4ttning i Anders Chydenius adoptivdotters dotterson Jean Sibelius opera, d\u00e4r jungfrun \u00e4r inl\u00e5st i tornet och v\u00e4ntar p\u00e5 befrielse. Vem ska r\u00e4dda henne och vad h\u00e4nder med pidrospelarna? Hittar man vapnen? Blir det ett flygf\u00e4lt eller en s\u00e5ngscen vid Sandstrand? Kom och se och h\u00f6r vad som sker p\u00e5 str\u00e4nderna i Karleby i juli! Det \u00e4r fest\u00e5r b\u00e5de f\u00f6r Karleby Operasommar och f\u00f6r v\u00e5r nationalhj\u00e4lte Jean Sibelius. V\u00e4lkommen att njuta av unika framtr\u00e4danden p\u00e5 v\u00e5r ljusa v\u00e4stkust! &#8221;<\/p>\n<p>soliga h\u00e4lsningar fr\u00e5n Anu Komsi, konstn\u00e4rlig planerare och ledare f\u00f6r Karleby Operasommar[\/vc_column_text][vc_separator color=&#8221;grey&#8221; align=&#8221;align_center&#8221; border_width=&#8221;5&#8243;][\/vc_column][\/vc_row][vc_row][vc_column width=&#8221;1\/1&#8243;][vc_column_text]H\u00f6sten 2013 fick jag ett gl\u00e4djande telefonsamtal. Anu Komsi ringde och fr\u00e5gade om jag hade intresse att komponera en opera f\u00f6r Karleby operasommar 2015. Temat skulle vara en \u00e4kta karlebylegend om en sp\u00f6kande jungru vid Harrb\u00e5da fyr. Verket skulle uppf\u00f6ras som par till Sibelius ungdomsverk, operan Jungfrun i tornet, i en akt.<\/p>\n<p>Jag inledde genast komponeringen av operan Harrb\u00e5das brud efter att min f\u00f6reg\u00e5ende opera om F.E Sillanp\u00e4\u00e4 blivit f\u00e4rdig. I april 2014 fick jag i mina h\u00e4nder den f\u00f6rsta versionen av Jusa Peltoniemis libretto. J\u00e4mf\u00f6rt med den slutliga verisionen var den avskalad, till och med minimalistisk. Tre fina ber\u00e4ttelser om jungfrun, d\u00e4remellan spel och hur de avbr\u00f6ts. I enlighet med inledningstexternas bakgrundinformation villa jag veta om det politiska l\u00e4get, pidrospelarnas ekonomiska planer och spekulationerna om markk\u00f6p i librettot. Tiden gick och jag hann bli lite oroad, tills jag fick den slutliga versionen av librettot i oktober 2014.<\/p>\n<p>Ocks\u00e5 komponeringen fick d\u00e5 full fart. Anu Komsi \u00f6nskade att jag skulle komponera rikligt med ensemblehelheter och f\u00f6rs\u00f6ka undvika det stillast\u00e5ende som l\u00e5nga arior enkelt medf\u00f6r. Pidrog\u00e4ngets spel, intriger och br\u00e5k var naturligt ensemblematerial. Det var m\u00f6jligt att ge blandk\u00f6ren p\u00e5 \u00e5tta personer en anm\u00e4rkningsv\u00e4rd roll. \u00c4nda till slutet p\u00e5 komponeringsarbetet s\u00f6kte jag k\u00f6rens dramaturgiska funktion. Resultatet blev att man kan se k\u00f6ren b\u00e5de som en representant f\u00f6r Harrb\u00e5das brud eller bruden sj\u00e4lv, \u00e5 andra sidan som en irrationell, illvillig och absurd n\u00e5gonting.<\/p>\n<p>Dess kraft och tyngd v\u00e4xer medan h\u00e4ndelserna framskrider, tills den i den sista ber\u00e4ttelsen k\u00f6r \u00f6ver de egentliga ber\u00e4ttarna.<\/p>\n<p>En central tanke i komponeringen var att f\u00e5 med de finska jungfruvisorna som en del av operans musiklandskap. \u201dEn ros har v\u00e4xt i dalen\u201d (Yksi ruusu on kasvanut laaksossa), \u201dEn sommarnatt bes\u00f6kte jag\u201d (L\u00e4ksin min\u00e4 kes\u00e4y\u00f6n\u00e4 k\u00e4ym\u00e4\u00e4n), \u201dDu v\u00e4xte, vackra jungfru\u201d (S\u00e4 kasvoit neito kaunoinen) och ett par andra visor f\u00e5r en egen tolkning, vissa av dem f\u00e5r flera.<\/p>\n<p>Orkesterns andel \u00e4r anm\u00e4rkningsv\u00e4rd. Ut\u00f6ver Mellersta \u00d6sterbottens Kammarorkester deltar nio bl\u00e5sare, tv\u00e5 perkussionister och ett piano. Sakari Oramo uppmanade mig att skriva divisin f\u00f6r str\u00e5karna och det har jag sannerligen gjort!<\/p>\n<p>Partituren blev maffigt kolossal p\u00e5 350 sidor. Strukturen \u00e4r p\u00e5 m\u00e5nga st\u00e4llen snabb, ibland rent av virtuos. Visst finns det ocks\u00e5 lugn d\u00e4remellan.<\/p>\n<p>Hur ska man uttrycka sp\u00f6keri i en opera. Det \u00e4r uppenbart att det skulle vara m\u00f6jligt att ta i bruk hela spektret av vokala effekter. V\u00e4sning, fl\u00e5sande, skrik, viskningar. Sj\u00e4lv har jag varit mycket sparsam med dessa. I den f\u00f6rsta scenen mellan jungfrun och detektiven sjunger s\u00e5ngarna bara och situationens vinkling f\u00f6rmedlas genom str\u00e5karnas glidande material som i mitt sinne \u00e4r som Dalis rinnande klockor.<\/p>\n<p>Medan pidrog\u00e4nget spelar och tvistar, tvingar orkestern och k\u00f6ren in tonsk\u00e4mt som inte h\u00f6r till saken, men det g\u00f6rs ah s\u00e5 elegant. Detektivens slut stiger sitt el\u00e4nde till trots till n\u00e4stan heroiska m\u00e5tt.<\/p>\n<p>Esbo 21.5.2015,<\/p>\n<p>Seppo Pohjola[\/vc_column_text][vc_separator color=&#8221;grey&#8221; align=&#8221;align_center&#8221; border_width=&#8221;5&#8243;][\/vc_column][\/vc_row][vc_row][vc_column width=&#8221;1\/1&#8243;][vc_column_text]<span style=\"font-size: medium;\"><strong>Onsdag 22.7<\/strong> Konserter p\u00e5 sjukhus f\u00f6r patienter, personal och anh\u00f6riga<br \/>\nkl. 18.00 Operasommarens 10-\u00e5rsfanfar p\u00e5 Karleby torg<\/span><\/p>\n<p><span style=\"font-size: medium;\"><strong>Torsdag 23.7<\/strong> kl.19 Premi\u00e4r i Snellmanssalen Seppo Pohjola-Jusa Peltoniemi: Harrb\u00e5das Brud \/ Jean Sibelius: Jungfrun i Tornet, biljetter 55\/45\u20ac<\/span><\/p>\n<p><span style=\"font-size: medium;\"><strong>Fredag 24.7<\/strong> kl. 15 Kammarmusikkonsert, R\u00e5dhuset i Karleby, Sakari Oramo &amp; Liisa Pohjola verk f\u00f6r violin &amp; piano biljetter 20\/15 \u20ac<\/span><\/p>\n<p><span style=\"font-size: medium;\"><strong>Fredag 24.7<\/strong> kl. 19 Operasoar\u00e9, pidroturnering, Kokkolan Ty\u00f6v\u00e4entalo , biljetter 30\/20 \u20ac<\/span><\/p>\n<p><span style=\"font-size: medium;\"><strong>L\u00f6rdag 25.7<\/strong> kl.19 i Snellmanssalen Pohjola-Sibelius: Harrb\u00e5das Brud\/ Jungfrun i Tornet 55\/45\u20ac<\/span><\/p>\n<p><span style=\"font-size: medium;\"><strong>L\u00f6rdag 25.7<\/strong> kl.22.30 Sp\u00f6kena p\u00e5 Harrb\u00e5da udde &#8211; Taavi Oramo, Antti Salovaara, Turkka Inkil\u00e4, Harrb\u00e5da udde. Fritt intr\u00e4de<\/span><\/p>\n<p><span style=\"font-size: medium;\"><strong>S\u00f6ndag 26.7<\/strong> kl.19 i Snellmanssalen Pohjola-Sibelius: Harrb\u00e5das brud\/ Jungfrun i Tornet 55\/45\u20ac<br \/>\nkl. 22.00 Saha Strand, Yxpila. T\u00f6l\u00f6l\u00e4b: September Echoes Fritt intr\u00e4de<br \/>\n<\/span>[\/vc_column_text][\/vc_column][\/vc_row][vc_row][vc_column width=&#8221;1\/2&#8243;][vc_column_text]<\/p>\n<p style=\"text-align: left;\"><strong>Operabiljetter\u00a055\/45 \u20ac<\/strong><\/p>\n<p style=\"text-align: left;\"><strong>Grupper:<\/strong><\/p>\n<p style=\"text-align: left;\">Minst. 20 betalande\u00a0+ 1 gratisbiljett<br \/>\nMinst. 40 betalande\u00a0+ 2 gratisbiljett<br \/>\nMinst. 50 betalande\u00a0+ 3 gratisbiljett<\/p>\n<p>[\/vc_column_text][\/vc_column][vc_column width=&#8221;1\/2&#8243;][vc_column_text]<div class='w3eden'><!-- WPDM Link Template: Default Template -->\n\n<div class=\"link-template-default card mb-2\">\n    <div class=\"card-body\">\n        <div class=\"media\">\n            <div class=\"mr-3 img-48\"><img decoding=\"async\" class=\"wpdm_icon\" alt=\"Icon\" src=\"https:\/\/kokkolaopera.com\/wp-content\/plugins\/download-manager\/assets\/file-type-icons\/pdf.svg\" \/><\/div>\n            <div class=\"media-body\">\n                <h3 class=\"package-title\"><a href='https:\/\/kokkolaopera.com\/sv\/download\/hamta-operasommar-2015-kort-pdf\/'>H\u00e4mta Operasommar 2015 kort (.pdf)<\/a><\/h3>\n                <div class=\"text-muted text-small\"><i class=\"fas fa-copy\"><\/i> 1 file(s) <i class=\"fas fa-hdd ml-3\"><\/i> 2.91 MB<\/div>\n            <\/div>\n            <div class=\"ml-3\">\n                <a class='wpdm-download-link download-on-click btn btn-primary ' rel='nofollow' href='#' data-downloadurl=\"https:\/\/kokkolaopera.com\/sv\/download\/hamta-operasommar-2015-kort-pdf\/?wpdmdl=5356&refresh=69d7628f8f9151775723151\">Download<\/a>\n            <\/div>\n        <\/div>\n    <\/div>\n<\/div>\n\n<\/div>[\/vc_column_text][\/vc_column][\/vc_row][vc_row][vc_column width=&#8221;1\/1&#8243;][vc_column_text]Biljettf\u00f6rs\u00e4ljning: Lipputoimisto <a href=\"http:\/\/www.lipputoimisto.fi\/\">http:\/\/www.lipputoimisto.fi\/<\/a> tel 06 \u2013 82 29 800<\/p>\n<p>F\u00f6rs\u00e4ljningspunkter i Karleby: Karleby Turism, Luckan<\/p>\n<p>Information: Karleby Opera byr\u00e5n, Milla Impola \/ Kokkola Events Karleby, tel 044 3033 631, <a href=\"mailto:info@kokkolaeventskarleby.com\">info@kokkolaeventskarleby.com<\/a>.<\/p>\n<p>Konstn\u00e4rlig ledare Anu Komsi, <a href=\"mailto:anu.komsi@kokkolaopera.com\">anu.komsi@kokkolaopera.com<\/a>, <a href=\"http:\/\/www.kokkolaopera.com\">www.kokkolaopera.com<\/a>[\/vc_column_text][\/vc_column][\/vc_row][vc_row][vc_column width=&#8221;1\/1&#8243;][vc_gallery type=&#8221;image_grid&#8221; interval=&#8221;5&#8243; images=&#8221;2655,5339&#8243; onclick=&#8221;link_image&#8221; custom_links_target=&#8221;_self&#8221; img_size=&#8221;large&#8221;][\/vc_column][\/vc_row][vc_row][vc_column width=&#8221;1\/1&#8243;][vc_column_text][\/vc_column_text][\/vc_column][\/vc_row]<\/p>\n<\/div>","protected":false},"excerpt":{"rendered":"<p>[vc_row][vc_column width=&#8221;1\/1&#8243;][vc_single_image image=&#8221;5802&#8243; alignment=&#8221;center&#8221; border_color=&#8221;grey&#8221; img_link_large=&#8221;&#8221; img_link_target=&#8221;_self&#8221; img_size=&#8221;full&#8221;][\/vc_column][\/vc_row][vc_row][vc_column width=&#8221;1\/1&#8243;][vc_column_text] X Karleby Operasommar &nbsp; Den tionde Karleby Operasommaren bjuder p\u00e5 v\u00e4rldspremi\u00e4ren av operan Harrb\u00e5das Brud, komponerad av Seppo Pohjola, som baserar sig p\u00e5 en legend fr\u00e5n Karleby. Uruppf\u00f6randet framf\u00f6rs tillsammans med Jean Sibelius\u2019 enda opera, Jungfrun i Tornet, d\u00e4r operorna bildar en diptyk vars historia \u00e4r &#8230; <a title=\"Karleby Operasommar 2015\" class=\"read-more\" href=\"https:\/\/kokkolaopera.com\/sv\/karleby-operasommar-2015\/\" aria-label=\"L\u00e4s mer om Karleby Operasommar 2015\">L\u00e4s mer<\/a><\/p>\n","protected":false},"author":1,"featured_media":0,"parent":0,"menu_order":0,"comment_status":"open","ping_status":"closed","template":"","meta":{"ngg_post_thumbnail":0,"footnotes":""},"class_list":["post-5095","page","type-page","status-publish"],"_links":{"self":[{"href":"https:\/\/kokkolaopera.com\/sv\/wp-json\/wp\/v2\/pages\/5095","targetHints":{"allow":["GET"]}}],"collection":[{"href":"https:\/\/kokkolaopera.com\/sv\/wp-json\/wp\/v2\/pages"}],"about":[{"href":"https:\/\/kokkolaopera.com\/sv\/wp-json\/wp\/v2\/types\/page"}],"author":[{"embeddable":true,"href":"https:\/\/kokkolaopera.com\/sv\/wp-json\/wp\/v2\/users\/1"}],"replies":[{"embeddable":true,"href":"https:\/\/kokkolaopera.com\/sv\/wp-json\/wp\/v2\/comments?post=5095"}],"version-history":[{"count":0,"href":"https:\/\/kokkolaopera.com\/sv\/wp-json\/wp\/v2\/pages\/5095\/revisions"}],"wp:attachment":[{"href":"https:\/\/kokkolaopera.com\/sv\/wp-json\/wp\/v2\/media?parent=5095"}],"curies":[{"name":"wp","href":"https:\/\/api.w.org\/{rel}","templated":true}]}}