{"id":5428,"date":"2015-05-20T10:58:14","date_gmt":"2015-05-20T08:58:14","guid":{"rendered":"http:\/\/kokkolaopera.com\/?page_id=5428"},"modified":"2015-05-30T19:55:38","modified_gmt":"2015-05-30T17:55:38","slug":"a-propos-du-festival-dopera-de-kokkola","status":"publish","type":"page","link":"https:\/\/kokkolaopera.com\/fr\/a-propos-du-festival-dopera-de-kokkola\/","title":{"rendered":"A propos du festival"},"content":{"rendered":"<div class=\"wpb-content-wrapper\"><p>[vc_row][vc_column width=\u00a0\u00bb1\/1&Prime;][vc_column_text]<\/p>\n<h2>A propos du Festival d\u2019Op\u00e9ra de Kokkola<\/h2>\n<p>&nbsp;<\/p>\n<p>Le Festival d\u2019Op\u00e9ra a \u00e9t\u00e9 cr\u00e9\u00e9 en 2004 par Anu Komsi, Sakari Orama et Annika Myll\u00e4ri, artistes internationalement reconnus.<\/p>\n<p>La devise du festival est de proposer un programme audacieux d\u2019une haute qualit\u00e9 conjugu\u00e9 avec une prise de risque artistique et la volont\u00e9 de mettre en sc\u00e8ne l\u2019h\u00e9ritage et les racines venus de Kokkola et d\u2019Ostrobotnie. Les repr\u00e9sentations sont le plus souvent donn\u00e9es en finnois et en su\u00e9dois, ces deux langues \u00e9tant parl\u00e9es \u00e0 Kokkola.<\/p>\n<p>Au x \u0153uvres lyriques s\u2019ajoutent de nombreux concerts de musique classique et de musique de chambre. Le Festival d\u2019Op\u00e9ra de Kokkola a ainsi \u00e9tendu son programme de la musique baroque aux productions les plus contemporaines.<\/p>\n<p>&nbsp;<\/p>\n<p><a href=\"http:\/\/kokkolaopera.com\/wp-content\/uploads\/2015\/02\/annika_sakari_anu.jpg\"><img loading=\"lazy\" decoding=\"async\" class=\"alignnone size-full wp-image-7\" src=\"http:\/\/kokkolaopera.com\/wp-content\/uploads\/2015\/02\/annika_sakari_anu.jpg\" alt=\"Esa Melamets\u008a\" width=\"600\" height=\"308\" srcset=\"https:\/\/kokkolaopera.com\/wp-content\/uploads\/2015\/02\/annika_sakari_anu.jpg 600w, https:\/\/kokkolaopera.com\/wp-content\/uploads\/2015\/02\/annika_sakari_anu-300x154.jpg 300w\" sizes=\"auto, (max-width: 600px) 100vw, 600px\" \/><\/a><\/p>\n<p>&nbsp;<\/p>\n<p><strong>Premi\u00e8res:<\/strong><\/p>\n<p>2006-2007: W.A. Mozart: Le Mariage de Figaro<br \/>\n2007-2008: J. Strauss nuor.: Die Fledermaus<br \/>\n2008: \u201dOfferere\u201d (Carissimi: Jephte et Puccini: Suor Angelica)<br \/>\n2008: Sch\u00f6nberg: Pierrot Lunaire<br \/>\n2008: Opera Gala<br \/>\n2009: Berg: Lulu<br \/>\n2009: Fagerlund: D\u00f6beln 1809 (premi\u00e8re mondiale)<br \/>\n2009: Franklin: H\u00e4starna Kommer (op\u00e9ra pour les enfants)<br \/>\n2009: Sch\u00f6nberg: Ode \u00e0 Napoleon<br \/>\n2010: Bizet: Carmen<br \/>\n2011: W.A.Mozart: La Fl\u00fbte Enchant\u00e9e<br \/>\n2012: Heinz-Juhani Hofmann: Ahti Karjalainen \u2013 el\u00e4m\u00e4, Kekkonen ja teot (libretto Juha Hurme)<br \/>\n2012: Jovanka Trbojevic: Shopping Operas (3 mini-op\u00e9ras)<br \/>\n2012: Detlev Glanert: Drei Wasserspiele<br \/>\n2012: Antonio Vivaldi: La verita in cimento<br \/>\n2013: Gustav Holst: Savitri<br \/>\n2013: Benjamin Britten: Pieni Nokipoika \/ Den Lilla Sotarpojken<br \/>\n2014: Kurt Weill: Der Silbersee<\/p>\n<p><strong>R\u00e9compenses<\/strong><\/p>\n<p>\u2013 Prix de l\u2019\u00c9tat 2008<br \/>\n\u2013 Festival d\u2019Op\u00e9ra de Kokkola, membre de \u00ab Finland Festivals \u00bb depuis 2008<br \/>\n\u2013 Kokkola-Award 2009<br \/>\n\u2013 Nomination Emma 2010 (Fagerlund: D\u00f6beln)<br \/>\n\u2013 Disque de l\u2019ann\u00e9e par YLE (Fagerlund: D\u00f6beln)<\/p>\n<p><strong>Le conseil d\u2019administration et l\u2019organisation <\/strong><br \/>\n<strong>Hallitus<\/strong><\/p>\n<p>Pr\u00e9sidente: Anu Komsi<br \/>\nVice-Pr\u00e9sident: Sakari Oramo<br \/>\nMembres: Kaija Jestoi<br \/>\nPr\u00e9sidents honoraires:<br \/>\nMartin Granholm<br \/>\nMatti Sundberg<\/p>\n<p>[\/vc_column_text][\/vc_column][\/vc_row]<\/p>\n<\/div>","protected":false},"excerpt":{"rendered":"<p>[vc_row][vc_column width=\u00a0\u00bb1\/1&Prime;][vc_column_text] A propos du Festival d\u2019Op\u00e9ra de Kokkola &nbsp; Le Festival d\u2019Op\u00e9ra a \u00e9t\u00e9 cr\u00e9\u00e9 en 2004 par Anu Komsi, Sakari Orama et Annika Myll\u00e4ri, artistes internationalement reconnus. La devise du festival est de proposer un programme audacieux d\u2019une haute qualit\u00e9 conjugu\u00e9 avec une prise de risque artistique et la volont\u00e9 de mettre en &#8230; <a title=\"A propos du festival\" class=\"read-more\" href=\"https:\/\/kokkolaopera.com\/fr\/a-propos-du-festival-dopera-de-kokkola\/\" aria-label=\"En savoir plus sur A propos du festival\">Lire la suite<\/a><\/p>\n","protected":false},"author":1,"featured_media":0,"parent":0,"menu_order":0,"comment_status":"open","ping_status":"closed","template":"","meta":{"ngg_post_thumbnail":0,"footnotes":""},"class_list":["post-5428","page","type-page","status-publish"],"_links":{"self":[{"href":"https:\/\/kokkolaopera.com\/fr\/wp-json\/wp\/v2\/pages\/5428","targetHints":{"allow":["GET"]}}],"collection":[{"href":"https:\/\/kokkolaopera.com\/fr\/wp-json\/wp\/v2\/pages"}],"about":[{"href":"https:\/\/kokkolaopera.com\/fr\/wp-json\/wp\/v2\/types\/page"}],"author":[{"embeddable":true,"href":"https:\/\/kokkolaopera.com\/fr\/wp-json\/wp\/v2\/users\/1"}],"replies":[{"embeddable":true,"href":"https:\/\/kokkolaopera.com\/fr\/wp-json\/wp\/v2\/comments?post=5428"}],"version-history":[{"count":0,"href":"https:\/\/kokkolaopera.com\/fr\/wp-json\/wp\/v2\/pages\/5428\/revisions"}],"wp:attachment":[{"href":"https:\/\/kokkolaopera.com\/fr\/wp-json\/wp\/v2\/media?parent=5428"}],"curies":[{"name":"wp","href":"https:\/\/api.w.org\/{rel}","templated":true}]}}