{"id":5420,"date":"2015-05-20T10:42:01","date_gmt":"2015-05-20T08:42:01","guid":{"rendered":"http:\/\/kokkolaopera.com\/?page_id=5420"},"modified":"2015-06-23T16:59:27","modified_gmt":"2015-06-23T14:59:27","slug":"festival-dopera-de-kokkola-2015","status":"publish","type":"page","link":"https:\/\/kokkolaopera.com\/fr\/festival-dopera-de-kokkola-2015\/","title":{"rendered":"Festival 2015"},"content":{"rendered":"<div class=\"wpb-content-wrapper\"><p>[vc_row][vc_column width=\u00a0\u00bb1\/1&Prime;][vc_column_text]<\/p>\n<h4>Festival d\u2019Op\u00e9ra de Kokkola: 10 ans! 22-26.7.2015<\/h4>\n<p>&nbsp;<\/p>\n<p>Le Festival d\u2019Op\u00e9ra de Kokkola c\u00e9l\u00e8brera son dixi\u00e8me anniversaire du 22 au 26 juillet 2015 avec au programme deux \u0153uvres lyriques\u00a0: l\u2019op\u00e9ra en un acte de Jean Sibelius <em>La Jeune Fille dans la Tour, <\/em>et la premi\u00e8re mondiale d\u2019un nouvel op\u00e9ra compos\u00e9 par Seppo Pohjola et le librettiste Jusa Peltoniemi, <em>La Jeune Fille d\u2019Harrb\u00e5da<\/em>, qui s\u2019inspire d\u2019une ancienne l\u00e9gende de fant\u00f4me de la r\u00e9gion de Kokkola. La repr\u00e9sentation sera donn\u00e9e en deux langues, finnois et su\u00e9dois, et accueillera sur sc\u00e8ne l\u2019Orchestre de Chambre d\u2019Ostrobotnie, les chefs d\u2019orchestre Sakari Oramo et Erkki Lasonpalo, ainsi que les solistes Anu Komsi, Annika Myll\u00e4ri, Riku Pelo, S\u00f6ren Lillkung et Markus Nyk\u00e4nen. Metteur en sc\u00e8ne: Akupetteri Pahkam\u00e4ki, Costumes: Henna Mustamo<\/p>\n<p>Comme chaque ann\u00e9e, le festival organise \u00e9galement une s\u00e9rie de concerts dans les lieux historiques des environs de Kokkola, comme l\u2019H\u00f4tel de Ville, la maison des ouvriers et la plage de Saha \u00e0 Ykspihlaja. Le festival perp\u00e9tue sa participation \u00e0 la sc\u00e8ne musicale estivale finlandaise en offrant une ambiance exceptionnelle et enjou\u00e9e et souhaite \u00e0 son public la bienvenue \u00e0 Kokkola, sous le soleil de la c\u00f4te ouest finlandaise.<\/p>\n<p>Jean Sibelius: La Jeunne Fille dans la Tour<br \/>\nSeppo Pohjola\/ libretto Jusa Peltoniemi: La Jeune Fille d\u2019Harrb\u00e5da PREMIERE MONDIALE[\/vc_column_text][\/vc_column][\/vc_row][vc_row][vc_column width=\u00a0\u00bb1\/1&Prime;][vc_column_text]<\/p>\n<h5><strong>Programme 2015<\/strong>:<\/h5>\n<p>&nbsp;<\/p>\n<p><strong>Mercredi 22.07.<\/strong><\/p>\n<p>Concerts dans les hopitaux<br \/>\n18:00 Fanfare sur la place du march\u00e9 de Kokkola<\/p>\n<p><strong>Jeudi 23.07.<\/strong><\/p>\n<p>19.00 Premi\u00e8re Mondiale, Seppo Pohjola: La Jeune Fille d\u2019Harrb\u00e5da\u00a0; Jean Sibelius (1896) La Jeune Fille dans la Tour, Snellmann Hall<\/p>\n<p><strong>Vendredi 24.07.<\/strong><\/p>\n<p>15.00 Concert de Musique de Chambre, H\u00f4tel de Ville Jean Sibelius, Oeuvres pour piano et violon, par Sakari Oramo et Liisa Pohjola.<br \/>\n19.00 Gala, Maison des Ouvriers de Kokkola, Pormestarinkatu 28<\/p>\n<p><strong>Samedi 25.07.<\/strong><\/p>\n<p>19.00 Seppo Pohjola: La Jeune Fille d\u2019Harrb\u00e5da\u00a0; Jean Sibelius (1896) La Jeune Fille dans la Tour, Snellmann Hall<br \/>\n22.30 Concert: Les fant\u00f4mes d\u2019Harrb\u00e5da. Anu Komsi,Taavi Oramo, Antti Salovaara, Turkka Inkil\u00e4. Harrb\u00e5danniemi<\/p>\n<p><strong>Dimanche 26.07.<\/strong><\/p>\n<p>19.00 Seppo Pohjola: La Jeune Fille d\u2019Harrb\u00e5da, Jean Sibelius (1896) La Jeune Fille dans la Tour, Snellmann Hall<\/p>\n<p>[\/vc_column_text][\/vc_column][\/vc_row][vc_row][vc_column width=\u00a0\u00bb1\/1&Prime;][vc_column_text]<\/p>\n<p><strong>Tarifs: 55\/45 \u20ac<\/strong><\/p>\n<p><strong>Groupe:<\/strong> Min. 20 payants + 1 ticket gratuit, min. 40 payants + 2 gratuits et min. 50 + 3 gratuits<\/p>\n<p><strong>Billetterie::<\/strong> Lipputoimisto <a href=\"http:\/\/www.lipputoimisto.fi\/p.%2006-8229800\">http:\/\/www.lipputoimisto.fi\/ p. 06-8229800<\/a><\/p>\n<p><strong>Point de vente \u00e0 Kokkola:<\/strong> Kokkolan Matkailu, Luckan<\/p>\n<p><strong>Renseignements:<\/strong> Office de Kokkola Opera, Milla Impola\u00a0; Kokkolan Events Karleby tel. +35844 3033 631, <a href=\"mailto:info@kokkolaeventskarleby.com\">info@kokkolaeventskarleby.com<\/a>; Directeur Artistique: Anu Komsi, <a href=\"mailto:anu.komsi@kokkolaopera.com\">anu.komsi@kokkolaopera.com<\/a><\/p>\n<p>&nbsp;<\/p>\n<p>[\/vc_column_text][\/vc_column][\/vc_row][vc_row][vc_column width=\u00a0\u00bb1\/1&Prime;][vc_gallery type=\u00a0\u00bbimage_grid\u00a0\u00bb interval=\u00a0\u00bb5&Prime; images=\u00a0\u00bb2655,5339&Prime; onclick=\u00a0\u00bblink_image\u00a0\u00bb custom_links_target=\u00a0\u00bb_self\u00a0\u00bb img_size=\u00a0\u00bblarge\u00a0\u00bb][\/vc_column][\/vc_row][vc_row][vc_column width=\u00a0\u00bb1\/1&Prime;][vc_column_text][\/vc_column_text][\/vc_column][\/vc_row]<\/p>\n<\/div>","protected":false},"excerpt":{"rendered":"<p>[vc_row][vc_column width=\u00a0\u00bb1\/1&Prime;][vc_column_text] Festival d\u2019Op\u00e9ra de Kokkola: 10 ans! 22-26.7.2015 &nbsp; Le Festival d\u2019Op\u00e9ra de Kokkola c\u00e9l\u00e8brera son dixi\u00e8me anniversaire du 22 au 26 juillet 2015 avec au programme deux \u0153uvres lyriques\u00a0: l\u2019op\u00e9ra en un acte de Jean Sibelius La Jeune Fille dans la Tour, et la premi\u00e8re mondiale d\u2019un nouvel op\u00e9ra compos\u00e9 par Seppo Pohjola &#8230; <a title=\"Festival 2015\" class=\"read-more\" href=\"https:\/\/kokkolaopera.com\/fr\/festival-dopera-de-kokkola-2015\/\" aria-label=\"En savoir plus sur Festival 2015\">Lire la suite<\/a><\/p>\n","protected":false},"author":1,"featured_media":0,"parent":0,"menu_order":0,"comment_status":"open","ping_status":"closed","template":"","meta":{"ngg_post_thumbnail":0,"footnotes":""},"class_list":["post-5420","page","type-page","status-publish"],"_links":{"self":[{"href":"https:\/\/kokkolaopera.com\/fr\/wp-json\/wp\/v2\/pages\/5420","targetHints":{"allow":["GET"]}}],"collection":[{"href":"https:\/\/kokkolaopera.com\/fr\/wp-json\/wp\/v2\/pages"}],"about":[{"href":"https:\/\/kokkolaopera.com\/fr\/wp-json\/wp\/v2\/types\/page"}],"author":[{"embeddable":true,"href":"https:\/\/kokkolaopera.com\/fr\/wp-json\/wp\/v2\/users\/1"}],"replies":[{"embeddable":true,"href":"https:\/\/kokkolaopera.com\/fr\/wp-json\/wp\/v2\/comments?post=5420"}],"version-history":[{"count":0,"href":"https:\/\/kokkolaopera.com\/fr\/wp-json\/wp\/v2\/pages\/5420\/revisions"}],"wp:attachment":[{"href":"https:\/\/kokkolaopera.com\/fr\/wp-json\/wp\/v2\/media?parent=5420"}],"curies":[{"name":"wp","href":"https:\/\/api.w.org\/{rel}","templated":true}]}}