{"id":5416,"date":"2015-05-20T10:25:44","date_gmt":"2015-05-20T08:25:44","guid":{"rendered":"http:\/\/kokkolaopera.com\/?page_id=5416"},"modified":"2022-10-24T09:41:28","modified_gmt":"2022-10-24T06:41:28","slug":"accueil","status":"publish","type":"page","link":"https:\/\/kokkolaopera.com\/fr\/","title":{"rendered":"Accueil"},"content":{"rendered":"<div class=\"wpb-content-wrapper\"><p>[vc_row][vc_column][vc_column_text][\/vc_column_text][\/vc_column][\/vc_row][vc_row][vc_column][vc_separator][\/vc_column][\/vc_row][vc_row][vc_column][vc_single_image image=\u00a0\u00bb6438&Prime; img_size=\u00a0\u00bbfull\u00a0\u00bb alignment=\u00a0\u00bbcenter\u00a0\u00bb onclick=\u00a0\u00bbcustom_link\u00a0\u00bb link=\u00a0\u00bbhttp:\/\/kokkolaopera.com\/wp-content\/uploads\/2015\/03\/juliste2ylinauha.jpg\u00a0\u00bb][vc_column_text]L\u2019Etoile du Nord,<\/p>\n<p>Un chef-d\u2019oeuvre d\u2019op\u00e9ra fran\u00e7ais datant des ann\u00e9es 1854-56 sera cr\u00e9\u00e9 pour la premi\u00e8re fois en Finlande au Festival d&rsquo;op\u00e9ra de Kokkola cet \u00e9t\u00e9.<\/p>\n<p>L\u2019Etoile du Nord se d\u00e9roule dans les for\u00eats au bord du golfe de Finlande, pr\u00e8s de la ville de Viborg en Car\u00e9lie.<\/p>\n<p>Choisie pour c\u00e9l\u00e9brer \u2018Finlande-100 ans\u2019, l\u2019oeuvre de Giacomo Meyerbeer nous d\u00e9crit la situation du pays entre les grandes puissances de la Su\u00e8de et de la Russie d\u2019une fa\u00e7on divertissante et dr\u00f4le gr\u00e2ce \u00e0 sa musique autant harmonieuse que joyeuse. La fl\u00fbte et la colorature apporteront la paix sur les champs de bataille.<\/p>\n<p>Parmi la programmation officielle de &lsquo;Finlande-100 ans&rsquo;, l\u2019Etoile de Nord apportera un point de vue europ\u00e9en du 19\u00e8me si\u00e8cle avec sa description du caract\u00e8re authentique du peuple finlandais au travers de la musique romantique fran\u00e7aise.<\/p>\n<p>Orchestre de chambre d\u2019Ostrobotnie-Centrale sous la direction de Sakari Oramo<br \/>\nMise en sc\u00e8ne de Maria Sid<br \/>\nDirection artistique d\u2019Anu Komsi[\/vc_column_text][\/vc_column][\/vc_row]<\/p>\n<\/div>","protected":false},"excerpt":{"rendered":"<p>[vc_row][vc_column][vc_column_text][\/vc_column_text][\/vc_column][\/vc_row][vc_row][vc_column][vc_separator][\/vc_column][\/vc_row][vc_row][vc_column][vc_single_image image=\u00a0\u00bb6438&Prime; img_size=\u00a0\u00bbfull\u00a0\u00bb alignment=\u00a0\u00bbcenter\u00a0\u00bb onclick=\u00a0\u00bbcustom_link\u00a0\u00bb link=\u00a0\u00bbhttp:\/\/kokkolaopera.com\/wp-content\/uploads\/2015\/03\/juliste2ylinauha.jpg\u00a0\u00bb][vc_column_text]L\u2019Etoile du Nord, Un chef-d\u2019oeuvre d\u2019op\u00e9ra fran\u00e7ais datant des ann\u00e9es 1854-56 sera cr\u00e9\u00e9 pour la premi\u00e8re fois en Finlande au Festival d&rsquo;op\u00e9ra de Kokkola cet \u00e9t\u00e9. L\u2019Etoile du Nord se d\u00e9roule dans les for\u00eats au bord du golfe de Finlande, pr\u00e8s de la ville de Viborg en Car\u00e9lie. Choisie pour &#8230; <a title=\"Accueil\" class=\"read-more\" href=\"https:\/\/kokkolaopera.com\/fr\/\" aria-label=\"En savoir plus sur Accueil\">Lire la suite<\/a><\/p>\n","protected":false},"author":1,"featured_media":0,"parent":0,"menu_order":0,"comment_status":"closed","ping_status":"closed","template":"","meta":{"ngg_post_thumbnail":0,"footnotes":""},"class_list":["post-5416","page","type-page","status-publish"],"_links":{"self":[{"href":"https:\/\/kokkolaopera.com\/fr\/wp-json\/wp\/v2\/pages\/5416","targetHints":{"allow":["GET"]}}],"collection":[{"href":"https:\/\/kokkolaopera.com\/fr\/wp-json\/wp\/v2\/pages"}],"about":[{"href":"https:\/\/kokkolaopera.com\/fr\/wp-json\/wp\/v2\/types\/page"}],"author":[{"embeddable":true,"href":"https:\/\/kokkolaopera.com\/fr\/wp-json\/wp\/v2\/users\/1"}],"replies":[{"embeddable":true,"href":"https:\/\/kokkolaopera.com\/fr\/wp-json\/wp\/v2\/comments?post=5416"}],"version-history":[{"count":0,"href":"https:\/\/kokkolaopera.com\/fr\/wp-json\/wp\/v2\/pages\/5416\/revisions"}],"wp:attachment":[{"href":"https:\/\/kokkolaopera.com\/fr\/wp-json\/wp\/v2\/media?parent=5416"}],"curies":[{"name":"wp","href":"https:\/\/api.w.org\/{rel}","templated":true}]}}