{"id":7515,"date":"2017-04-27T20:31:18","date_gmt":"2017-04-27T17:31:18","guid":{"rendered":"http:\/\/kokkolaopera.com\/?page_id=7515"},"modified":"2017-04-27T20:31:18","modified_gmt":"2017-04-27T17:31:18","slug":"emma-raihala-cv-en","status":"publish","type":"page","link":"https:\/\/kokkolaopera.com\/en\/emma-raihala-cv-en\/","title":{"rendered":"Emma R\u00e4ih\u00e4l\u00e4 cv"},"content":{"rendered":"<div class=\"wpb-content-wrapper\"><p>[vc_row][vc_column][vc_column_text]<\/p>\n<p style=\"text-align: center;\"><strong>Emma R\u00e4ih\u00e4l\u00e4<\/strong><\/p>\n<p>[\/vc_column_text][vc_single_image image=&#8221;7372&#8243; img_size=&#8221;full&#8221; alignment=&#8221;center&#8221;][vc_column_text]Soprano Emma R\u00e4ih\u00e4l\u00e4 (1996) studies classical singing at Centria University of Applied Sciences with Sirkka Haavisto as her teacher. She has taken her D-exam in classical piano in 2014 with Judit Petyko\u2019s guidance, and D-exam in classical singing in 2015 with Kirsi Koivisto\u2019s guidance, both in Ylivieskan seudun musiikkiopisto.<\/p>\n<p>Her experience in choir singing consists of singing in youth choir Fermaatti and in the Central Ostrobothnian Chamber Choir. Since the autumn of 2016 she has conducted the men&#8217;s choir K\u00e4lvi\u00e4n Mieslaulajat.<br \/>\nIn spring 2017 she sings the role of The First Lady in Centria\u2019s and Novia\u2019s Magic Flute -opera.[\/vc_column_text][\/vc_column][\/vc_row]<\/p>\n<\/div>","protected":false},"excerpt":{"rendered":"<p>[vc_row][vc_column][vc_column_text] Emma R\u00e4ih\u00e4l\u00e4 [\/vc_column_text][vc_single_image image=&#8221;7372&#8243; img_size=&#8221;full&#8221; alignment=&#8221;center&#8221;][vc_column_text]Soprano Emma R\u00e4ih\u00e4l\u00e4 (1996) studies classical singing at Centria University of Applied Sciences with Sirkka Haavisto as her teacher. She has taken her D-exam in classical piano in 2014 with Judit Petyko\u2019s guidance, and D-exam in classical singing in 2015 with Kirsi Koivisto\u2019s guidance, both in Ylivieskan seudun musiikkiopisto. &#8230; <a title=\"Emma R\u00e4ih\u00e4l\u00e4 cv\" class=\"read-more\" href=\"https:\/\/kokkolaopera.com\/en\/emma-raihala-cv-en\/\" aria-label=\"Read more about Emma R\u00e4ih\u00e4l\u00e4 cv\">Read more<\/a><\/p>\n","protected":false},"author":1,"featured_media":0,"parent":0,"menu_order":0,"comment_status":"closed","ping_status":"closed","template":"","meta":{"ngg_post_thumbnail":0,"footnotes":""},"class_list":["post-7515","page","type-page","status-publish"],"_links":{"self":[{"href":"https:\/\/kokkolaopera.com\/en\/wp-json\/wp\/v2\/pages\/7515","targetHints":{"allow":["GET"]}}],"collection":[{"href":"https:\/\/kokkolaopera.com\/en\/wp-json\/wp\/v2\/pages"}],"about":[{"href":"https:\/\/kokkolaopera.com\/en\/wp-json\/wp\/v2\/types\/page"}],"author":[{"embeddable":true,"href":"https:\/\/kokkolaopera.com\/en\/wp-json\/wp\/v2\/users\/1"}],"replies":[{"embeddable":true,"href":"https:\/\/kokkolaopera.com\/en\/wp-json\/wp\/v2\/comments?post=7515"}],"version-history":[{"count":0,"href":"https:\/\/kokkolaopera.com\/en\/wp-json\/wp\/v2\/pages\/7515\/revisions"}],"wp:attachment":[{"href":"https:\/\/kokkolaopera.com\/en\/wp-json\/wp\/v2\/media?parent=7515"}],"curies":[{"name":"wp","href":"https:\/\/api.w.org\/{rel}","templated":true}]}}