{"id":7513,"date":"2017-04-27T20:27:56","date_gmt":"2017-04-27T17:27:56","guid":{"rendered":"http:\/\/kokkolaopera.com\/?page_id=7513"},"modified":"2017-04-27T20:27:56","modified_gmt":"2017-04-27T17:27:56","slug":"satu-maarit-huhtala-cv-en","status":"publish","type":"page","link":"https:\/\/kokkolaopera.com\/en\/satu-maarit-huhtala-cv-en\/","title":{"rendered":"Satu-Maarit Huhtala cv"},"content":{"rendered":"<div class=\"wpb-content-wrapper\"><p>[vc_row][vc_column][vc_column_text]<\/p>\n<p style=\"text-align: center;\"><strong>Satu-Maarit Huhtala<br \/>\n<\/strong><\/p>\n<p>[\/vc_column_text][vc_single_image image=&#8221;7378&#8243; img_size=&#8221;full&#8221; alignment=&#8221;center&#8221;][vc_column_text]Satu-Maarit Huhtala is a mezzosoprano who lives in Kokkola. She will graduate as a music pedagog in autumn 2017 with Sirkka Haavisto as her teacher. Huhtala has studied lied music under the guidance of Heikki Pellinen and Juho Alak\u00e4rpp\u00e4 among others, and operatic working under the guidance of Hannu Ilmolahti, S\u00f6ren Lillkung and Annika Myll\u00e4ri. She has also participated in Mari Palo&#8217;s and Reetta Ristim\u00e4ki&#8217;s master classes in singing.<\/p>\n<p>In the spring of 2014 Huhtala sang as a soloist in the premiere of \u201cPunainen\u201d \u2013 a female choir composition by Kari Pappinen. In he spring of 2015 she played the part of Meeri Kiho in the premiere of the musical \u201cOutolintu\u201d, composed by Kari Pappinen and directed by Jukka-Pekka Rotko. Huhtala has also sung as an alto soloist in Giovanni Battista Pergolesi&#8217;s Stabat Mater, and has taken part in opera productions by West Coast Kokkola Opera and Ilmajoen Musiikkijuhlat.[\/vc_column_text][\/vc_column][\/vc_row]<\/p>\n<\/div>","protected":false},"excerpt":{"rendered":"<p>[vc_row][vc_column][vc_column_text] Satu-Maarit Huhtala [\/vc_column_text][vc_single_image image=&#8221;7378&#8243; img_size=&#8221;full&#8221; alignment=&#8221;center&#8221;][vc_column_text]Satu-Maarit Huhtala is a mezzosoprano who lives in Kokkola. She will graduate as a music pedagog in autumn 2017 with Sirkka Haavisto as her teacher. Huhtala has studied lied music under the guidance of Heikki Pellinen and Juho Alak\u00e4rpp\u00e4 among others, and operatic working under the guidance of Hannu &#8230; <a title=\"Satu-Maarit Huhtala cv\" class=\"read-more\" href=\"https:\/\/kokkolaopera.com\/en\/satu-maarit-huhtala-cv-en\/\" aria-label=\"Read more about Satu-Maarit Huhtala cv\">Read more<\/a><\/p>\n","protected":false},"author":1,"featured_media":0,"parent":0,"menu_order":0,"comment_status":"closed","ping_status":"closed","template":"","meta":{"ngg_post_thumbnail":0,"footnotes":""},"class_list":["post-7513","page","type-page","status-publish"],"_links":{"self":[{"href":"https:\/\/kokkolaopera.com\/en\/wp-json\/wp\/v2\/pages\/7513","targetHints":{"allow":["GET"]}}],"collection":[{"href":"https:\/\/kokkolaopera.com\/en\/wp-json\/wp\/v2\/pages"}],"about":[{"href":"https:\/\/kokkolaopera.com\/en\/wp-json\/wp\/v2\/types\/page"}],"author":[{"embeddable":true,"href":"https:\/\/kokkolaopera.com\/en\/wp-json\/wp\/v2\/users\/1"}],"replies":[{"embeddable":true,"href":"https:\/\/kokkolaopera.com\/en\/wp-json\/wp\/v2\/comments?post=7513"}],"version-history":[{"count":0,"href":"https:\/\/kokkolaopera.com\/en\/wp-json\/wp\/v2\/pages\/7513\/revisions"}],"wp:attachment":[{"href":"https:\/\/kokkolaopera.com\/en\/wp-json\/wp\/v2\/media?parent=7513"}],"curies":[{"name":"wp","href":"https:\/\/api.w.org\/{rel}","templated":true}]}}