{"id":7506,"date":"2017-04-27T20:21:08","date_gmt":"2017-04-27T17:21:08","guid":{"rendered":"http:\/\/kokkolaopera.com\/?page_id=7506"},"modified":"2017-04-27T20:21:08","modified_gmt":"2017-04-27T17:21:08","slug":"sanna-iljin-cv-en","status":"publish","type":"page","link":"https:\/\/kokkolaopera.com\/en\/sanna-iljin-cv-en\/","title":{"rendered":"Sanna Iljin cv"},"content":{"rendered":"<div class=\"wpb-content-wrapper\"><p>[vc_row][vc_column][vc_column_text]<\/p>\n<p style=\"text-align: center;\"><strong>Sanna Iljin<br \/>\n<\/strong><\/p>\n<p>[\/vc_column_text][vc_single_image image=&#8221;7377&#8243; img_size=&#8221;full&#8221; alignment=&#8221;center&#8221;][vc_column_text]Sanna Iljin, (1991, soprano) is studying classical singing with Hanna-Leena Haapam\u00e4ki at Helsinki Conservatory. Before she studied with Jenni L\u00e4ttil\u00e4 at the Sibelius Academy. Sanna sang the role of Miisa in the Moominopera in the winter 2017 and will sing the role of Valletto in Monteverdi&#8217;s opera The coronation of Poppea in the autumn 2017 in the production of Opera BOX.[\/vc_column_text][\/vc_column][\/vc_row]<\/p>\n<\/div>","protected":false},"excerpt":{"rendered":"<p>[vc_row][vc_column][vc_column_text] Sanna Iljin [\/vc_column_text][vc_single_image image=&#8221;7377&#8243; img_size=&#8221;full&#8221; alignment=&#8221;center&#8221;][vc_column_text]Sanna Iljin, (1991, soprano) is studying classical singing with Hanna-Leena Haapam\u00e4ki at Helsinki Conservatory. Before she studied with Jenni L\u00e4ttil\u00e4 at the Sibelius Academy. Sanna sang the role of Miisa in the Moominopera in the winter 2017 and will sing the role of Valletto in Monteverdi&#8217;s opera The coronation &#8230; <a title=\"Sanna Iljin cv\" class=\"read-more\" href=\"https:\/\/kokkolaopera.com\/en\/sanna-iljin-cv-en\/\" aria-label=\"Read more about Sanna Iljin cv\">Read more<\/a><\/p>\n","protected":false},"author":1,"featured_media":0,"parent":0,"menu_order":0,"comment_status":"closed","ping_status":"closed","template":"","meta":{"ngg_post_thumbnail":0,"footnotes":""},"class_list":["post-7506","page","type-page","status-publish"],"_links":{"self":[{"href":"https:\/\/kokkolaopera.com\/en\/wp-json\/wp\/v2\/pages\/7506","targetHints":{"allow":["GET"]}}],"collection":[{"href":"https:\/\/kokkolaopera.com\/en\/wp-json\/wp\/v2\/pages"}],"about":[{"href":"https:\/\/kokkolaopera.com\/en\/wp-json\/wp\/v2\/types\/page"}],"author":[{"embeddable":true,"href":"https:\/\/kokkolaopera.com\/en\/wp-json\/wp\/v2\/users\/1"}],"replies":[{"embeddable":true,"href":"https:\/\/kokkolaopera.com\/en\/wp-json\/wp\/v2\/comments?post=7506"}],"version-history":[{"count":0,"href":"https:\/\/kokkolaopera.com\/en\/wp-json\/wp\/v2\/pages\/7506\/revisions"}],"wp:attachment":[{"href":"https:\/\/kokkolaopera.com\/en\/wp-json\/wp\/v2\/media?parent=7506"}],"curies":[{"name":"wp","href":"https:\/\/api.w.org\/{rel}","templated":true}]}}