{"id":7093,"date":"2016-11-24T20:57:34","date_gmt":"2016-11-24T18:57:34","guid":{"rendered":"http:\/\/kokkolaopera.com\/?page_id=7093"},"modified":"2017-10-29T18:03:41","modified_gmt":"2017-10-29T16:03:41","slug":"operasummer-2017","status":"publish","type":"page","link":"https:\/\/kokkolaopera.com\/en\/operasummer-2017\/","title":{"rendered":"Opera summer 2017"},"content":{"rendered":"<div class=\"wpb-content-wrapper\"><p>[vc_row][vc_column][vc_single_image image=&#8221;7047&#8243; img_size=&#8221;full&#8221; alignment=&#8221;center&#8221;][\/vc_column][\/vc_row][vc_row][vc_column][vc_column_text]<\/p>\n<h4>G.Meyerbeer: L\u00b4etoile du Nord &#8211; Pohjant\u00e4hti (s. 1854-56)<\/h4>\n<h5>Helsinki Music Centre, Mannerheimintie 13 A, 00100 Helsinki 11.11.2017 at 7 p.m.<br \/>\n<a href=\"http:\/\/www.ticketmaster.fi\/event\/pohjantahti-letoile-du-nord-lippuja\/203917\" target=\"_blank\" rel=\"noopener\"><span style=\"color: #000000;\"><strong><span style=\"color: #800080;\">(Ticket: ticketmaster.fi)<\/span><\/strong><\/span><\/a><\/h5>\n<p>&nbsp;<\/p>\n<div class=\"pcl_tooltip_box\" style=\"display: none;\">\n<p>Image already added<\/p>\n<div class=\"arrow border\">&nbsp;<\/div>\n<div class=\"arrow\">&nbsp;<\/div>\n<\/div>\n<div class=\"pcl_global_mask\" style=\"display: none;\">&nbsp;<\/div>\n<p>[\/vc_column_text][\/vc_column][\/vc_row][vc_row][vc_column width=&#8221;1\/2&#8243;][vc_column_text]&#8221;Finally in Finland: a masterpiece of French Grand Op\u00e9ra, G. Meyerbeer: The North Star&#8221; (1854-56)<\/p>\n<p>The North Star was in it\u00b4s day a popular French romantic opera, depicting Finns by the Bay of Vyborg amidst power struggles between Russia and Sweden. The heroine is Katariina, a lady from Vyborg who manages to create peace in the entire Gulf of Finland!<\/p>\n<p>&#8220;THE FINNISH PREMIERE OF A MASTERPIECE OF ROMANTIC OPERA, WITH A STORYLINE TAKING PLACE IN RUSSIAN DOMINATED FINLAND.&#8221;<\/p>\n<p>&nbsp;[\/vc_column_text][\/vc_column][vc_column width=&#8221;1\/2&#8243;][vc_single_image image=&#8221;7063&#8243; img_size=&#8221;large&#8221; alignment=&#8221;center&#8221;][\/vc_column][\/vc_row][vc_row][vc_column width=&#8221;1\/3&#8243;][vc_single_image image=&#8221;7312&#8243; img_size=&#8221;medium&#8221; alignment=&#8221;center&#8221; onclick=&#8221;custom_link&#8221; link=&#8221;http:\/\/kokkolaopera.com\/en\/sakari-oramo-cv-en\/&#8221;][vc_column_text]<\/p>\n<p style=\"text-align: left;\"><a href=\"http:\/\/kokkolaopera.com\/en\/sakari-oramo-cv-en\/\"><strong>Conductor<\/strong>: Sakari Oramo (London, Stockholm, Vienna, Kokkola)<\/a><\/p>\n<div class=\"pcl_tooltip_box\" style=\"display: none;\">\n<p>Image already added<\/p>\n<div class=\"arrow border\">&nbsp;<\/div>\n<div class=\"arrow\">&nbsp;<\/div>\n<\/div>\n<div class=\"pcl_global_mask\" style=\"display: none;\">&nbsp;<\/div>\n<p>[\/vc_column_text][vc_column_text]<strong>Assistant Conductor<\/strong>: Ansi Verwey von Fleckenstein (Director of vocal studies, Conductor in Basel- Jesus Christ Superstar &amp; Carousel 2016-2017 &amp; Wagner Shows with piano, Stuttgart, Frankfurt, M\u00fcnchen..)<\/p>\n<div class=\"pcl_tooltip_box\" style=\"display: none;\">\n<p>Image already added<\/p>\n<div class=\"arrow border\">&nbsp;<\/div>\n<div class=\"arrow\">&nbsp;<\/div>\n<\/div>\n<div class=\"pcl_global_mask\" style=\"display: none;\">&nbsp;<\/div>\n<p>[\/vc_column_text][\/vc_column][vc_column width=&#8221;1\/3&#8243;][vc_column_text]<strong>Chorus master:<\/strong> Chloe Dufresne (Sibelius Academy Conducting Class)<br \/>\n<strong>Correpetition:<\/strong> Pia V\u00e4rri (Paris CSN)<br \/>\n<strong>Director:<\/strong> Maria Sid (Stockholm)<br \/>\n<strong>Choreography:<\/strong> Marko Ker\u00e4nen ( Helsinki, Oulu)<br \/>\n<strong>Images:<\/strong> Juha Mustanoja (Helsinki), Rasmus Vuori (New York, Helsinki Aalto University)<br \/>\n<strong>Lightning:<\/strong> Joonas Tikkanen<\/p>\n<p><strong>Producers:<\/strong><br \/>\nKirsi Tunkkari +358 40 965 0409<br \/>\nIris Seesj\u00e4rvi +358 44 564 5608<\/p>\n<div class=\"pcl_tooltip_box\" style=\"display: none;\">\n<p>Image already added<\/p>\n<div class=\"arrow border\">&nbsp;<\/div>\n<div class=\"arrow\">&nbsp;<\/div>\n<\/div>\n<div class=\"pcl_global_mask\" style=\"display: none;\">&nbsp;<\/div>\n<p>[\/vc_column_text][\/vc_column][vc_column width=&#8221;1\/3&#8243;][vc_column_text]<strong>Soloists:<\/strong><\/p>\n<p>Katariina: Anu Komsi<br \/>\nPrascovia: Anna Palimina<br \/>\nNatalie: Johanna Lehesvuori<br \/>\nEkimonna: Annastiina Tahkola<br \/>\nTsaari Peters: Michael Leibundgut<br \/>\nGritzenko: Heikki Kilpel\u00e4inen<br \/>\nIsmail Danilowitz: Herman Wallen<br \/>\nGeorges Skawronski: Oliver Kuusik<br \/>\nReynolds: Peter Achr\u00e9n<br \/>\nKermoloff: Robin Turunen<\/p>\n<div class=\"pcl_tooltip_box\" style=\"display: none;\">\n<p>Image already added<\/p>\n<div class=\"arrow border\">&nbsp;<\/div>\n<div class=\"arrow\">&nbsp;<\/div>\n<\/div>\n<div class=\"pcl_global_mask\" style=\"display: none;\">&nbsp;<\/div>\n<p>[\/vc_column_text][\/vc_column][\/vc_row][vc_row][vc_column][vc_column_text]<\/p>\n<div class=\"pcl_tooltip_box\" style=\"display: none;\">\n<p>Image already added<\/p>\n<div class=\"arrow border\">&nbsp;<\/div>\n<div class=\"arrow\">&nbsp;<\/div>\n<\/div>\n<div class=\"pcl_global_mask\" style=\"display: none;\">&nbsp;<\/div>\n<p>[\/vc_column_text][\/vc_column][\/vc_row][vc_row][vc_column width=&#8221;1\/3&#8243;][vc_single_image image=&#8221;7345&#8243; img_size=&#8221;medium&#8221; alignment=&#8221;center&#8221; onclick=&#8221;custom_link&#8221; link=&#8221;http:\/\/kokkolaopera.com\/en\/anu-komsi-cv-en\/&#8221;][vc_column_text]<\/p>\n<p style=\"text-align: center;\"><a href=\"http:\/\/kokkolaopera.com\/en\/anu-komsi-cv-en\/\"><strong>Anu Komsi<\/strong> (Salzburg, Wien, London, New York, Paris, Basel, Kokkola)<\/a><\/p>\n<p>[\/vc_column_text][vc_single_image image=&#8221;7310&#8243; img_size=&#8221;medium&#8221; alignment=&#8221;center&#8221; onclick=&#8221;custom_link&#8221; link=&#8221;http:\/\/kokkolaopera.com\/en\/johanna-lehesvuori-cv-en\/&#8221;][vc_column_text]<\/p>\n<p style=\"text-align: center;\"><a href=\"http:\/\/kokkolaopera.com\/en\/johanna-lehesvuori-cv-en\/\"><strong>Johanna Lehesvuori<\/strong> (Stockholm, Kokkola, Helsinki FNO)<\/a><\/p>\n<p>[\/vc_column_text][vc_single_image image=&#8221;7308&#8243; img_size=&#8221;medium&#8221; alignment=&#8221;center&#8221; onclick=&#8221;custom_link&#8221; link=&#8221;http:\/\/kokkolaopera.com\/en\/heikki-kilpelainen-cv-en\/&#8221;][vc_column_text]<\/p>\n<p style=\"text-align: center;\"><a href=\"http:\/\/kokkolaopera.com\/en\/heikki-kilpelainen-cv-en\/\"><strong>Heikki Kilpel\u00e4inen<\/strong> (D\u00fcsseldorf, Bremen, Mainz, Frankfurt)<\/a><\/p>\n<p>[\/vc_column_text][\/vc_column][vc_column width=&#8221;1\/3&#8243;][vc_single_image image=&#8221;7307&#8243; img_size=&#8221;medium&#8221; alignment=&#8221;center&#8221; onclick=&#8221;custom_link&#8221; link=&#8221;http:\/\/kokkolaopera.com\/en\/annastiina-tahkola-cv-en\/&#8221;][vc_column_text]<\/p>\n<p style=\"text-align: center;\"><a href=\"http:\/\/kokkolaopera.com\/en\/annastiina-tahkola-cv-en\/\"><strong>Annastiina Tahkola<\/strong> (Winner of the Sibelius-Competition, FNO Helsinki)<\/a><\/p>\n<p>[\/vc_column_text][vc_single_image image=&#8221;7522&#8243; img_size=&#8221;medium&#8221; alignment=&#8221;center&#8221; onclick=&#8221;custom_link&#8221; link=&#8221;http:\/\/kokkolaopera.com\/en\/michael-leibundgut-cv-en\/&#8221;][vc_column_text]<\/p>\n<p style=\"text-align: center;\"><a href=\"http:\/\/kokkolaopera.com\/en\/michael-leibundgut-cv-en\/\"><strong>Michael Leibundgut<\/strong><\/a><\/p>\n<p>[\/vc_column_text][vc_single_image image=&#8221;7311&#8243; img_size=&#8221;medium&#8221; alignment=&#8221;center&#8221;][vc_column_text]<\/p>\n<p style=\"text-align: center;\"><strong>Oliver Kuusik<\/strong> (Paris, Tallinn)<\/p>\n<p>[\/vc_column_text][\/vc_column][vc_column width=&#8221;1\/3&#8243;][vc_single_image image=&#8221;7306&#8243; img_size=&#8221;medium&#8221; alignment=&#8221;center&#8221; onclick=&#8221;custom_link&#8221; link=&#8221;http:\/\/kokkolaopera.com\/en\/anna-palimina-cv-en\/&#8221;][vc_column_text]<\/p>\n<p style=\"text-align: center;\"><a href=\"http:\/\/kokkolaopera.com\/en\/anna-palimina-cv-en\/\"><strong>Anna Palimina<\/strong> (Dresden, Madrid, K\u00f6ln, Salzburg Festspiele )<\/a><\/p>\n<p>[\/vc_column_text][vc_single_image image=&#8221;7713&#8243; img_size=&#8221;medium&#8221; alignment=&#8221;center&#8221;][vc_column_text]<\/p>\n<p style=\"text-align: center;\"><strong>Peter Achr\u00e9n<\/strong><\/p>\n<div class=\"pcl_tooltip_box\" style=\"display: none;\">\n<p>Image already added<\/p>\n<div class=\"arrow border\">&nbsp;<\/div>\n<div class=\"arrow\">&nbsp;<\/div>\n<\/div>\n<div class=\"pcl_global_mask\" style=\"display: none;\">&nbsp;<\/div>\n<p>[\/vc_column_text][vc_single_image image=&#8221;7309&#8243; img_size=&#8221;medium&#8221; alignment=&#8221;center&#8221; onclick=&#8221;custom_link&#8221; link=&#8221;http:\/\/kokkolaopera.com\/en\/herman-wallen-cv-en\/&#8221;][vc_column_text]<\/p>\n<p style=\"text-align: center;\"><a href=\"http:\/\/kokkolaopera.com\/en\/herman-wallen-cv-en\/\"><strong>Herman Wallen<\/strong> (Berlin)<\/a><\/p>\n<p>[\/vc_column_text][\/vc_column][\/vc_row][vc_row][vc_column][vc_column_text]<strong>Robert Mcloud<\/strong> (Helsinki FNO,)<br \/>\n<strong>Robin Turunen<\/strong> (Helsinki, Jakobstad)<\/p>\n<div class=\"pcl_tooltip_box\" style=\"display: none;\">\n<p>Image already added<\/p>\n<div class=\"arrow border\">&nbsp;<\/div>\n<div class=\"arrow\">&nbsp;<\/div>\n<\/div>\n<div class=\"pcl_global_mask\" style=\"display: none;\">&nbsp;<\/div>\n<p>[\/vc_column_text][\/vc_column][\/vc_row][vc_row][vc_column][vc_column_text]<strong>Choir<\/strong>[\/vc_column_text][\/vc_column][\/vc_row][vc_row][vc_column width=&#8221;1\/3&#8243;][vc_single_image image=&#8221;7376&#8243; img_size=&#8221;medium&#8221; alignment=&#8221;center&#8221; onclick=&#8221;custom_link&#8221; link=&#8221;http:\/\/kokkolaopera.com\/en\/minna-leena-lahti-cv-en\/&#8221;][vc_column_text]<\/p>\n<p style=\"text-align: center;\"><a href=\"http:\/\/kokkolaopera.com\/en\/minna-leena-lahti-cv-en\/\"><strong>Minna-Leena Lahti<\/strong><\/a><\/p>\n<p>[\/vc_column_text][vc_single_image image=&#8221;7373&#8243; img_size=&#8221;medium&#8221; alignment=&#8221;center&#8221;][vc_column_text]<\/p>\n<p style=\"text-align: center;\"><strong>Filip Rosengren<\/strong><\/p>\n<p>[\/vc_column_text][vc_single_image image=&#8221;7374&#8243; img_size=&#8221;medium&#8221; alignment=&#8221;center&#8221; onclick=&#8221;custom_link&#8221; link=&#8221;http:\/\/kokkolaopera.com\/en\/iris-hernandez-toppari-cv-en\/&#8221;][vc_column_text]<\/p>\n<p style=\"text-align: center;\"><strong><a href=\"http:\/\/kokkolaopera.com\/en\/iris-hernandez-toppari-cv-en\/\">Iris Hern\u00e1ndez Toppari<\/a><br \/>\n<\/strong><\/p>\n<p>[\/vc_column_text][\/vc_column][vc_column width=&#8221;1\/3&#8243;][vc_single_image image=&#8221;7377&#8243; img_size=&#8221;medium&#8221; alignment=&#8221;center&#8221; onclick=&#8221;custom_link&#8221; link=&#8221;kokkolaopera.com\/en\/sanna-iljin-cv-en\/&#8221;][vc_column_text]<\/p>\n<p style=\"text-align: center;\"><strong><a href=\"http:\/\/kokkolaopera.com\/en\/sanna-iljin-cv-en\/\">Sanna Iljin<\/a><br \/>\n<\/strong><\/p>\n<p>[\/vc_column_text][vc_single_image image=&#8221;7379&#8243; img_size=&#8221;medium&#8221; alignment=&#8221;center&#8221; onclick=&#8221;custom_link&#8221; link=&#8221;http:\/\/kokkolaopera.com\/en\/tuiki-latvala-cv-en\/&#8221;][vc_column_text]<\/p>\n<p style=\"text-align: center;\"><a href=\"http:\/\/kokkolaopera.com\/en\/tuiki-latvala-cv-en\/\"><strong>Tuiki Latvala<\/strong><\/a><\/p>\n<p>[\/vc_column_text][vc_single_image image=&#8221;7375&#8243; img_size=&#8221;medium&#8221; alignment=&#8221;center&#8221;][vc_column_text]<\/p>\n<p style=\"text-align: center;\"><strong>Katri Kantola<\/strong><\/p>\n<p>[\/vc_column_text][\/vc_column][vc_column width=&#8221;1\/3&#8243;][vc_single_image image=&#8221;7378&#8243; img_size=&#8221;medium&#8221; alignment=&#8221;center&#8221; onclick=&#8221;custom_link&#8221; link=&#8221;http:\/\/kokkolaopera.com\/en\/satu-maarit-huhtala-cv-en\/&#8221;][vc_column_text]<\/p>\n<p style=\"text-align: center;\"><a href=\"http:\/\/kokkolaopera.com\/en\/satu-maarit-huhtala-cv-en\/\"><strong>Satu-Maarit Huhtala<\/strong><\/a><\/p>\n<p>[\/vc_column_text][vc_single_image image=&#8221;7372&#8243; img_size=&#8221;medium&#8221; alignment=&#8221;center&#8221; onclick=&#8221;custom_link&#8221; link=&#8221;kokkolaopera.com\/en\/emma-raihala-cv-en\/&#8221;][vc_column_text]<\/p>\n<p style=\"text-align: center;\"><a href=\"http:\/\/kokkolaopera.com\/en\/emma-raihala-cv-en\/\"><strong>Emma R\u00e4ih\u00e4l\u00e4<\/strong><\/a><\/p>\n<p>[\/vc_column_text][\/vc_column][\/vc_row][vc_row][vc_column][vc_column_text]<strong>Maiju Heikkil\u00e4<\/strong><br \/>\n<strong>Terttu Iso-Oja <\/strong><br \/>\n<strong>Kirsi Tunkkari <\/strong><br \/>\n<strong>Richard Lounds<\/strong>[\/vc_column_text][\/vc_column][\/vc_row][vc_row][vc_column][vc_column_text]Ostrobothnian Chamber Orchestra, Military Band<\/p>\n<p>The North Star opera chorus consists of singing students from Centria, Novia, The Sibelius Academy and Metropolia, working alongside professional singers.<\/p>\n<p>&nbsp;<\/p>\n<div class=\"pcl_tooltip_box\" style=\"display: none;\">\n<p>Image already added<\/p>\n<div class=\"arrow border\">&nbsp;<\/div>\n<div class=\"arrow\">&nbsp;<\/div>\n<\/div>\n<div class=\"pcl_global_mask\" style=\"display: none;\">&nbsp;<\/div>\n<p>[\/vc_column_text][\/vc_column][\/vc_row][vc_row][vc_column][vc_single_image image=&#8221;8136&#8243; img_size=&#8221;large&#8221; alignment=&#8221;center&#8221; onclick=&#8221;custom_link&#8221; img_link_large=&#8221;yes&#8221; link=&#8221;http:\/\/kokkolaopera.com\/wp-content\/uploads\/2017\/10\/opera2017etoile_card1.jpg&#8221;][vc_single_image image=&#8221;7537&#8243; img_size=&#8221;large&#8221; alignment=&#8221;center&#8221; onclick=&#8221;custom_link&#8221; link=&#8221;http:\/\/kokkolaopera.com\/wp-content\/uploads\/2017\/10\/opera2017etoile_card2.jpg&#8221;][vc_column_text]<\/p>\n<p style=\"text-align: center;\"><div class='w3eden'><!-- WPDM Link Template: Default Template -->\n\n<div class=\"link-template-default card mb-2\">\n    <div class=\"card-body\">\n        <div class=\"media\">\n            <div class=\"mr-3 img-48\"><img decoding=\"async\" class=\"wpdm_icon\" alt=\"Icon\" src=\"https:\/\/kokkolaopera.com\/wp-content\/plugins\/download-manager\/assets\/file-type-icons\/pdf.svg\" \/><\/div>\n            <div class=\"media-body\">\n                <h3 class=\"package-title\"><a href='https:\/\/kokkolaopera.com\/en\/download\/pohjantahti-libretto-suom-pia-varri\/'>POHJANT\u00c4HTI libretto, suom. Pia V\u00e4rri<\/a><\/h3>\n                <div class=\"text-muted text-small\"><i class=\"fas fa-copy\"><\/i> 1 file(s) <i class=\"fas fa-hdd ml-3\"><\/i> 71.98 KB<\/div>\n            <\/div>\n            <div class=\"ml-3\">\n                <a class='wpdm-download-link download-on-click btn btn-primary ' rel='nofollow' href='#' data-downloadurl=\"https:\/\/kokkolaopera.com\/en\/download\/pohjantahti-libretto-suom-pia-varri\/?wpdmdl=7057&refresh=69e6b7814e9031776727937\">Download<\/a>\n            <\/div>\n        <\/div>\n    <\/div>\n<\/div>\n\n<\/div>\n<p>[\/vc_column_text][\/vc_column][\/vc_row]<\/p>\n<\/div>","protected":false},"excerpt":{"rendered":"<p>[vc_row][vc_column][vc_single_image image=&#8221;7047&#8243; img_size=&#8221;full&#8221; alignment=&#8221;center&#8221;][\/vc_column][\/vc_row][vc_row][vc_column][vc_column_text] G.Meyerbeer: L\u00b4etoile du Nord &#8211; Pohjant\u00e4hti (s. 1854-56) Helsinki Music Centre, Mannerheimintie 13 A, 00100 Helsinki 11.11.2017 at 7 p.m. (Ticket: ticketmaster.fi) &nbsp; Image already added &nbsp; &nbsp; &nbsp; [\/vc_column_text][\/vc_column][\/vc_row][vc_row][vc_column width=&#8221;1\/2&#8243;][vc_column_text]&#8221;Finally in Finland: a masterpiece of French Grand Op\u00e9ra, G. Meyerbeer: The North Star&#8221; (1854-56) The North Star was in it\u00b4s &#8230; <a title=\"Opera summer 2017\" class=\"read-more\" href=\"https:\/\/kokkolaopera.com\/en\/operasummer-2017\/\" aria-label=\"Read more about Opera summer 2017\">Read more<\/a><\/p>\n","protected":false},"author":1,"featured_media":0,"parent":0,"menu_order":0,"comment_status":"closed","ping_status":"closed","template":"","meta":{"ngg_post_thumbnail":0,"footnotes":""},"class_list":["post-7093","page","type-page","status-publish"],"_links":{"self":[{"href":"https:\/\/kokkolaopera.com\/en\/wp-json\/wp\/v2\/pages\/7093","targetHints":{"allow":["GET"]}}],"collection":[{"href":"https:\/\/kokkolaopera.com\/en\/wp-json\/wp\/v2\/pages"}],"about":[{"href":"https:\/\/kokkolaopera.com\/en\/wp-json\/wp\/v2\/types\/page"}],"author":[{"embeddable":true,"href":"https:\/\/kokkolaopera.com\/en\/wp-json\/wp\/v2\/users\/1"}],"replies":[{"embeddable":true,"href":"https:\/\/kokkolaopera.com\/en\/wp-json\/wp\/v2\/comments?post=7093"}],"version-history":[{"count":0,"href":"https:\/\/kokkolaopera.com\/en\/wp-json\/wp\/v2\/pages\/7093\/revisions"}],"wp:attachment":[{"href":"https:\/\/kokkolaopera.com\/en\/wp-json\/wp\/v2\/media?parent=7093"}],"curies":[{"name":"wp","href":"https:\/\/api.w.org\/{rel}","templated":true}]}}