{"id":6497,"date":"2016-04-18T12:01:20","date_gmt":"2016-04-18T10:01:20","guid":{"rendered":"http:\/\/kokkolaopera.com\/?page_id=6497"},"modified":"2016-04-18T12:09:52","modified_gmt":"2016-04-18T10:09:52","slug":"kokkola-opera-summer-2016","status":"publish","type":"page","link":"https:\/\/kokkolaopera.com\/en\/kokkola-opera-summer-2016\/","title":{"rendered":"Kokkola Opera Summer 2016"},"content":{"rendered":"<div class=\"wpb-content-wrapper\"><p>[vc_row][vc_column][vc_single_image image=&#8221;6429&#8243; img_size=&#8221;full&#8221; alignment=&#8221;center&#8221;][\/vc_column][\/vc_row][vc_row][vc_column][vc_column_text]<strong>Opera summer 2016 events:<\/strong><\/p>\n<p><strong>Thursday 21.07. 8PM Kaarlela Church<\/strong><\/p>\n<p><span class=\"s1\">F. Couperin: Le\u00e7ons de T\u00e9n\u00e8bres \/ H\u00e4m\u00e4r\u00e4n lauluja \/ Dunklets l\u00e4sningar<br \/>\nAnu Komsi, Piia Komsi, Lauri Pulakka, Jouko Laivuori<\/span><\/p>\n<p>The Church concert is a collaboration with the summer music -series at Kokkola Swedish Parish<\/p>\n<p><strong>Friday 22.07. 7PM Ykspihlaja Toimitalo<\/strong><\/p>\n<p class=\"p1\"><span class=\"s1\">Heinz-Juhani Hofmann:\u201dAhti Karjalainen-el\u00e4m\u00e4, Kekkonen ja teot\u201d, libretto: Juha Hurme, introduction: Governor of the Bank of Finland, Erkki Liikanen<br \/>\nConductor: Erkki Lasonpalo<br \/>\nAhti Karjalainen: Herman Wallen<br \/>\nUrho Kekkonen: Anu Komsi<br \/>\nKraut: Piia Komsi<br \/>\nViina: Annika Myll\u00e4ri<\/span><\/p>\n<p class=\"p1\">Kokkolan Opera Ensemble<\/p>\n<p><strong>Saturday 23.07. 7PM Ykspihlaja Toimitalo<\/strong><\/p>\n<p class=\"p1\"><span class=\"s1\">Heinz-Juhani Hofmann: \u201dAhti Karjalainen-el\u00e4m\u00e4, Kekkonen ja teot\u201d<\/span><\/p>\n<p><strong style=\"line-height: 1.5;\">Sunday 24.07. 7PM<\/strong><\/p>\n<p class=\"p1\"><span class=\"s1\">At Saha Beach, Opera challenges in a boxing ring, i.e. Monteverdi, Verdi<br \/>\nPerformed by T\u00f6l\u00f6l\u00e4b and Kokkola Opera Summer -artists.<\/span><\/p>\n<p class=\"p1\">TICKETS: 0400 329425 \/ YKSPIHLAJA CULTURE WEEK \/ <a href=\"http:\/\/www.lipputoimisto.fi\" target=\"_blank\">LIPPUTOIMISTO.FI<\/a>\u00a0\/ tuula.myllari@saunalahti.fi<\/p>\n<p>[\/vc_column_text][\/vc_column][\/vc_row][vc_row][vc_column][vc_separator border_width=&#8221;5&#8243;][\/vc_column][\/vc_row][vc_row][vc_column][vc_single_image image=&#8221;6484&#8243; img_size=&#8221;large&#8221; alignment=&#8221;center&#8221; onclick=&#8221;custom_link&#8221; img_link_target=&#8221;_blank&#8221; img_link_large=&#8221;yes&#8221; link=&#8221;http:\/http:\/\/kokkolaopera.com\/wp-content\/uploads\/2016\/01\/oopperakesa2016large.jpg&#8221;][\/vc_column][\/vc_row][vc_row][vc_column][vc_separator border_width=&#8221;5&#8243;][\/vc_column][\/vc_row]<\/p>\n<\/div>","protected":false},"excerpt":{"rendered":"<p>[vc_row][vc_column][vc_single_image image=&#8221;6429&#8243; img_size=&#8221;full&#8221; alignment=&#8221;center&#8221;][\/vc_column][\/vc_row][vc_row][vc_column][vc_column_text]Opera summer 2016 events: Thursday 21.07. 8PM Kaarlela Church F. Couperin: Le\u00e7ons de T\u00e9n\u00e8bres \/ H\u00e4m\u00e4r\u00e4n lauluja \/ Dunklets l\u00e4sningar Anu Komsi, Piia Komsi, Lauri Pulakka, Jouko Laivuori The Church concert is a collaboration with the summer music -series at Kokkola Swedish Parish Friday 22.07. 7PM Ykspihlaja Toimitalo Heinz-Juhani Hofmann:\u201dAhti Karjalainen-el\u00e4m\u00e4, Kekkonen &#8230; <a title=\"Kokkola Opera Summer 2016\" class=\"read-more\" href=\"https:\/\/kokkolaopera.com\/en\/kokkola-opera-summer-2016\/\" aria-label=\"Read more about Kokkola Opera Summer 2016\">Read more<\/a><\/p>\n","protected":false},"author":1,"featured_media":0,"parent":0,"menu_order":0,"comment_status":"closed","ping_status":"closed","template":"","meta":{"ngg_post_thumbnail":0,"footnotes":""},"class_list":["post-6497","page","type-page","status-publish"],"_links":{"self":[{"href":"https:\/\/kokkolaopera.com\/en\/wp-json\/wp\/v2\/pages\/6497","targetHints":{"allow":["GET"]}}],"collection":[{"href":"https:\/\/kokkolaopera.com\/en\/wp-json\/wp\/v2\/pages"}],"about":[{"href":"https:\/\/kokkolaopera.com\/en\/wp-json\/wp\/v2\/types\/page"}],"author":[{"embeddable":true,"href":"https:\/\/kokkolaopera.com\/en\/wp-json\/wp\/v2\/users\/1"}],"replies":[{"embeddable":true,"href":"https:\/\/kokkolaopera.com\/en\/wp-json\/wp\/v2\/comments?post=6497"}],"version-history":[{"count":0,"href":"https:\/\/kokkolaopera.com\/en\/wp-json\/wp\/v2\/pages\/6497\/revisions"}],"wp:attachment":[{"href":"https:\/\/kokkolaopera.com\/en\/wp-json\/wp\/v2\/media?parent=6497"}],"curies":[{"name":"wp","href":"https:\/\/api.w.org\/{rel}","templated":true}]}}