{"id":7546,"date":"2017-05-08T13:23:56","date_gmt":"2017-05-08T10:23:56","guid":{"rendered":"http:\/\/kokkolaopera.com\/?page_id=7546"},"modified":"2017-10-18T23:07:07","modified_gmt":"2017-10-18T20:07:07","slug":"opernsommer-2017","status":"publish","type":"page","link":"https:\/\/kokkolaopera.com\/de\/opernsommer-2017\/","title":{"rendered":"Opernsommer 2017"},"content":{"rendered":"<div class=\"wpb-content-wrapper\"><p>[vc_row][vc_column][vc_single_image image=&#8220;7047&#8243; img_size=&#8220;full&#8220; alignment=&#8220;center&#8220;][\/vc_column][\/vc_row][vc_row][vc_column][vc_column_text]<strong>Kokkola Opernsommer 2017<\/strong><\/p>\n<p>Giacomo Meyerbeer:&nbsp; L\u2019\u00e9toile du nord (Der Nordstern)<br \/>\nFinnische Urauff\u00fchrung<br \/>\nEin Meisterwerk der franz\u00f6sischen Oper des 19. Jahrhunderts<br \/>\nEine am\u00fcsante Geschichte \u00fcber Finnen im Intrigenwirbel der Gro\u00dfm\u00e4chte!<\/p>\n<p>20.7.&nbsp;&amp; 21.7.2017, 19 Uhr Kampushalli Kokkola, Teknologiakatu 8, 67100 Kokkola<br \/>\nWerkvorstellung: jeweils 18 Uhr Prof. Veijo Murtom\u00e4ki<br \/>\nKarten: 55\/45\/35 \u20ac (einschl. Geb\u00fchren)[\/vc_column_text][\/vc_column][\/vc_row][vc_row][vc_column][vc_column_text]<strong>11.11. &nbsp;2017 , Uhr 19 in Helsinki Musiikkitalo\/ &nbsp;Musikhaus &nbsp;Helsinki<\/strong>[\/vc_column_text][\/vc_column][\/vc_row][vc_row][vc_column][vc_single_image image=&#8220;7063&#8243; img_size=&#8220;large&#8220;][\/vc_column][\/vc_row][vc_row][vc_column width=&#8220;1\/2&#8243;][vc_column_text]<strong>Dirigent:<\/strong> Sakari Oramo<br \/>\n<strong>Regie:<\/strong> Maria Sid<br \/>\n<strong>Die Wyborger Katariina:<\/strong> Anu Komsi<br \/>\n<strong>Zar Peters:<\/strong> Michael Leibundgut<br \/>\n<strong>K\u00fcnstlerische Leiterin:<\/strong> Anu Komsi<br \/>\n<strong>Choreographie:<\/strong> Marko Ker\u00e4nen<br \/>\n<strong>Kost\u00fcme:<\/strong> Noora Salmi[\/vc_column_text][\/vc_column][vc_column width=&#8220;1\/2&#8243;][vc_column_text]<strong>Lichtdesign:<\/strong> Joonas Tikkanen<br \/>\n<strong>Widerspiegelungen:<\/strong> Rasmus Vuori, Juha Mustanoja<br \/>\n<strong>2. Dirigent:<\/strong> Ansi Verwey<br \/>\n<strong>Chorleiterin:<\/strong> Chloe Dufresne<br \/>\n<strong>Korrepetitorin:<\/strong> Pia V\u00e4rri<\/p>\n<p>Meyerbeer-Opernchor<br \/>\nKammerorchester Keskipohjanmaan Kamariorkesteri<\/p>\n<p>&nbsp;[\/vc_column_text][\/vc_column][\/vc_row][vc_row][vc_column][vc_column_text]L\u2019\u00e9toile du nord von Giacomo Meyerbeer, ein Meisterwerk der franz\u00f6sischen Oper aus den Jahren 1854-56, wird&nbsp; auf dem Festival Kokkola Opernsommer 2017 uraufgef\u00fchrt. \u201eDer Nordstern\u201c spielt in den W\u00e4ldern um den Finnischen Meerbusen, in Wyborg und in Karelien.<\/p>\n<p>Die Oper, die sich mit der Situation Finnlands zwischen den Gro\u00dfm\u00e4chten auseinandersetzt, wird zu Ehren des Jubil\u00e4ums Finnland100 aufgef\u00fchrt. Ihre Musik ist unterhaltsam, leicht zug\u00e4nglich, gar fr\u00f6hlich. Fl\u00f6tenspiel und Koloratursingen bringen Frieden inmitten von Kriegsfronten. Im Programm des Jubil\u00e4umsjahrs Finnland100&nbsp; stellt \u201eDer Nordstern\u201c von Meyerbeer die europ\u00e4ische Perspektive dar \u2014 der finnische Volkscharakter wird mit romantischer, franz\u00f6sischer Musik geschildert.[\/vc_column_text][\/vc_column][\/vc_row][vc_row][vc_column][vc_single_image image=&#8220;8136&#8243; img_size=&#8220;large&#8220; alignment=&#8220;center&#8220; onclick=&#8220;custom_link&#8220; img_link_large=&#8220;yes&#8220; link=&#8220;http:\/\/kokkolaopera.com\/wp-content\/uploads\/2017\/10\/opera2017etoile_card1.jpg&#8220;][vc_single_image image=&#8220;8137&#8243; img_size=&#8220;large&#8220; alignment=&#8220;center&#8220; onclick=&#8220;custom_link&#8220; link=&#8220;http:\/\/kokkolaopera.com\/wp-content\/uploads\/2017\/10\/opera2017etoile_card2.jpg&#8220;][vc_column_text]<\/p>\n<p style=\"text-align: center;\"><div class='w3eden'><!-- WPDM Link Template: Default Template -->\n\n<div class=\"link-template-default card mb-2\">\n    <div class=\"card-body\">\n        <div class=\"media\">\n            <div class=\"mr-3 img-48\"><img decoding=\"async\" class=\"wpdm_icon\" alt=\"Icon\" src=\"https:\/\/kokkolaopera.com\/wp-content\/plugins\/download-manager\/assets\/file-type-icons\/pdf.svg\" \/><\/div>\n            <div class=\"media-body\">\n                <h3 class=\"package-title\"><a href='https:\/\/kokkolaopera.com\/de\/download\/pohjantahti-libretto-suom-pia-varri\/'>POHJANT\u00c4HTI libretto, suom. Pia V\u00e4rri<\/a><\/h3>\n                <div class=\"text-muted text-small\"><i class=\"fas fa-copy\"><\/i> 1 Datei(en) <i class=\"fas fa-hdd ml-3\"><\/i> 71.98 KB<\/div>\n            <\/div>\n            <div class=\"ml-3\">\n                <a class='wpdm-download-link download-on-click btn btn-primary ' rel='nofollow' href='#' data-downloadurl=\"https:\/\/kokkolaopera.com\/de\/download\/pohjantahti-libretto-suom-pia-varri\/?wpdmdl=7057&refresh=69e6ca821d39d1776732802\">Download<\/a>\n            <\/div>\n        <\/div>\n    <\/div>\n<\/div>\n\n<\/div>\n<p>[\/vc_column_text][\/vc_column][\/vc_row]<\/p>\n<\/div>","protected":false},"excerpt":{"rendered":"<p>[vc_row][vc_column][vc_single_image image=&#8220;7047&#8243; img_size=&#8220;full&#8220; alignment=&#8220;center&#8220;][\/vc_column][\/vc_row][vc_row][vc_column][vc_column_text]Kokkola Opernsommer 2017 Giacomo Meyerbeer:&nbsp; L\u2019\u00e9toile du nord (Der Nordstern) Finnische Urauff\u00fchrung Ein Meisterwerk der franz\u00f6sischen Oper des 19. Jahrhunderts Eine am\u00fcsante Geschichte \u00fcber Finnen im Intrigenwirbel der Gro\u00dfm\u00e4chte! 20.7.&nbsp;&amp; 21.7.2017, 19 Uhr Kampushalli Kokkola, Teknologiakatu 8, 67100 Kokkola Werkvorstellung: jeweils 18 Uhr Prof. Veijo Murtom\u00e4ki Karten: 55\/45\/35 \u20ac (einschl. Geb\u00fchren)[\/vc_column_text][\/vc_column][\/vc_row][vc_row][vc_column][vc_column_text]11.11. &nbsp;2017 &#8230; <a title=\"Opernsommer 2017\" class=\"read-more\" href=\"https:\/\/kokkolaopera.com\/de\/opernsommer-2017\/\" aria-label=\"Mehr Informationen \u00fcber Opernsommer 2017\">Weiterlesen<\/a><\/p>\n","protected":false},"author":1,"featured_media":0,"parent":0,"menu_order":0,"comment_status":"closed","ping_status":"closed","template":"","meta":{"ngg_post_thumbnail":0,"footnotes":""},"class_list":["post-7546","page","type-page","status-publish"],"_links":{"self":[{"href":"https:\/\/kokkolaopera.com\/de\/wp-json\/wp\/v2\/pages\/7546","targetHints":{"allow":["GET"]}}],"collection":[{"href":"https:\/\/kokkolaopera.com\/de\/wp-json\/wp\/v2\/pages"}],"about":[{"href":"https:\/\/kokkolaopera.com\/de\/wp-json\/wp\/v2\/types\/page"}],"author":[{"embeddable":true,"href":"https:\/\/kokkolaopera.com\/de\/wp-json\/wp\/v2\/users\/1"}],"replies":[{"embeddable":true,"href":"https:\/\/kokkolaopera.com\/de\/wp-json\/wp\/v2\/comments?post=7546"}],"version-history":[{"count":0,"href":"https:\/\/kokkolaopera.com\/de\/wp-json\/wp\/v2\/pages\/7546\/revisions"}],"wp:attachment":[{"href":"https:\/\/kokkolaopera.com\/de\/wp-json\/wp\/v2\/media?parent=7546"}],"curies":[{"name":"wp","href":"https:\/\/api.w.org\/{rel}","templated":true}]}}