{"id":5792,"date":"2015-06-24T18:27:24","date_gmt":"2015-06-24T16:27:24","guid":{"rendered":"http:\/\/kokkolaopera.com\/?page_id=5792"},"modified":"2020-01-27T12:45:43","modified_gmt":"2020-01-27T10:45:43","slug":"kokkola-opernsommer-2015-gallerie","status":"publish","type":"page","link":"https:\/\/kokkolaopera.com\/de\/kokkola-opernsommer-2015-gallerie\/","title":{"rendered":"Kokkola Opernsommer 2015 Gallerie"},"content":{"rendered":"<div class=\"wpb-content-wrapper\"><p>[vc_row][vc_column][\/vc_column][\/vc_row][vc_row][vc_column][vc_column_text]<\/p>\n<h4>Kokkola opernsommer 2015<\/h4>\n<p>&nbsp;<\/p>\n<p>Kammermusikkonzert im Rathaus Kokkola<\/p>\n<p>Photo: P\u00e4ivi Karjalainen<\/p>\n<div class='w3eden'><!-- WPDM Link Template: Default Template -->\n\n<div class=\"link-template-default card mb-2\">\n    <div class=\"card-body\">\n        <div class=\"media\">\n            <div class=\"mr-3 img-48\"><img decoding=\"async\" class=\"wpdm_icon\" alt=\"Icon\" src=\"https:\/\/kokkolaopera.com\/wp-content\/plugins\/download-manager\/assets\/file-type-icons\/zip.svg\" \/><\/div>\n            <div class=\"media-body\">\n                <h3 class=\"package-title\"><a href='https:\/\/kokkolaopera.com\/de\/download\/kamarimusiikkikonsertti-raatihuone-sakari-oramo-liisa-pohjola-sibeliuksen-viulupianoteoksia\/'>Kamarimusiikkikonsertti, Raatihuone, Sakari Oramo & Liisa Pohjola, Sibeliuksen viulupianoteoksia<\/a><\/h3>\n                <div class=\"text-muted text-small\"><i class=\"fas fa-copy\"><\/i> 1 Datei(en) <i class=\"fas fa-hdd ml-3\"><\/i> 52.25 MB<\/div>\n            <\/div>\n            <div class=\"ml-3\">\n                <a class='wpdm-download-link download-on-click btn btn-primary ' rel='nofollow' href='#' data-downloadurl=\"https:\/\/kokkolaopera.com\/de\/download\/kamarimusiikkikonsertti-raatihuone-sakari-oramo-liisa-pohjola-sibeliuksen-viulupianoteoksia\/?wpdmdl=6162&refresh=69d95616260811775851030\">Download<\/a>\n            <\/div>\n        <\/div>\n    <\/div>\n<\/div>\n\n<\/div>\nngg_shortcode_0_placeholder\n<p>Seppo Pohjola: \u201eHarrb\u00e5dan Neiti\u201c (Die Jungfer aus Harrb\u00e5da), Jean Sibelius \u201eNeito tornissa\u201c (Die Jungfrau im Turm), Snellman-Saal<\/p>\n<p>Photo: P\u00e4ivi Karjalainen<\/p>\n<div class='w3eden'><!-- WPDM Link Template: Default Template -->\n\n<div class=\"link-template-default card mb-2\">\n    <div class=\"card-body\">\n        <div class=\"media\">\n            <div class=\"mr-3 img-48\"><img decoding=\"async\" class=\"wpdm_icon\" alt=\"Icon\" src=\"https:\/\/kokkolaopera.com\/wp-content\/plugins\/download-manager\/assets\/file-type-icons\/zip.svg\" \/><\/div>\n            <div class=\"media-body\">\n                <h3 class=\"package-title\"><a href='https:\/\/kokkolaopera.com\/de\/download\/ensi-ilta-seppo-pohjola-harrbadan-neito-jean-sibelius-1896-neito-tornissa-snellman-sali\/'>Ensi-ilta, Seppo Pohjola: Harrb\u00e5dan Neito, Jean Sibelius( 1896) Neito Tornissa, Snellman-sali,<\/a><\/h3>\n                <div class=\"text-muted text-small\"><i class=\"fas fa-copy\"><\/i> 1 Datei(en) <i class=\"fas fa-hdd ml-3\"><\/i> 172.30 MB<\/div>\n            <\/div>\n            <div class=\"ml-3\">\n                <a class='wpdm-download-link download-on-click btn btn-primary ' rel='nofollow' href='#' data-downloadurl=\"https:\/\/kokkolaopera.com\/de\/download\/ensi-ilta-seppo-pohjola-harrbadan-neito-jean-sibelius-1896-neito-tornissa-snellman-sali\/?wpdmdl=6092&refresh=69d95616288a11775851030\">Download<\/a>\n            <\/div>\n        <\/div>\n    <\/div>\n<\/div>\n\n<\/div>\nngg_shortcode_1_placeholder\n<p>Jean Sibelius \u201eNeito tornissa\u201c (Die Jungfrau im Turm)<\/p>\n<p>Photo: P\u00e4ivi Karjalainen<\/p>\n<div class='w3eden'><!-- WPDM Link Template: Default Template -->\n\n<div class=\"link-template-default card mb-2\">\n    <div class=\"card-body\">\n        <div class=\"media\">\n            <div class=\"mr-3 img-48\"><img decoding=\"async\" class=\"wpdm_icon\" alt=\"Icon\" src=\"https:\/\/kokkolaopera.com\/wp-content\/plugins\/download-manager\/assets\/file-type-icons\/zip.svg\" \/><\/div>\n            <div class=\"media-body\">\n                <h3 class=\"package-title\"><a href='https:\/\/kokkolaopera.com\/de\/download\/jean-sibelius-neito-tornissa\/'>Jean Sibelius, Neito tornissa<\/a><\/h3>\n                <div class=\"text-muted text-small\"><i class=\"fas fa-copy\"><\/i> 1 Datei(en) <i class=\"fas fa-hdd ml-3\"><\/i> 229.86 MB<\/div>\n            <\/div>\n            <div class=\"ml-3\">\n                <a class='wpdm-download-link download-on-click btn btn-primary ' rel='nofollow' href='#' data-downloadurl=\"https:\/\/kokkolaopera.com\/de\/download\/jean-sibelius-neito-tornissa\/?wpdmdl=5988&refresh=69d956162a1fe1775851030\">Download<\/a>\n            <\/div>\n        <\/div>\n    <\/div>\n<\/div>\n\n<\/div>\nngg_shortcode_2_placeholder\n<p>Seppo Pohjola, \u201eHarrb\u00e5dan Neiti\u201c (Die Jungfer aus Harrb\u00e5da)<\/p>\n<p>Photo: P\u00e4ivi Karjalainen<\/p>\n<div class='w3eden'><!-- WPDM Link Template: Default Template -->\n\n<div class=\"link-template-default card mb-2\">\n    <div class=\"card-body\">\n        <div class=\"media\">\n            <div class=\"mr-3 img-48\"><img decoding=\"async\" class=\"wpdm_icon\" alt=\"Icon\" src=\"https:\/\/kokkolaopera.com\/wp-content\/plugins\/download-manager\/assets\/file-type-icons\/zip.svg\" \/><\/div>\n            <div class=\"media-body\">\n                <h3 class=\"package-title\"><a href='https:\/\/kokkolaopera.com\/de\/download\/seppo-pohjola-libretto-jusa-peltoniemi-harrbadan-neito\/'>Seppo Pohjola, libretto Jusa Peltoniemi, Harrb\u00e5dan Neito<\/a><\/h3>\n                <div class=\"text-muted text-small\"><i class=\"fas fa-copy\"><\/i> 1 Datei(en) <i class=\"fas fa-hdd ml-3\"><\/i> 274.79 MB<\/div>\n            <\/div>\n            <div class=\"ml-3\">\n                <a class='wpdm-download-link download-on-click btn btn-primary ' rel='nofollow' href='#' data-downloadurl=\"https:\/\/kokkolaopera.com\/de\/download\/seppo-pohjola-libretto-jusa-peltoniemi-harrbadan-neito\/?wpdmdl=5938&refresh=69d956162bce71775851030\">Download<\/a>\n            <\/div>\n        <\/div>\n    <\/div>\n<\/div>\n\n<\/div>\nngg_shortcode_3_placeholder\n<p>press1<\/p>\n<p>Photo: P\u00e4ivi Karjalainen<\/p>\n<div class='w3eden'><!-- WPDM Link Template: Default Template -->\n\n<div class=\"link-template-default card mb-2\">\n    <div class=\"card-body\">\n        <div class=\"media\">\n            <div class=\"mr-3 img-48\"><img decoding=\"async\" class=\"wpdm_icon\" alt=\"Icon\" src=\"https:\/\/kokkolaopera.com\/wp-content\/plugins\/download-manager\/assets\/file-type-icons\/zip.svg\" \/><\/div>\n            <div class=\"media-body\">\n                <h3 class=\"package-title\"><a href='https:\/\/kokkolaopera.com\/de\/download\/oopperakesa-2015-majakka-ja-henkilokuvia-press1-by-paivi-karjalainen\/'>Oopperakes\u00e4 2015, Majakka- ja henkil\u00f6kuvia press1 by P\u00e4ivi Karjalainen<\/a><\/h3>\n                <div class=\"text-muted text-small\"><i class=\"fas fa-copy\"><\/i> 1 Datei(en) <i class=\"fas fa-hdd ml-3\"><\/i> 215.95 MB<\/div>\n            <\/div>\n            <div class=\"ml-3\">\n                <a class='wpdm-download-link download-on-click btn btn-primary ' rel='nofollow' href='#' data-downloadurl=\"https:\/\/kokkolaopera.com\/de\/download\/oopperakesa-2015-majakka-ja-henkilokuvia-press1-by-paivi-karjalainen\/?wpdmdl=5728&refresh=69d956162dad81775851030\">Download<\/a>\n            <\/div>\n        <\/div>\n    <\/div>\n<\/div>\n\n<\/div>\nngg_shortcode_4_placeholder\n<p>press2<\/p>\n<p>Photo: P\u00e4ivi Karjalainen<\/p>\n<div class='w3eden'><!-- WPDM Link Template: Default Template -->\n\n<div class=\"link-template-default card mb-2\">\n    <div class=\"card-body\">\n        <div class=\"media\">\n            <div class=\"mr-3 img-48\"><img decoding=\"async\" class=\"wpdm_icon\" alt=\"Icon\" src=\"https:\/\/kokkolaopera.com\/wp-content\/plugins\/download-manager\/assets\/file-type-icons\/zip.svg\" \/><\/div>\n            <div class=\"media-body\">\n                <h3 class=\"package-title\"><a href='https:\/\/kokkolaopera.com\/de\/download\/oopperan-valmistelukuvia-snellman-salilta-press2-by-paivi-karjalainen\/'>Oopperakes\u00e4 2015, Oopperan valmistelukuvia snellman-salilta press2 by P\u00e4ivi Karjalainen<\/a><\/h3>\n                <div class=\"text-muted text-small\"><i class=\"fas fa-copy\"><\/i> 1 Datei(en) <i class=\"fas fa-hdd ml-3\"><\/i> 266.78 MB<\/div>\n            <\/div>\n            <div class=\"ml-3\">\n                <a class='wpdm-download-link download-on-click btn btn-primary ' rel='nofollow' href='#' data-downloadurl=\"https:\/\/kokkolaopera.com\/de\/download\/oopperan-valmistelukuvia-snellman-salilta-press2-by-paivi-karjalainen\/?wpdmdl=5725&refresh=69d956162f62d1775851030\">Download<\/a>\n            <\/div>\n        <\/div>\n    <\/div>\n<\/div>\n\n<\/div>\n<p>ngg_shortcode_5_placeholder[\/vc_column_text][\/vc_column][\/vc_row][vc_row][\/vc_row][vc_column][\/vc_column][vc_column_text][\/vc_column_text]<\/p>\n<\/div>","protected":false},"excerpt":{"rendered":"<p>[vc_row][vc_column][\/vc_column][\/vc_row][vc_row][vc_column][vc_column_text] Kokkola opernsommer 2015 &nbsp; Kammermusikkonzert im Rathaus Kokkola Photo: P\u00e4ivi Karjalainen &nbsp; Seppo Pohjola: \u201eHarrb\u00e5dan Neiti\u201c (Die Jungfer aus Harrb\u00e5da), Jean Sibelius \u201eNeito tornissa\u201c (Die Jungfrau im Turm), Snellman-Saal Photo: P\u00e4ivi Karjalainen &nbsp; Jean Sibelius \u201eNeito tornissa\u201c (Die Jungfrau im Turm) Photo: P\u00e4ivi Karjalainen &nbsp; Seppo Pohjola, \u201eHarrb\u00e5dan Neiti\u201c (Die Jungfer aus Harrb\u00e5da) Photo: &#8230; <a title=\"Kokkola Opernsommer 2015 Gallerie\" class=\"read-more\" href=\"https:\/\/kokkolaopera.com\/de\/kokkola-opernsommer-2015-gallerie\/\" aria-label=\"Mehr Informationen \u00fcber Kokkola Opernsommer 2015 Gallerie\">Weiterlesen<\/a><\/p>\n","protected":false},"author":1,"featured_media":0,"parent":0,"menu_order":0,"comment_status":"open","ping_status":"closed","template":"","meta":{"ngg_post_thumbnail":0,"footnotes":""},"class_list":["post-5792","page","type-page","status-publish"],"_links":{"self":[{"href":"https:\/\/kokkolaopera.com\/de\/wp-json\/wp\/v2\/pages\/5792","targetHints":{"allow":["GET"]}}],"collection":[{"href":"https:\/\/kokkolaopera.com\/de\/wp-json\/wp\/v2\/pages"}],"about":[{"href":"https:\/\/kokkolaopera.com\/de\/wp-json\/wp\/v2\/types\/page"}],"author":[{"embeddable":true,"href":"https:\/\/kokkolaopera.com\/de\/wp-json\/wp\/v2\/users\/1"}],"replies":[{"embeddable":true,"href":"https:\/\/kokkolaopera.com\/de\/wp-json\/wp\/v2\/comments?post=5792"}],"version-history":[{"count":0,"href":"https:\/\/kokkolaopera.com\/de\/wp-json\/wp\/v2\/pages\/5792\/revisions"}],"wp:attachment":[{"href":"https:\/\/kokkolaopera.com\/de\/wp-json\/wp\/v2\/media?parent=5792"}],"curies":[{"name":"wp","href":"https:\/\/api.w.org\/{rel}","templated":true}]}}