{"id":5203,"date":"2015-03-02T19:47:18","date_gmt":"2015-03-02T17:47:18","guid":{"rendered":"http:\/\/kokkolaopera.com\/?page_id=5203"},"modified":"2020-01-27T12:09:25","modified_gmt":"2020-01-27T10:09:25","slug":"gallerie","status":"publish","type":"page","link":"https:\/\/kokkolaopera.com\/de\/gallerie\/","title":{"rendered":"Gallerie"},"content":{"rendered":"<div class=\"wpb-content-wrapper\"><p>[vc_row][vc_column][vc_column_text]<\/p>\n<h1>Gallerie<\/h1>\n<p>[\/vc_column_text][\/vc_column][\/vc_row][vc_row][vc_column][vc_column_text]<a href=\"https:\/\/kokkolaopera.com\/de\/kokkola-opernsommer-2015-gallerie\/\">Kokkola Opernsommer 2015 Gallerie<\/a><\/p>\n<p><a href=\"https:\/\/kokkolaopera.com\/de\/die-zauberflote-gallerie\/\">W.A.Mozart: Die zauberfl\u00f6te 2011<\/a><\/p>\n<p><a href=\"https:\/\/kokkolaopera.com\/de\/carmen-gallerie\/\">Bizet: Carmen<\/a><\/p>\n<p><a href=\"https:\/\/kokkolaopera.com\/de\/dobeln-gallerie\/\">Sebastian Fagerlund: D\u00f6beln 1809<\/a><\/p>\n<p><a href=\"https:\/\/kokkolaopera.com\/de\/hastarna-kommer-gallerie\/\">Cary John Franklin: H\u00e4starna kommer<\/a><\/p>\n<p><a href=\"https:\/\/kokkolaopera.com\/de\/lulu-gallerie\/\">Alban Berg: Lulu<\/a><\/p>\n<p><a href=\"https:\/\/kokkolaopera.com\/de\/offerere-gallerie\/\">Offerere\/ Carissimi: Jephta &amp; Puccini: Suor Angelica<\/a><\/p>\n<p><a href=\"https:\/\/kokkolaopera.com\/de\/figaro-galerie\/\">W.A.Mozart: Figaro 2006-2007<\/a><\/p>\n<p><a href=\"https:\/\/kokkolaopera.com\/de\/lepakko-galerie\/\">J. Straus JR.: Lepakko<\/a>[\/vc_column_text][\/vc_column][\/vc_row]<\/p>\n<\/div>","protected":false},"excerpt":{"rendered":"<p>[vc_row][vc_column][vc_column_text] Gallerie [\/vc_column_text][\/vc_column][\/vc_row][vc_row][vc_column][vc_column_text]Kokkola Opernsommer 2015 Gallerie W.A.Mozart: Die zauberfl\u00f6te 2011 Bizet: Carmen Sebastian Fagerlund: D\u00f6beln 1809 Cary John Franklin: H\u00e4starna kommer Alban Berg: Lulu Offerere\/ Carissimi: Jephta &amp; Puccini: Suor Angelica W.A.Mozart: Figaro 2006-2007 J. Straus JR.: Lepakko[\/vc_column_text][\/vc_column][\/vc_row]<\/p>\n","protected":false},"author":1,"featured_media":0,"parent":0,"menu_order":0,"comment_status":"open","ping_status":"closed","template":"","meta":{"ngg_post_thumbnail":0,"footnotes":""},"class_list":["post-5203","page","type-page","status-publish"],"_links":{"self":[{"href":"https:\/\/kokkolaopera.com\/de\/wp-json\/wp\/v2\/pages\/5203","targetHints":{"allow":["GET"]}}],"collection":[{"href":"https:\/\/kokkolaopera.com\/de\/wp-json\/wp\/v2\/pages"}],"about":[{"href":"https:\/\/kokkolaopera.com\/de\/wp-json\/wp\/v2\/types\/page"}],"author":[{"embeddable":true,"href":"https:\/\/kokkolaopera.com\/de\/wp-json\/wp\/v2\/users\/1"}],"replies":[{"embeddable":true,"href":"https:\/\/kokkolaopera.com\/de\/wp-json\/wp\/v2\/comments?post=5203"}],"version-history":[{"count":0,"href":"https:\/\/kokkolaopera.com\/de\/wp-json\/wp\/v2\/pages\/5203\/revisions"}],"wp:attachment":[{"href":"https:\/\/kokkolaopera.com\/de\/wp-json\/wp\/v2\/media?parent=5203"}],"curies":[{"name":"wp","href":"https:\/\/api.w.org\/{rel}","templated":true}]}}