{"id":5137,"date":"2015-03-01T18:01:21","date_gmt":"2015-03-01T16:01:21","guid":{"rendered":"http:\/\/kokkolaopera.com\/?page_id=5137"},"modified":"2015-03-01T18:03:55","modified_gmt":"2015-03-01T16:03:55","slug":"vereinigung","status":"publish","type":"page","link":"https:\/\/kokkolaopera.com\/de\/vereinigung\/","title":{"rendered":"Vereinigung"},"content":{"rendered":"<div class=\"wpb-content-wrapper\"><p>[vc_row][vc_column width=&#8220;1\/1&#8243;][vc_column_text]<\/p>\n<h2>Vereinigung<\/h2>\n<p>&nbsp;<\/p>\n<p>Die Kokkola Opernvereinigung wurde im Jahr 2004 von Anu Komsi, Sakari Oramo, Annika Myll\u00e4ri und Robert McLoud gegr\u00fcndet. Sie sind alle international etablierte K\u00fcnstler.<\/p>\n<p>&nbsp;<\/p>\n<p><a href=\"http:\/\/kokkolaopera.com\/wp-content\/uploads\/2015\/02\/annika_sakari_anu.jpg\"><img loading=\"lazy\" decoding=\"async\" class=\"alignnone size-full wp-image-7\" src=\"http:\/\/kokkolaopera.com\/wp-content\/uploads\/2015\/02\/annika_sakari_anu.jpg\" alt=\"Esa Melamets\u008a\" width=\"600\" height=\"308\" srcset=\"https:\/\/kokkolaopera.com\/wp-content\/uploads\/2015\/02\/annika_sakari_anu.jpg 600w, https:\/\/kokkolaopera.com\/wp-content\/uploads\/2015\/02\/annika_sakari_anu-300x154.jpg 300w\" sizes=\"auto, (max-width: 600px) 100vw, 600px\" \/><\/a><\/p>\n<p>&nbsp;<\/p>\n<p>Die St\u00e4rke von West Coast Kokkola Opera sind das starke K\u00f6nnen und die Zusammenf\u00fchrung von Spitzenk\u00fcnstlern, ohne die k\u00fcnstlerisch sch\u00f6pferische Wagnis und die Heimatliebe zu vergessen, welche unter Anderem in der Zweisprachigkeit bei den Produktionen in Erscheinung tritt, die f\u00fcr Kokkola charakteristisch ist.<\/p>\n<p>Wir hei\u00dfen Sie Willkommen in der Oper!<\/p>\n<p>&nbsp;[\/vc_column_text][\/vc_column][\/vc_row]<\/p>\n<\/div>","protected":false},"excerpt":{"rendered":"<p>[vc_row][vc_column width=&#8220;1\/1&#8243;][vc_column_text] Vereinigung &nbsp; Die Kokkola Opernvereinigung wurde im Jahr 2004 von Anu Komsi, Sakari Oramo, Annika Myll\u00e4ri und Robert McLoud gegr\u00fcndet. Sie sind alle international etablierte K\u00fcnstler. &nbsp; &nbsp; Die St\u00e4rke von West Coast Kokkola Opera sind das starke K\u00f6nnen und die Zusammenf\u00fchrung von Spitzenk\u00fcnstlern, ohne die k\u00fcnstlerisch sch\u00f6pferische Wagnis und die Heimatliebe zu &#8230; <a title=\"Vereinigung\" class=\"read-more\" href=\"https:\/\/kokkolaopera.com\/de\/vereinigung\/\" aria-label=\"Mehr Informationen \u00fcber Vereinigung\">Weiterlesen<\/a><\/p>\n","protected":false},"author":1,"featured_media":0,"parent":0,"menu_order":0,"comment_status":"open","ping_status":"closed","template":"","meta":{"ngg_post_thumbnail":0,"footnotes":""},"class_list":["post-5137","page","type-page","status-publish"],"_links":{"self":[{"href":"https:\/\/kokkolaopera.com\/de\/wp-json\/wp\/v2\/pages\/5137","targetHints":{"allow":["GET"]}}],"collection":[{"href":"https:\/\/kokkolaopera.com\/de\/wp-json\/wp\/v2\/pages"}],"about":[{"href":"https:\/\/kokkolaopera.com\/de\/wp-json\/wp\/v2\/types\/page"}],"author":[{"embeddable":true,"href":"https:\/\/kokkolaopera.com\/de\/wp-json\/wp\/v2\/users\/1"}],"replies":[{"embeddable":true,"href":"https:\/\/kokkolaopera.com\/de\/wp-json\/wp\/v2\/comments?post=5137"}],"version-history":[{"count":0,"href":"https:\/\/kokkolaopera.com\/de\/wp-json\/wp\/v2\/pages\/5137\/revisions"}],"wp:attachment":[{"href":"https:\/\/kokkolaopera.com\/de\/wp-json\/wp\/v2\/media?parent=5137"}],"curies":[{"name":"wp","href":"https:\/\/api.w.org\/{rel}","templated":true}]}}