{"id":5115,"date":"2015-03-01T17:03:33","date_gmt":"2015-03-01T15:03:33","guid":{"rendered":"http:\/\/kokkolaopera.com\/?page_id=5115"},"modified":"2015-06-23T16:58:33","modified_gmt":"2015-06-23T14:58:33","slug":"kokkola-opernsommer-2015","status":"publish","type":"page","link":"https:\/\/kokkolaopera.com\/de\/kokkola-opernsommer-2015\/","title":{"rendered":"Kokkola Opernsommer 2015"},"content":{"rendered":"<div class=\"wpb-content-wrapper\"><p>[vc_row][vc_column width=&#8220;1\/1&#8243;][vc_column_text]<\/p>\n<h4>Kokkola Opernsommer 22.-26.7.2015<\/h4>\n<h4><\/h4>\n<p>Der zehnte Opernsommer Kokkola bietet die Welturauff\u00fchrung der Oper \u201eHarrb\u00e5dan Neiti\u201c (Die Jungfer aus Harrb\u00e5da) von Seppo Pohjola dar, die auf einer alten Legende aus Kokkola basiert. Parallel dazu wird die einzige Oper von Jean Sibelius \u201eNeito tornissa\u201c (Die Jungfrau im Turm) aufgef\u00fchrt. So entsteht ein Diptychon, das eine schlaue, gespensterhafte aber zugleich r\u00fchrende Geschichte erz\u00e4hlt. Dirigiert wird das Sibelius-Werk von Sakari Oramo, dem ger\u00fchmten Sibelius-Dirigenten. Ein j\u00fcngeres Talent, Erkki Lasonpalo, schwingt bei Pohjolas Oper den Taktstock und dirigiert das angesehene \u201eKammerorchester von Mittel\u00f6sterbotten\u201c. Der stets phantasievolle Aku-Petteri Pahkam\u00e4ki f\u00fchrt Regie beim Diptychon. In den virtuosen Rollen werden Anu Komsi, Riku Pelo, Annika Myll\u00e4ri, Annami Hylkil\u00e4, Markus Nyk\u00e4nen und S\u00f6ren Lillkung zu sehen sein.<\/p>\n<p>Herzlich willkommen zum Opernsommer Kokkola 22.\u201426.7.2015!<\/p>\n<p>Opernkarten: 55\/45 \u20ac bei Lipputoimisto.fi und Kokkolan Matkailu, Tel. +358 40 8065075<\/p>\n<p>Pohjola\u2014Sibelius 23.7. | 25.7. | 26.7. im Snellman-Saal. Konzerte 22.7. | 24.7. | 25.7.<\/p>\n<p>Mittwoch, 22.7. Krankenhauskonzerte f\u00fcr Patienten, Personal und Angeh\u00f6rige<\/p>\n<p>Freitag, 24.7., 15 Uhr, Kammermusikkonzert im Rathaus Kokkola, Karten 20 \/ 15 \u20ac<\/p>\n<p>Freitag, 24.7., 19 Uhr, Opernabend, Pidro-Turnier, Arbeiterhaus Kokkola, Karten 30\/20 \u20ac<\/p>\n<p>Samstag, 25.7., 22.30 Uhr Die Gespenster der Halbinsel Harrb\u00e5da \u2014 T\u00f6l\u00f6l\u00e4b Anu Komsi \u2014 Performance, Eintritt frei<\/p>\n<p><a href=\"http:\/\/lipputoimisto.fi\" target=\"_blank\">Lipputoimisto.fi<\/a>, info@kokkolaopera.com, Gruppen: +358 \u2013 400- 329425 <a href=\"http:\/\/kokkolaopera.com\" target=\"_blank\">www.kokkolaopera.com<\/a><br \/>\n<a href=\"https:\/\/www.facebook.com\/pages\/West-Coast-Kokkola-Opera\/157537857645246?sk=timeline&amp;ref=page_internal\" target=\"_blank\">FB West Coast Kokkola Opera<\/a>[\/vc_column_text][\/vc_column][\/vc_row][vc_row][vc_column width=&#8220;1\/1&#8243;][vc_gallery type=&#8220;image_grid&#8220; interval=&#8220;5&#8243; images=&#8220;2655,5088&#8243; onclick=&#8220;link_image&#8220; custom_links_target=&#8220;_self&#8220; img_size=&#8220;large&#8220;][\/vc_column][\/vc_row]<\/p>\n<\/div>","protected":false},"excerpt":{"rendered":"<p>[vc_row][vc_column width=&#8220;1\/1&#8243;][vc_column_text] Kokkola Opernsommer 22.-26.7.2015 Der zehnte Opernsommer Kokkola bietet die Welturauff\u00fchrung der Oper \u201eHarrb\u00e5dan Neiti\u201c (Die Jungfer aus Harrb\u00e5da) von Seppo Pohjola dar, die auf einer alten Legende aus Kokkola basiert. Parallel dazu wird die einzige Oper von Jean Sibelius \u201eNeito tornissa\u201c (Die Jungfrau im Turm) aufgef\u00fchrt. So entsteht ein Diptychon, das eine schlaue, &#8230; <a title=\"Kokkola Opernsommer 2015\" class=\"read-more\" href=\"https:\/\/kokkolaopera.com\/de\/kokkola-opernsommer-2015\/\" aria-label=\"Mehr Informationen \u00fcber Kokkola Opernsommer 2015\">Weiterlesen<\/a><\/p>\n","protected":false},"author":1,"featured_media":0,"parent":0,"menu_order":0,"comment_status":"open","ping_status":"closed","template":"","meta":{"ngg_post_thumbnail":0,"footnotes":""},"class_list":["post-5115","page","type-page","status-publish"],"_links":{"self":[{"href":"https:\/\/kokkolaopera.com\/de\/wp-json\/wp\/v2\/pages\/5115","targetHints":{"allow":["GET"]}}],"collection":[{"href":"https:\/\/kokkolaopera.com\/de\/wp-json\/wp\/v2\/pages"}],"about":[{"href":"https:\/\/kokkolaopera.com\/de\/wp-json\/wp\/v2\/types\/page"}],"author":[{"embeddable":true,"href":"https:\/\/kokkolaopera.com\/de\/wp-json\/wp\/v2\/users\/1"}],"replies":[{"embeddable":true,"href":"https:\/\/kokkolaopera.com\/de\/wp-json\/wp\/v2\/comments?post=5115"}],"version-history":[{"count":0,"href":"https:\/\/kokkolaopera.com\/de\/wp-json\/wp\/v2\/pages\/5115\/revisions"}],"wp:attachment":[{"href":"https:\/\/kokkolaopera.com\/de\/wp-json\/wp\/v2\/media?parent=5115"}],"curies":[{"name":"wp","href":"https:\/\/api.w.org\/{rel}","templated":true}]}}