{"id":5111,"date":"2015-03-01T17:00:06","date_gmt":"2015-03-01T15:00:06","guid":{"rendered":"http:\/\/kokkolaopera.com\/?page_id=5111"},"modified":"2022-10-24T09:41:38","modified_gmt":"2022-10-24T06:41:38","slug":"startseite","status":"publish","type":"page","link":"https:\/\/kokkolaopera.com\/de\/","title":{"rendered":"Startseite"},"content":{"rendered":"<div class=\"wpb-content-wrapper\"><p>[vc_row][vc_column][vc_column_text][\/vc_column_text][\/vc_column][\/vc_row][vc_row][vc_column][vc_separator][\/vc_column][\/vc_row][vc_row][vc_column][vc_single_image image=&#8220;6438&#8243; img_size=&#8220;full&#8220; alignment=&#8220;center&#8220;][vc_column_text]Kokkola Opernsommer 2017 Giacomo Meyerbeer:&nbsp; L\u2019\u00e9toile du nord (Der Nordstern)<\/p>\n<p>Finnische Urauff\u00fchrung Ein Meisterwerk der franz\u00f6sischen Oper des 19. Jahrhunderts Eine am\u00fcsante Geschichte \u00fcber Finnen im Intrigenwirbel der Gro\u00dfm\u00e4chte!<\/p>\n<p>Dirigent: Sakari Oramo<br \/>\nRegie: Maria Sid<br \/>\nDie Wyborger Katariina: Anu Komsi<br \/>\nZar Peters: Michael Leibundgut<\/p>\n<p>Meyerbeer-Opernchor<br \/>\nKammerorchester Keskipohjanmaan Kamariorkesteri<br \/>\nK\u00fcnstlerische Leiterin: Anu Komsi<br \/>\nChoreographie: Marko Ker\u00e4nen<br \/>\nKost\u00fcme: Noora Salmi<br \/>\nLichtdesign: Joonas Tikkanen<br \/>\nWiderspiegelungen: Rasmus Vuori, Juha Mustanoja<br \/>\n2. Dirigent: Ansi Verwey<br \/>\nChorleiterin: Chloe Dufresne<br \/>\nKorrepetitorin: Pia V\u00e4rri<\/p>\n<div class=\"pcl_tooltip_box\" style=\"display: none;\">\n<p>Image already added<\/p>\n<div class=\"arrow border\">&nbsp;<\/div>\n<div class=\"arrow\">&nbsp;<\/div>\n<\/div>\n<div class=\"pcl_global_mask\" style=\"display: none;\">&nbsp;<\/div>\n<p>[\/vc_column_text][vc_column_text]<\/p>\n<h5 style=\"text-align: center;\"><span style=\"color: #800080;\"><a href=\"https:\/\/kokkolaopera.com\/de\/opernsommer-2017\/\"><span style=\"color: #800080;\">Opernsommer 2017<\/span><\/a><\/span><\/h5>\n<p style=\"text-align: center;\"><span style=\"color: #800080;\"><a href=\"https:\/\/kokkolaopera.com\/de\/opernsommer-2017\/\"><span style=\"color: #800080;\">Helsinki Music Centre, Mannerheimintie 13 A, 00100 Helsinki 11.11.2017 at. 7 p.m.<\/span><\/a><\/span><\/p>\n<div class=\"pcl_tooltip_box\" style=\"display: none;\">\n<p>Image already added<\/p>\n<div class=\"arrow border\">&nbsp;<\/div>\n<div class=\"arrow\">&nbsp;<\/div>\n<\/div>\n<div class=\"pcl_global_mask\" style=\"display: none;\">&nbsp;<\/div>\n<p>[\/vc_column_text][vc_single_image image=&#8220;8138&#8243; img_size=&#8220;full&#8220; alignment=&#8220;center&#8220; onclick=&#8220;custom_link&#8220; link=&#8220;http:\/\/kokkolaopera.com\/de\/opernsommer-2017\/&#8220;][\/vc_column][\/vc_row]<\/p>\n<\/div>","protected":false},"excerpt":{"rendered":"<p>[vc_row][vc_column][vc_column_text][\/vc_column_text][\/vc_column][\/vc_row][vc_row][vc_column][vc_separator][\/vc_column][\/vc_row][vc_row][vc_column][vc_single_image image=&#8220;6438&#8243; img_size=&#8220;full&#8220; alignment=&#8220;center&#8220;][vc_column_text]Kokkola Opernsommer 2017 Giacomo Meyerbeer:&nbsp; L\u2019\u00e9toile du nord (Der Nordstern) Finnische Urauff\u00fchrung Ein Meisterwerk der franz\u00f6sischen Oper des 19. Jahrhunderts Eine am\u00fcsante Geschichte \u00fcber Finnen im Intrigenwirbel der Gro\u00dfm\u00e4chte! Dirigent: Sakari Oramo Regie: Maria Sid Die Wyborger Katariina: Anu Komsi Zar Peters: Michael Leibundgut Meyerbeer-Opernchor Kammerorchester Keskipohjanmaan Kamariorkesteri K\u00fcnstlerische Leiterin: Anu Komsi &#8230; <a title=\"Startseite\" class=\"read-more\" href=\"https:\/\/kokkolaopera.com\/de\/\" aria-label=\"Mehr Informationen \u00fcber Startseite\">Weiterlesen<\/a><\/p>\n","protected":false},"author":1,"featured_media":0,"parent":0,"menu_order":0,"comment_status":"closed","ping_status":"closed","template":"","meta":{"ngg_post_thumbnail":0,"footnotes":""},"class_list":["post-5111","page","type-page","status-publish"],"_links":{"self":[{"href":"https:\/\/kokkolaopera.com\/de\/wp-json\/wp\/v2\/pages\/5111","targetHints":{"allow":["GET"]}}],"collection":[{"href":"https:\/\/kokkolaopera.com\/de\/wp-json\/wp\/v2\/pages"}],"about":[{"href":"https:\/\/kokkolaopera.com\/de\/wp-json\/wp\/v2\/types\/page"}],"author":[{"embeddable":true,"href":"https:\/\/kokkolaopera.com\/de\/wp-json\/wp\/v2\/users\/1"}],"replies":[{"embeddable":true,"href":"https:\/\/kokkolaopera.com\/de\/wp-json\/wp\/v2\/comments?post=5111"}],"version-history":[{"count":0,"href":"https:\/\/kokkolaopera.com\/de\/wp-json\/wp\/v2\/pages\/5111\/revisions"}],"wp:attachment":[{"href":"https:\/\/kokkolaopera.com\/de\/wp-json\/wp\/v2\/media?parent=5111"}],"curies":[{"name":"wp","href":"https:\/\/api.w.org\/{rel}","templated":true}]}}